{"id":6688,"date":"2020-12-06T19:11:53","date_gmt":"2020-12-06T19:11:53","guid":{"rendered":"https:\/\/social-market.pl\/?post_type=product&#038;p=6688"},"modified":"2026-04-16T16:06:20","modified_gmt":"2026-04-16T14:06:20","slug":"komentarze-na-instagramie","status":"publish","type":"product","link":"https:\/\/social-market.pl\/ar\/komentarze-na-instagramie\/","title":{"rendered":"\u062a\u0639\u0644\u064a\u0642\u0627\u062a \u0639\u0644\u0649 \u0625\u0646\u0633\u062a\u063a\u0631\u0627\u0645"},"content":{"rendered":"<h2 style=\"text-align: center;\">Dlaczego warto kupi\u0107 komentarze na Instagramie?<\/h2>\n<p>Komentarze s\u0105 najbardziej aktywn\u0105 form\u0105 aktywno\u015bci na profilu, a do tego \u017ar\u00f3d\u0142em opinii. Du\u017ca liczba komentarzy pod postem sprawia, \u017ce wydaje si\u0119 on popularny. Ludzie ch\u0119tniej obejrz\u0105 to zdj\u0119cie, pod kt\u00f3rym liczba komentarzy jest wy\u017csza.<\/p>\n<p>Oczywi\u015bcie istnieje kilka czynnik\u00f3w wp\u0142ywaj\u0105cych na popularno\u015b\u0107 posta na Instagramie. Bezsprzecznie jednym z najwa\u017cniejszych jest liczba otrzymywanych komentarzy, kt\u00f3re znacznie zwi\u0119kszaj\u0105 wsp\u00f3\u0142czynnik interakcji i zaanga\u017cowania w Twoj\u0105 tre\u015b\u0107. Dzi\u0119ki temu konto nabierze realistycznego i profesjonalnego charakteru. Komentarze na Instagramie pochodz\u0105 z ca\u0142ego \u015bwiata!<\/p>\n<p>Jest to jeden z podstawowych sposob\u00f3w interakcji u\u017cytkownika z materia\u0142em, kt\u00f3ry ogl\u0105da na Instagramie. O ile polubienie jest r\u00f3wnie\u017c niezb\u0119dne, o tyle komentarze s\u0105 odr\u0119bnym i bardziej aktywnym rodzajem zaanga\u017cowania, dlatego wymagaj\u0105 wi\u0119cej pracy.<\/p>\n<p>Marketerzy, firmy i influencerzy na Instagramie zazwyczaj korzystaj\u0105 z sekcji komentarzy, aby nawi\u0105za\u0107 kontakt ze swoimi obserwuj\u0105cymi. Komentarze s\u0105 bardziej istotne, poniewa\u017c pochodz\u0105 od ludzi na Instagramie. Mo\u017cesz zleci\u0107 nam zdobywanie komentarzy do swoich post\u00f3w na Instagramie.<\/p>\n<p>Kupowanie komentarzy to dobra technika, dzi\u0119ki kt\u00f3rej Twoje posty zyskaj\u0105 na popularno\u015bci. W por\u00f3wnaniu do zdj\u0119\u0107 bez komentarzy, posty z wieloma dyskusjami s\u0105 ch\u0119tniej ogl\u0105dane. W zwi\u0105zku z tym, je\u015bli pod swoimi wpisami zamie\u015bcisz komentarze, przyci\u0105gniesz wiele os\u00f3b. Niekt\u00f3rzy z nich polubi\u0105 lub skomentuj\u0105 Twoje zdj\u0119cia, a by\u0107 mo\u017ce kilku z nich zacznie Ci\u0119 \u015bledzi\u0107 tylko dlatego, \u017ce wydajesz si\u0119 by\u0107 znany. Kupuj\u0105c od nas tylko jeden produkt, masz szans\u0119 na zdobycie organicznych polubie\u0144, komentarzy i obserwator\u00f3w. Dzi\u0119ki temu Tw\u00f3j profil stanie si\u0119 bardziej aktywny ni\u017c kiedykolwiek wcze\u015bniej.<\/p>\n<h2 style=\"text-align: center;\">Jak kupowa\u0107 komentarze na Instagramie?<\/h2>\n<p>Teraz, gdy znasz ju\u017c szczeg\u00f3\u0142y naszych us\u0142ug i wiesz dlaczego powiniene\u015b z nich skorzysta\u0107, poka\u017cemy Ci jak to zrobi\u0107. Post\u0119puj zgodnie z naszym przewodnikiem krok po kroku, aby pomy\u015blnie zako\u0144czy\u0107 p\u0142atno\u015b\u0107. Oto kroki:<\/p>\n<p>1. Wybierz interesuj\u0105cy Ci\u0119 pakiet.<\/p>\n<p>2. Wklej adres URL w wyznaczonym polu.<\/p>\n<p>3. Zap\u0142a\u0107 online za pomoc\u0105 najbezpieczniejszych dost\u0119pnych metod p\u0142atno\u015bci. Po otrzymaniu Twojej transakcji natychmiast rozpoczniemy realizacj\u0119 zam\u00f3wienia.<\/p>\n<p>&nbsp;<\/p>\n<h2 style=\"text-align: center;\">Dlaczego Social-Market.pl?<\/h2>\n<p>Social-Market.pl to miejsce, w kt\u00f3rym dokonasz w pe\u0142ni bezpiecznego i pewnego zakupu. Ca\u0142y proces zakupu jest dziecinnie prosty, jednak zdajemy sobie spraw\u0119 z nieoczekiwanych problem\u00f3w. Dlatego bez obaw \u2013 jeste\u015bmy do Twojej dyspozycji 24\/7 i zapewniamy pomoc na ka\u017cdym kroku.<\/p>\n<p>&nbsp;<\/p>","protected":false},"excerpt":{"rendered":"<p>Dlaczego warto kupi\u0107 komentarze na Instagramie? Komentarze s\u0105 najbardziej aktywn\u0105 form\u0105 aktywno\u015bci na profilu, a do tego \u017ar\u00f3d\u0142em opinii. Du\u017ca liczba komentarzy pod postem sprawia, \u017ce wydaje si\u0119 on popularny. Ludzie ch\u0119tniej obejrz\u0105 to zdj\u0119cie, pod kt\u00f3rym liczba komentarzy jest wy\u017csza. Oczywi\u015bcie istnieje kilka czynnik\u00f3w wp\u0142ywaj\u0105cych na popularno\u015b\u0107 posta na Instagramie. Bezsprzecznie jednym z najwa\u017cniejszych [&hellip;]<\/p>","protected":false},"featured_media":6832,"comment_status":"open","ping_status":"closed","template":"","meta":[],"product_brand":[],"product_cat":[97],"product_tag":[],"class_list":{"0":"post-6688","1":"product","2":"type-product","3":"status-publish","4":"has-post-thumbnail","6":"product_cat-instagram","8":"first","9":"instock","10":"sale","11":"taxable","12":"shipping-taxable","13":"purchasable","14":"product-type-variable"},"_links":{"self":[{"href":"https:\/\/social-market.pl\/ar\/wp-json\/wp\/v2\/product\/6688","targetHints":{"allow":["GET"]}}],"collection":[{"href":"https:\/\/social-market.pl\/ar\/wp-json\/wp\/v2\/product"}],"about":[{"href":"https:\/\/social-market.pl\/ar\/wp-json\/wp\/v2\/types\/product"}],"replies":[{"embeddable":true,"href":"https:\/\/social-market.pl\/ar\/wp-json\/wp\/v2\/comments?post=6688"}],"wp:featuredmedia":[{"embeddable":true,"href":"https:\/\/social-market.pl\/ar\/wp-json\/wp\/v2\/media\/6832"}],"wp:attachment":[{"href":"https:\/\/social-market.pl\/ar\/wp-json\/wp\/v2\/media?parent=6688"}],"wp:term":[{"taxonomy":"product_brand","embeddable":true,"href":"https:\/\/social-market.pl\/ar\/wp-json\/wp\/v2\/product_brand?post=6688"},{"taxonomy":"product_cat","embeddable":true,"href":"https:\/\/social-market.pl\/ar\/wp-json\/wp\/v2\/product_cat?post=6688"},{"taxonomy":"product_tag","embeddable":true,"href":"https:\/\/social-market.pl\/ar\/wp-json\/wp\/v2\/product_tag?post=6688"}],"curies":[{"name":"wp","href":"https:\/\/api.w.org\/{rel}","templated":true}]}}