{"id":6763,"date":"2020-12-06T23:23:04","date_gmt":"2020-12-06T23:23:04","guid":{"rendered":"https:\/\/social-market.pl\/?post_type=product&#038;p=6763"},"modified":"2024-02-27T19:41:42","modified_gmt":"2024-02-27T18:41:42","slug":"lajki-like-tiktok","status":"publish","type":"product","link":"https:\/\/social-market.pl\/ar\/lajki-like-tiktok\/","title":{"rendered":"\u0625\u0639\u062c\u0627\u0628\u0627\u062a \u062a\u064a\u0643 \u062a\u0648\u0643"},"content":{"rendered":"<h2 style=\"text-align: center;\">Dlaczego warto kupi\u0107 like na TikTok?<\/h2>\n<p>Dla wielu ludzi TikTok sta\u0142 si\u0119 idealnym miejscem do zdobycia popularno\u015bci. Je\u017celi chcesz by\u0107 widoczny musisz zacz\u0105\u0107 dzia\u0142a\u0107. Jak mo\u017cesz to zrobi\u0107? Najlepszym sposobem, aby da\u0107 si\u0119 zauwa\u017cy\u0107 s\u0105 publikacje wysokiej jako\u015bci. Jednak nawet je\u015bli tre\u015b\u0107 jest naprawd\u0119 dobra, zdobycie szerokiego zasi\u0119gu mo\u017ce zaj\u0105\u0107 wi\u0119cej czasu ni\u017c my\u015blisz. By pomin\u0105\u0107 d\u0142ugi i \u017cmudny proces oczekiwania, mo\u017cesz kupi\u0107 polubienia TikTok i sprawi\u0107, aby Twoje konto w kr\u00f3tkim czasie sta\u0142o si\u0119 du\u017co lepiej widoczne. To najlepszy spos\u00f3b, aby szybko sta\u0107 si\u0119 Influencerem. Kup polubienia i daj do zrozumienia konkurencji, \u017ce maj\u0105 trudnego przeciwnika. Lajki (like) TikTok pochodz\u0105 z ca\u0142ego \u015bwiata!<\/p>\n<p>&nbsp;<\/p>\n<h2 style=\"text-align: center;\">Jak kupowa\u0107 polubienia na TikTok?<\/h2>\n<p>Teraz, gdy znasz ju\u017c szczeg\u00f3\u0142y naszych us\u0142ug i wiesz dlaczego powiniene\u015b z nich skorzysta\u0107, poka\u017cemy Ci jak to zrobi\u0107. Post\u0119puj zgodnie z naszym przewodnikiem krok po kroku, aby pomy\u015blnie zako\u0144czy\u0107 p\u0142atno\u015b\u0107. Oto kroki:<\/p>\n<p>1. Wybierz interesuj\u0105cy Ci\u0119 pakiet.<\/p>\n<p>2. Wklej adres URL w wyznaczonym polu.<\/p>\n<p>3. Zap\u0142a\u0107 online za pomoc\u0105 najbezpieczniejszych dost\u0119pnych metod p\u0142atno\u015bci. Po otrzymaniu Twojej transakcji natychmiast rozpoczniemy realizacj\u0119 zam\u00f3wienia.<\/p>\n<p>&nbsp;<\/p>\n<h2 style=\"text-align: center;\">Dlaczego Social-Market.pl?<\/h2>\n<p>Social-Market.pl to miejsce, w kt\u00f3rym dokonasz w pe\u0142ni bezpiecznego i pewnego zakupu. Ca\u0142y proces zakupu jest dziecinnie prosty, jednak zdajemy sobie spraw\u0119 z nieoczekiwanych problem\u00f3w. Dlatego bez obaw \u2013 jeste\u015bmy do Twojej dyspozycji 24\/7 i zapewniamy pomoc na ka\u017cdym kroku.<\/p>","protected":false},"excerpt":{"rendered":"<p>Dlaczego warto kupi\u0107 like na TikTok? Dla wielu ludzi TikTok sta\u0142 si\u0119 idealnym miejscem do zdobycia popularno\u015bci. Je\u017celi chcesz by\u0107 widoczny musisz zacz\u0105\u0107 dzia\u0142a\u0107. Jak mo\u017cesz to zrobi\u0107? Najlepszym sposobem, aby da\u0107 si\u0119 zauwa\u017cy\u0107 s\u0105 publikacje wysokiej jako\u015bci. Jednak nawet je\u015bli tre\u015b\u0107 jest naprawd\u0119 dobra, zdobycie szerokiego zasi\u0119gu mo\u017ce zaj\u0105\u0107 wi\u0119cej czasu ni\u017c my\u015blisz. By [&hellip;]<\/p>","protected":false},"featured_media":6821,"comment_status":"open","ping_status":"closed","template":"","meta":[],"product_brand":[],"product_cat":[95],"product_tag":[],"class_list":{"0":"post-6763","1":"product","2":"type-product","3":"status-publish","4":"has-post-thumbnail","6":"product_cat-tiktok","8":"first","9":"instock","10":"sale","11":"taxable","12":"shipping-taxable","13":"purchasable","14":"product-type-variable"},"_links":{"self":[{"href":"https:\/\/social-market.pl\/ar\/wp-json\/wp\/v2\/product\/6763","targetHints":{"allow":["GET"]}}],"collection":[{"href":"https:\/\/social-market.pl\/ar\/wp-json\/wp\/v2\/product"}],"about":[{"href":"https:\/\/social-market.pl\/ar\/wp-json\/wp\/v2\/types\/product"}],"replies":[{"embeddable":true,"href":"https:\/\/social-market.pl\/ar\/wp-json\/wp\/v2\/comments?post=6763"}],"wp:featuredmedia":[{"embeddable":true,"href":"https:\/\/social-market.pl\/ar\/wp-json\/wp\/v2\/media\/6821"}],"wp:attachment":[{"href":"https:\/\/social-market.pl\/ar\/wp-json\/wp\/v2\/media?parent=6763"}],"wp:term":[{"taxonomy":"product_brand","embeddable":true,"href":"https:\/\/social-market.pl\/ar\/wp-json\/wp\/v2\/product_brand?post=6763"},{"taxonomy":"product_cat","embeddable":true,"href":"https:\/\/social-market.pl\/ar\/wp-json\/wp\/v2\/product_cat?post=6763"},{"taxonomy":"product_tag","embeddable":true,"href":"https:\/\/social-market.pl\/ar\/wp-json\/wp\/v2\/product_tag?post=6763"}],"curies":[{"name":"wp","href":"https:\/\/api.w.org\/{rel}","templated":true}]}}