{"id":9595,"date":"2025-06-11T21:32:50","date_gmt":"2025-06-11T19:32:50","guid":{"rendered":"https:\/\/social-market.pl\/?post_type=product&#038;p=9595"},"modified":"2025-06-11T22:04:14","modified_gmt":"2025-06-11T20:04:14","slug":"x-twitter-klikniecia-profilu","status":"publish","type":"product","link":"https:\/\/social-market.pl\/ar\/x-twitter-klikniecia-profilu\/","title":{"rendered":"X (twitter) klikni\u0119cia profilu"},"content":{"rendered":"<p>Zwi\u0119ksz liczb\u0119 odwiedzin swojego profilu na X (Twitterze) dzi\u0119ki us\u0142udze Klikni\u0119cia Profilu. To skuteczny spos\u00f3b na przyci\u0105gni\u0119cie uwagi u\u017cytkownik\u00f3w, kt\u00f3rzy mog\u0105 sta\u0107 si\u0119 nowymi obserwatorami, klientami lub partnerami biznesowymi.<\/p>\n<p>Us\u0142uga zapewnia realne klikni\u0119cia w Tw\u00f3j profil przez aktywnych u\u017cytkownik\u00f3w, co pozytywnie wp\u0142ywa na algorytm platformy i wzmacnia Tw\u00f3j wizerunek. Wi\u0119cej klikni\u0119\u0107 to wi\u0119cej mo\u017cliwo\u015bci \u2013 Tw\u00f3j profil staje si\u0119 bardziej widoczny i atrakcyjny dla nowych odbiorc\u00f3w.<\/p>\n<p>Dlaczego warto?<\/p>\n<p>Zwi\u0119kszasz zainteresowanie swoim kontem i jego zawarto\u015bci\u0105.<\/p>\n<p>Budujesz wiarygodno\u015b\u0107 i presti\u017c profilu.<\/p>\n<p>Poprawiasz og\u00f3lny zasi\u0119g oraz potencja\u0142 wzrostu followers\u00f3w.<\/p>\n<p>Nie wymagamy logowania \u2013 wystarczy link do tweeta lub bezpo\u015brednio do profilu. Wszystko odbywa si\u0119 szybko, bezpiecznie i naturalnie.<\/p>","protected":false},"excerpt":{"rendered":"<p>Zwi\u0119ksz liczb\u0119 odwiedzin swojego profilu na X \u2013 realni u\u017cytkownicy, wi\u0119ksza widoczno\u015b\u0107, wi\u0119cej szans na obserwacje!<\/p>","protected":false},"featured_media":9611,"comment_status":"open","ping_status":"closed","template":"","meta":[],"product_brand":[],"product_cat":[111],"product_tag":[],"class_list":{"0":"post-9595","1":"product","2":"type-product","3":"status-publish","4":"has-post-thumbnail","6":"product_cat-x-twitter","8":"first","9":"instock","10":"sale","11":"taxable","12":"shipping-taxable","13":"purchasable","14":"product-type-variable"},"_links":{"self":[{"href":"https:\/\/social-market.pl\/ar\/wp-json\/wp\/v2\/product\/9595","targetHints":{"allow":["GET"]}}],"collection":[{"href":"https:\/\/social-market.pl\/ar\/wp-json\/wp\/v2\/product"}],"about":[{"href":"https:\/\/social-market.pl\/ar\/wp-json\/wp\/v2\/types\/product"}],"replies":[{"embeddable":true,"href":"https:\/\/social-market.pl\/ar\/wp-json\/wp\/v2\/comments?post=9595"}],"wp:featuredmedia":[{"embeddable":true,"href":"https:\/\/social-market.pl\/ar\/wp-json\/wp\/v2\/media\/9611"}],"wp:attachment":[{"href":"https:\/\/social-market.pl\/ar\/wp-json\/wp\/v2\/media?parent=9595"}],"wp:term":[{"taxonomy":"product_brand","embeddable":true,"href":"https:\/\/social-market.pl\/ar\/wp-json\/wp\/v2\/product_brand?post=9595"},{"taxonomy":"product_cat","embeddable":true,"href":"https:\/\/social-market.pl\/ar\/wp-json\/wp\/v2\/product_cat?post=9595"},{"taxonomy":"product_tag","embeddable":true,"href":"https:\/\/social-market.pl\/ar\/wp-json\/wp\/v2\/product_tag?post=9595"}],"curies":[{"name":"wp","href":"https:\/\/api.w.org\/{rel}","templated":true}]}}