{"id":7350,"date":"2021-02-16T12:27:14","date_gmt":"2021-02-16T12:27:14","guid":{"rendered":"https:\/\/social-market.pl\/?page_id=7350"},"modified":"2021-12-14T11:41:33","modified_gmt":"2021-12-14T10:41:33","slug":"polityka-prywatnosci","status":"publish","type":"page","link":"https:\/\/social-market.pl\/cs\/polityka-prywatnosci\/","title":{"rendered":"Polityka prywatno\u015bci"},"content":{"rendered":"<p><strong>POLITYKA PRYWATNO\u015aCI<br>STRONY INTERNETOWEJ HTTPS:\/\/SOCIAL-MARKET.PL\/<\/strong><\/p>\n\n\n\n<p><br><br>1. Dla W\u0142a\u015bciciela niniejszej strony internetowej, ochrona danych osobowych U\u017cytkownik\u00f3w jest spraw\u0105 najwy\u017cszej wagi. Dok\u0142ada on ogrom stara\u0144, aby U\u017cytkownicy czuli si\u0119 bezpiecznie, powierzaj\u0105c swoje dane osobowe w&nbsp;trakcie korzystania ze&nbsp;strony internetowej.<\/p>\n\n\n\n<p><br>2. U\u017cytkownik to&nbsp;osoba fizyczna, osoba prawna albo jednostka organizacyjna nieposiadaj\u0105ca osobowo\u015bci prawnej, kt\u00f3rej ustawa przyznaje zdolno\u015b\u0107 prawn\u0105, korzystaj\u0105ca z&nbsp;us\u0142ug elektronicznych dost\u0119pnych w&nbsp;ramach strony internetowej.<\/p>\n\n\n\n<p>3. Niniejsza polityka prywatno\u015bci wyja\u015bnia zasady i&nbsp;zakres przetwarzania danych osobowych U\u017cytkownika, przys\u0142uguj\u0105ce mu prawa, jak te\u017c obowi\u0105zki administratora tych danych, a&nbsp;tak\u017ce informuje o&nbsp;u\u017cywaniu plik\u00f3w cookies.<\/p>\n\n\n\n<p>4. Administrator stosuje najnowocze\u015bniejsze \u015brodki techniczne i&nbsp;rozwi\u0105zania organizacyjne, zapewniaj\u0105ce wysoki poziom ochrony przetwarzanych danych osobowych oraz zabezpieczenia przed dost\u0119pem os\u00f3b nieupowa\u017cnionych.<\/p>\n\n\n\n<p><strong><br>I. ADMINISTRATOR DANYCH OSOBOWYCH<\/strong><\/p>\n\n\n\n<p><br><\/p>\n\n\n\n<figure class=\"wp-block-image size-full\"><img fetchpriority=\"high\" decoding=\"async\" width=\"571\" height=\"111\" src=\"https:\/\/social-market.pl\/wp-content\/uploads\/2021\/12\/image-3.png\" alt=\"\" class=\"wp-image-8800\" title=\"\" srcset=\"https:\/\/social-market.pl\/wp-content\/uploads\/2021\/12\/image-3.png 571w, https:\/\/social-market.pl\/wp-content\/uploads\/2021\/12\/image-3-300x58.png 300w, https:\/\/social-market.pl\/wp-content\/uploads\/2021\/12\/image-3-150x29.png 150w\" sizes=\"(max-width: 571px) 100vw, 571px\" \/><\/figure>\n\n\n\n<p><strong><br>II. CEL PRZETWARZANIA DANYCH OSOBOWYCH<\/strong><\/p>\n\n\n\n<p><br>1. Administrator przetwarza dane osobowe U\u017cytkownika w&nbsp;celu:<\/p>\n\n\n\n<p>-prawid\u0142owego wykonywania um\u00f3w sprzeda\u017cowych zawartych w&nbsp;ramach sklepu internetowego<\/p>\n\n\n\n<p>2. Oznacza to, \u017ce dane te&nbsp;s\u0105 potrzebne w&nbsp;szczeg\u00f3lno\u015bci do<\/p>\n\n\n\n<p>a. zarejestrowania si\u0119 na stronie internetowej;<\/p>\n\n\n\n<p>b. zawarcia umowy;<\/p>\n\n\n\n<p>c. dokonania rozlicze\u0144;<\/p>\n\n\n\n<p>d. dostarczenia zam\u00f3wionego przez U\u017cytkownika towaru lub&nbsp;wykonanie us\u0142ug;<\/p>\n\n\n\n<p>3. U\u017cytkownik mo\u017ce r\u00f3wnie\u017c wyrazi\u0107 zgod\u0119 na otrzymywanie informacji o&nbsp;nowo\u015bciach i&nbsp;promocjach, co spowoduje, \u017ce administrator b\u0119dzie r\u00f3wnie\u017c przetwarza\u0107 dane osobowe w&nbsp;celu przesy\u0142ania U\u017cytkownikowi informacji handlowych dotycz\u0105cych m.in. nowych produkt\u00f3w lub&nbsp;us\u0142ug, promocji czy wyprzeda\u017cy.<\/p>\n\n\n\n<p>4. Dane osobowe s\u0105 r\u00f3wnie\u017c przetwarzane w&nbsp;ramach wype\u0142nienia prawnych obowi\u0105zk\u00f3w ci\u0105\u017c\u0105cych na administratorze danych oraz realizacji zada\u0144 w&nbsp;interesie publicznym m.in. do wykonywania zada\u0144 zwi\u0105zanych z&nbsp;bezpiecze\u0144stwem i&nbsp;obronno\u015bci\u0105 lub&nbsp;przechowywaniem dokumentacji podatkowej.<\/p>\n\n\n\n<p>5. Dane osobowe mog\u0105 by\u0107 r\u00f3wnie\u017c przetwarzane w&nbsp;celach marketingu bezpo\u015bredniego produkt\u00f3w, zabezpieczenia i&nbsp;dochodzenia roszcze\u0144 lub&nbsp;ochrony przed roszczeniami U\u017cytkownika lub&nbsp;osoby trzeciej, jak r\u00f3wnie\u017c marketingu us\u0142ug i&nbsp;produkt\u00f3w podmiot\u00f3w trzecich lub&nbsp;marketingu w\u0142asnego, nieb\u0119d\u0105cego marketingiem bezpo\u015brednim.<\/p>\n\n\n\n<p><strong><br>III. RODZAJ DANYCH<\/strong><\/p>\n\n\n\n<p><br>1. Administrator przetwarza nast\u0119puj\u0105ce dane osobowe, kt\u00f3rych podanie jest niezb\u0119dne do:<\/p>\n\n\n\n<p>a. zarejestrowania si\u0119 na stronie internetowej:<\/p>\n\n\n\n<p>&#8211; imi\u0119 i&nbsp;nazwisko;&nbsp; &nbsp;<br>&#8211; adres e-mail;<\/p>\n\n\n\n<p>b. dokonywania zakup\u00f3w za pomoc\u0105 strony internetowej:<\/p>\n\n\n\n<p>&#8211; imi\u0119 i&nbsp;nazwisko;&nbsp; &nbsp;<br>&#8211; p\u0142e\u0107;&nbsp;&nbsp;&nbsp;&nbsp;&nbsp;&nbsp;&nbsp;&nbsp; &nbsp;<br>&#8211; adres dostawy;&nbsp;&nbsp; &nbsp;<br>&#8211; numer telefonu;&nbsp; &nbsp;<br>&#8211; adres e-mail;<\/p>\n\n\n\n<p>c. Dane podawane przez U\u017cytkownika opcjonalnie:<\/p>\n\n\n\n<p>&#8211; data urodzenia;&nbsp; &nbsp;<br>&#8211; numer PESEL (w przypadku \u017c\u0105dania wystawienia faktury);&nbsp;&nbsp;&nbsp;&nbsp;&nbsp;&nbsp;&nbsp;&nbsp; &nbsp;<br>&#8211; numer NIP (w przypadku \u017c\u0105dania wystawienia faktury dla przedsi\u0119biorcy).<\/p>\n\n\n\n<p><strong><br>IV. PODSTAWA PRAWNA PRZETWARZANIA DANYCH OSOBOWYCH<\/strong><\/p>\n\n\n\n<p><br>1. Dane osobowe s\u0105 przetwarzane zgodnie z&nbsp;przepisami Rozporz\u0105dzenia Parlamentu Europejskiego i&nbsp;Rady (UE) 2016\/679 z&nbsp;dnia 27 kwietnia 2016 r. w&nbsp;sprawie ochrony os\u00f3b fizycznych w&nbsp;zwi\u0105zku z&nbsp;przetwarzaniem danych osobowych i&nbsp;w sprawie swobodnego przep\u0142ywu takich danych oraz uchylenia dyrektywy 95\/46\/WE (og\u00f3lne rozporz\u0105dzenie o&nbsp;ochronie danych), OJ L 119, 4.5.2016, p. 1\u201388, dalej zwane: \u201e<strong>rozporz\u0105dzenie RODO<\/strong>&#8222;.<\/p>\n\n\n\n<p>2. Administrator przetwarza dane osobowe wy\u0142\u0105cznie po uprzednim uzyskaniu zgody U\u017cytkownika, wyra\u017conej w&nbsp;chwili rejestracji na stronie internetowej lub&nbsp;w chwili potwierdzenia dokonanej na stronie internetowej transakcji.<\/p>\n\n\n\n<p>3. Wyra\u017cenie zgody na przetwarzanie danych osobowych jest ca\u0142kowicie dobrowolne, jednak\u017ce brak jej udzielenia uniemo\u017cliwia zarejestrowanie si\u0119 na stronie internetowej oraz dokonywanie zakup\u00f3w za po\u015brednictwem strony internetowej.<\/p>\n\n\n\n<p><strong><br>V. PRAWA PRZYS\u0141UGUJ\u0104CE U\u017bYTKOWNIKOWI<\/strong><\/p>\n\n\n\n<p><br>1. U\u017cytkownik mo\u017ce w&nbsp;ka\u017cdej chwili za\u017c\u0105da\u0107 od administratora informacji o&nbsp;zakresie przetwarzania danych osobowych.<\/p>\n\n\n\n<p>2. U\u017cytkownik mo\u017ce w&nbsp;ka\u017cdej chwili za\u017c\u0105da\u0107 poprawienia b\u0105d\u017a sprostowania swoich danych osobowych. U\u017cytkownik mo\u017ce to&nbsp;r\u00f3wnie\u017c zrobi\u0107 samodzielnie, po zalogowaniu si\u0119 na swoje konto.<\/p>\n\n\n\n<p>3. U\u017cytkownik mo\u017ce w&nbsp;ka\u017cdej chwili wycofa\u0107 swoj\u0105 zgod\u0119 na przetwarzanie jego danych osobowych, bez podawania przyczyny. \u017b\u0105danie nieprzetwarzania danych mo\u017ce dotyczy\u0107 wskazanego przez U\u017cytkownika konkretnego celu przetwarzania np. wycofanie zgody na otrzymywanie informacji handlowych b\u0105d\u017a dotyczy\u0107 wszystkich cel\u00f3w przetwarzania danych. Wycofanie zgody co do wszystkich cel\u00f3w przetwarzania spowoduje, \u017ce konto U\u017cytkownika zostanie usuni\u0119te ze&nbsp;strony internetowej, wraz ze&nbsp;wszystkimi wcze\u015bniej przetwarzanymi przez administratora danymi osobowymi U\u017cytkownika. Wycofanie zgody nie wp\u0142ynie na ju\u017c dokonane czynno\u015bci.<\/p>\n\n\n\n<p>4. U\u017cytkownik mo\u017ce w&nbsp;ka\u017cdej chwili \u017c\u0105da\u0107, bez podawania przyczyny, aby administrator usun\u0105\u0142 Jego dane. \u017b\u0105danie usuni\u0119cia danych nie wp\u0142ynie na dotychczas dokonane czynno\u015bci. Usuni\u0119cie danych oznacza jednoczesne usuni\u0119cie konta U\u017cytkownika, wraz ze&nbsp;wszystkimi zapisanymi i&nbsp;przetwarzanymi do tej pory przez administratora danymi osobowymi.<\/p>\n\n\n\n<p>5. U\u017cytkownik mo\u017ce w&nbsp;ka\u017cdej chwili wyrazi\u0107 sprzeciw przeciwko przetwarzaniu danych osobowych, zar\u00f3wno w&nbsp;zakresie wszystkich przetwarzanych przez administratora danych osobowych U\u017cytkownika, jak r\u00f3wnie\u017c jedynie w&nbsp;ograniczonym zakresie np. co do przetwarzania danych w&nbsp;konkretnie wskazanym celu. Sprzeciw nie wp\u0142ynie na dotychczas dokonane czynno\u015bci. Wniesienie sprzeciwu spowoduje usuni\u0119cie konta U\u017cytkownika, wraz ze&nbsp;wszystkimi zapisanymi i&nbsp;przetwarzanymi do tej pory, przez administratora, danymi osobowymi.<\/p>\n\n\n\n<p>6. U\u017cytkownik mo\u017ce za\u017c\u0105da\u0107 ograniczenia przetwarzania danych osobowych, czy to&nbsp;przez okre\u015blony czas, czy te\u017c bez ograniczenia czasowego, ale w&nbsp;okre\u015blonym zakresie, co administrator b\u0119dzie obowi\u0105zany spe\u0142ni\u0107. \u017b\u0105danie to&nbsp;nie wp\u0142ynie na dotychczas dokonane czynno\u015bci.<\/p>\n\n\n\n<p>7. U\u017cytkownik mo\u017ce za\u017c\u0105da\u0107, aby administrator przekaza\u0142 innemu podmiotowi, przetwarzane dane osobowe U\u017cytkownika. Powinien w&nbsp;tym celu napisa\u0107 pro\u015bb\u0119 do administratora, wskazuj\u0105c, jakiemu podmiotowi (nazwa, adres) nale\u017cy przekaza\u0107 dane osobowe U\u017cytkownika oraz jakie konkretnie dane U\u017cytkownik \u017cyczy sobie, \u017ceby administrator przekaza\u0142. Po potwierdzeniu przez U\u017cytkownika swojego \u017cyczenia, administrator przeka\u017ce, w&nbsp;formie elektronicznej, wskazanemu podmiotowi, dane osobowe U\u017cytkownika. Potwierdzenie przez U\u017cytkownika \u017c\u0105dania jest niezb\u0119dne z&nbsp;uwagi na bezpiecze\u0144stwo danych osobowych U\u017cytkownika oraz uzyskanie pewno\u015bci, \u017ce \u017c\u0105danie pochodzi od osoby uprawnionej.<\/p>\n\n\n\n<p>8. Administrator informuje U\u017cytkownika o&nbsp;podj\u0119tych dzia\u0142aniach, przed up\u0142ywem miesi\u0105ca od otrzymania jednego z&nbsp;\u017c\u0105da\u0144 wymienionych w&nbsp;poprzednich punktach.<\/p>\n\n\n\n<p><strong><br>VI. OKRES PRZECHOWYWANIA DANYCH OSOBOWYCH<\/strong><\/p>\n\n\n\n<p><br>1. Zasadniczo dane osobowe s\u0105 przechowywane tylko tak d\u0142ugo, jak to&nbsp;jest konieczne do wype\u0142nienia zobowi\u0105za\u0144 umownych lub&nbsp;ustawowych, dla kt\u00f3rych zosta\u0142y one zgromadzone. Dane te&nbsp;zostan\u0105 usuni\u0119te natychmiast, gdy ich przechowywanie nie b\u0119dzie konieczne, w&nbsp;celach dowodowych, zgodnie z&nbsp;prawem cywilnym lub&nbsp;w zwi\u0105zku z&nbsp;ustawowym obowi\u0105zkiem przechowywania danych.<\/p>\n\n\n\n<p>2. Informacje dotycz\u0105ce umowy przechowuje si\u0119 w&nbsp;celach dowodowych, przez okres trzech lat, pocz\u0105wszy od ko\u0144ca roku, w&nbsp;kt\u00f3rym zako\u0144czono relacje handlowe z&nbsp;U\u017cytkownikiem. Usuni\u0119cie danych nast\u0105pi po up\u0142ywie ustawowego terminu przedawnienia dochodzenia roszcze\u0144 umownych.<\/p>\n\n\n\n<p>3. Ponadto, administrator mo\u017ce zachowa\u0107 informacje archiwalne, dotycz\u0105ce zawartych transakcji, gdy\u017c ich przechowywanie jest zwi\u0105zane z&nbsp;przys\u0142uguj\u0105cymi U\u017cytkownikowi roszczeniami np. z&nbsp;tytu\u0142u r\u0119kojmi.<\/p>\n\n\n\n<p>4. Je\u015bli \u017cadna umowa nie zosta\u0142a zawarta, mi\u0119dzy U\u017cytkownikiem i&nbsp;W\u0142a\u015bcicielem, dane osobowe U\u017cytkownika s\u0105 przechowywane do czasu usuni\u0119cia konta U\u017cytkownika na stronie internetowej. Usuni\u0119cie konta mo\u017ce nast\u0105pi\u0107 w&nbsp;wyniku wysuni\u0119cia \u017c\u0105dania przez U\u017cytkownika, wycofania zgody na przetwarzanie danych osobowych, b\u0105d\u017a te\u017c zg\u0142oszenia sprzeciwu co do przetwarzania tych danych.<\/p>\n\n\n\n<p><strong><br>VII. POWIERZENIE PRZETWARZANIA DANYCH INNYM PODMIOTOM<\/strong><\/p>\n\n\n\n<p><br>1. Administrator mo\u017ce powierza\u0107 przetwarzanie danych osobowych podmiotom wsp\u00f3\u0142pracuj\u0105cym z&nbsp;administratorem, w&nbsp;zakresie niezb\u0119dnym dla realizacji transakcji np. w&nbsp;celu przygotowania zam\u00f3wionego towaru oraz dostarczania przesy\u0142ek lub&nbsp;przekazywania informacji handlowych, pochodz\u0105cych od administratora (ostatnie dotyczy U\u017cytkownik\u00f3w, kt\u00f3rzy wyrazili zgod\u0119 na otrzymywanie informacji handlowych).<\/p>\n\n\n\n<p>2. Poza celami wskazanymi w&nbsp;niniejszej Polityce Prywatno\u015bci, dane osobowe U\u017cytkownik\u00f3w, nie b\u0119d\u0105 w&nbsp;\u017caden spos\u00f3b udost\u0119pniane osobom trzecim ani przekazywane innym podmiotom, w&nbsp;celu przesy\u0142ania materia\u0142\u00f3w marketingowych tych os\u00f3b trzecich.<\/p>\n\n\n\n<p>3. Dane osobowe U\u017cytkownik\u00f3w strony internetowej nie s\u0105 przekazywane poza obszar Unii Europejskiej.<\/p>\n\n\n\n<p>4. Niniejsza Polityka Prywatno\u015bci jest zgodna z&nbsp;przepisami wynikaj\u0105cymi z&nbsp;art. 13 ust. 1 i&nbsp;ust. 2 rozporz\u0105dzenia RODO.<\/p>\n\n\n\n<p><strong><br>VIII. PLIKI COOKIES<\/strong><\/p>\n\n\n\n<p><br>1. Strona internetowa u\u017cywa plik\u00f3w cookies (ciasteczka) lub&nbsp;podobn\u0105 technologi\u0119 (dalej \u0142\u0105cznie nazywane: &#8222;<strong>cookies<\/strong>&#8222;) do zbierania informacji o&nbsp;dost\u0119pie U\u017cytkownika do strony internetowej (np. za pomoc\u0105 komputera lub&nbsp;smartfonu) oraz jego preferencjach. S\u0105 one wykorzystywane m.in. w&nbsp;celach reklamowych i&nbsp;statystycznych oraz w&nbsp;celu dostosowania strony internetowej do indywidualnych potrzeb U\u017cytkownika.<\/p>\n\n\n\n<p>2. Pliki cookies to&nbsp;fragmenty informacji, kt\u00f3re zawieraj\u0105 unikalny kod referencyjny, kt\u00f3ry strona internetowa przesy\u0142a na urz\u0105dzenie U\u017cytkownika, w&nbsp;celu przechowywania, a&nbsp;czasem \u015bledzenia informacji dotycz\u0105cych u\u017cywanego urz\u0105dzenia. Zwykle nie pozwalaj\u0105 one zidentyfikowa\u0107 osoby U\u017cytkownika. Ich g\u0142\u00f3wnym zadaniem jest lepsze dopasowanie strony internetowej do U\u017cytkownika.<\/p>\n\n\n\n<p>3. Niekt\u00f3re z&nbsp;plik\u00f3w cookies, wyst\u0119puj\u0105ce na stronie internetowej, s\u0105 dost\u0119pne tylko przez czas trwania danej sesji internetowej i&nbsp;wygasaj\u0105 po zamkni\u0119ciu przegl\u0105darki. Inne pliki cookies s\u0142u\u017c\u0105 do zapami\u0119tywania U\u017cytkownika, kt\u00f3ry po powrocie na stron\u0119 internetow\u0105, jest na niej rozpoznawany. S\u0105 one w\u00f3wczas zachowywane przed d\u0142u\u017cszy czas.<\/p>\n\n\n\n<p>4. Pliki cookies u\u017cywane na niniejszej stronie internetowej to:<\/p>\n\n\n\n<p>_ga &#8211; 2 lata&nbsp;&nbsp;&nbsp;&nbsp;&nbsp;&nbsp;&nbsp; &nbsp;<br>_gid &#8211; miesi\u0105c<\/p>\n\n\n\n<p>5. Wszystkie pliki cookies, wyst\u0119puj\u0105ce na stronie internetowej, s\u0105 ustalane przez administratora.<\/p>\n\n\n\n<p>6. Wszystkie pliki cookies, u\u017cywane przez niniejsz\u0105 stron\u0119 internetow\u0105, s\u0105 zgodne z&nbsp;obowi\u0105zuj\u0105cym prawem Unii Europejskiej.<\/p>\n\n\n\n<p>7. Wi\u0119kszo\u015b\u0107 U\u017cytkownik\u00f3w i&nbsp;niekt\u00f3rych przegl\u0105darek mobilnych automatycznie akceptuje pliki cookies. Je\u017celi U\u017cytkownik nie zmieni ustawie\u0144, pliki cookies zostan\u0105 zapisane w&nbsp;pami\u0119ci urz\u0105dzenia.<\/p>\n\n\n\n<p>8. U\u017cytkownik mo\u017ce zmieni\u0107 preferencje dotycz\u0105ce akceptacji plik\u00f3w cookies lub&nbsp;zmieni\u0107 przegl\u0105dark\u0119, aby m\u00f3c otrzyma\u0107 za ka\u017cdym razem stosowne powiadomienie, gdy funkcja cookies jest ustawiona. Aby zmieni\u0107 ustawienia akceptacji cookies, nale\u017cy dostosowa\u0107 ustawienia w&nbsp;przegl\u0105darce.<\/p>\n\n\n\n<p>9. Warto pami\u0119ta\u0107, \u017ce blokowanie lub&nbsp;usuwanie plik\u00f3w cookies mo\u017ce uniemo\u017cliwi\u0107 pe\u0142ne korzystanie ze&nbsp;strony internetowej.<\/p>\n\n\n\n<p>10. Pliki cookies b\u0119d\u0105 wykorzystywane do niezb\u0119dnego zarz\u0105dzania sesj\u0105, w&nbsp;tym:<\/p>\n\n\n\n<p>a. Tworzenia specjalnej sesji logowania dla U\u017cytkownika strony internetowej, aby strona zapami\u0119ta\u0142a, \u017ce U\u017cytkownik jest zalogowany, a&nbsp;jego \u017c\u0105dania by\u0142y dostarczane w&nbsp;spos\u00f3b skuteczny, bezpieczny i&nbsp;sp\u00f3jny;<\/p>\n\n\n\n<p>b. Rozpoznawania U\u017cytkownika, kt\u00f3ry ju\u017c wcze\u015bniej odwiedzi\u0142 stron\u0119 internetow\u0105, co pozwala na identyfikacj\u0119 liczby unikalnych u\u017cytkownik\u00f3w, kt\u00f3rzy skorzystali z&nbsp;serwisu i&nbsp;pozwala upewni\u0107 si\u0119 co do wystarczaj\u0105cej pojemno\u015bci serwisu dla liczby nowych u\u017cytkownik\u00f3w;<\/p>\n\n\n\n<p>c. Rozpoznawania, czy osoba odwiedzaj\u0105ca stron\u0119 internetow\u0105 jest zarejestrowana na stronie internetowej;<\/p>\n\n\n\n<p>d. Rejestrowanie informacji z&nbsp;urz\u0105dzenia U\u017cytkownika, w&nbsp;tym: pliki cookies, adres IP i&nbsp;informacje o&nbsp;u\u017cywanej przegl\u0105darce, w&nbsp;celu mo\u017cliwo\u015bci diagnozowania problem\u00f3w, administrowania i&nbsp;\u015bledzenia U\u017cytkowania witryny;<\/p>\n\n\n\n<p>e. Dostosowywania element\u00f3w uk\u0142adu szaty graficznej lub&nbsp;zawarto\u015bci strony internetowej;<\/p>\n\n\n\n<p>f. Zbierania informacji statystycznych o&nbsp;tym, jak U\u017cytkownik korzysta ze&nbsp;strony, w&nbsp;celu mo\u017cliwo\u015bci ulepszania witryny i&nbsp;stwierdzenia, kt\u00f3re zakresy strony internetowej s\u0105 najbardziej popularne dla U\u017cytkownik\u00f3w.<\/p>","protected":false},"excerpt":{"rendered":"<p>POLITYKA PRYWATNO\u015aCISTRONY INTERNETOWEJ HTTPS:\/\/SOCIAL-MARKET.PL\/ 1. Dla W\u0142a\u015bciciela niniejszej strony internetowej, ochrona danych osobowych U\u017cytkownik\u00f3w jest spraw\u0105 najwy\u017cszej wagi. Dok\u0142ada on ogrom stara\u0144, aby U\u017cytkownicy czuli si\u0119 bezpiecznie, powierzaj\u0105c swoje dane osobowe w&nbsp;trakcie korzystania ze&nbsp;strony internetowej. 2. U\u017cytkownik to&nbsp;osoba fizyczna, osoba prawna albo jednostka organizacyjna nieposiadaj\u0105ca osobowo\u015bci prawnej, kt\u00f3rej ustawa przyznaje zdolno\u015b\u0107 prawn\u0105, korzystaj\u0105ca z&nbsp;us\u0142ug elektronicznych [&hellip;]<\/p>","protected":false},"author":1,"featured_media":6877,"parent":0,"menu_order":0,"comment_status":"closed","ping_status":"closed","template":"","meta":{"footnotes":""},"class_list":["post-7350","page","type-page","status-publish","has-post-thumbnail","hentry"],"_links":{"self":[{"href":"https:\/\/social-market.pl\/cs\/wp-json\/wp\/v2\/pages\/7350","targetHints":{"allow":["GET"]}}],"collection":[{"href":"https:\/\/social-market.pl\/cs\/wp-json\/wp\/v2\/pages"}],"about":[{"href":"https:\/\/social-market.pl\/cs\/wp-json\/wp\/v2\/types\/page"}],"author":[{"embeddable":true,"href":"https:\/\/social-market.pl\/cs\/wp-json\/wp\/v2\/users\/1"}],"replies":[{"embeddable":true,"href":"https:\/\/social-market.pl\/cs\/wp-json\/wp\/v2\/comments?post=7350"}],"version-history":[{"count":3,"href":"https:\/\/social-market.pl\/cs\/wp-json\/wp\/v2\/pages\/7350\/revisions"}],"predecessor-version":[{"id":8801,"href":"https:\/\/social-market.pl\/cs\/wp-json\/wp\/v2\/pages\/7350\/revisions\/8801"}],"wp:featuredmedia":[{"embeddable":true,"href":"https:\/\/social-market.pl\/cs\/wp-json\/wp\/v2\/media\/6877"}],"wp:attachment":[{"href":"https:\/\/social-market.pl\/cs\/wp-json\/wp\/v2\/media?parent=7350"}],"curies":[{"name":"wp","href":"https:\/\/api.w.org\/{rel}","templated":true}]}}