{"id":9557,"date":"2025-06-11T21:30:33","date_gmt":"2025-06-11T19:30:33","guid":{"rendered":"https:\/\/social-market.pl\/?post_type=product&#038;p=9557"},"modified":"2025-06-11T22:05:06","modified_gmt":"2025-06-11T20:05:06","slug":"instagram-livestream-ogladajacy","status":"publish","type":"product","link":"https:\/\/social-market.pl\/cs\/instagram-livestream-ogladajacy\/","title":{"rendered":"Instagram Livestream Ogl\u0105daj\u0105cy"},"content":{"rendered":"<p>Zwi\u0119ksz ogl\u0105dalno\u015b\u0107 swoich transmisji na \u017cywo dzi\u0119ki us\u0142udze Instagram Livestream Wy\u015bwietlenia! Je\u015bli chcesz, by Twoje live\u2019y przyci\u0105ga\u0142y uwag\u0119 i wygl\u0105da\u0142y na popularne \u2013 ta opcja jest dla Ciebie. Nasze wy\u015bwietlenia pochodz\u0105 od realnych i aktywnych u\u017cytkownik\u00f3w, co sprawia, \u017ce Twoja transmisja wygl\u0105da naturalnie i wzbudza wi\u0119ksze zainteresowanie.<\/p>\n<p>Wi\u0119ksza liczba widz\u00f3w podczas transmisji to nie tylko presti\u017c, ale r\u00f3wnie\u017c wy\u017csza pozycja w algorytmie Instagrama. Dzi\u0119ki temu Twoje live\u2019y b\u0119d\u0105 ch\u0119tniej polecane innym u\u017cytkownikom. Idealne rozwi\u0105zanie dla influencer\u00f3w, tw\u00f3rc\u00f3w, marek oraz firm, kt\u00f3re stawiaj\u0105 na interakcj\u0119 na \u017cywo.<\/p>\n<p>Realizacja nast\u0119puje szybko i bezpiecznie \u2013 nie wymagamy has\u0142a do konta ani \u017cadnych danych logowania. Zyskaj wi\u0119ksze zaanga\u017cowanie i profesjonalny wizerunek dzi\u0119ki rosn\u0105cej liczbie odbiorc\u00f3w na Twoich transmisjach.<\/p>","protected":false},"excerpt":{"rendered":"<p>Zwi\u0119ksz liczb\u0119 widz\u00f3w na transmisjach live na Instagramie. Realni u\u017cytkownicy, szybka realizacja, bezpieczny proces!<\/p>","protected":false},"featured_media":9584,"comment_status":"open","ping_status":"closed","template":"","meta":[],"product_brand":[],"product_cat":[97],"product_tag":[],"class_list":{"0":"post-9557","1":"product","2":"type-product","3":"status-publish","4":"has-post-thumbnail","6":"product_cat-instagram","8":"first","9":"instock","10":"sale","11":"taxable","12":"shipping-taxable","13":"purchasable","14":"product-type-variable"},"_links":{"self":[{"href":"https:\/\/social-market.pl\/cs\/wp-json\/wp\/v2\/product\/9557","targetHints":{"allow":["GET"]}}],"collection":[{"href":"https:\/\/social-market.pl\/cs\/wp-json\/wp\/v2\/product"}],"about":[{"href":"https:\/\/social-market.pl\/cs\/wp-json\/wp\/v2\/types\/product"}],"replies":[{"embeddable":true,"href":"https:\/\/social-market.pl\/cs\/wp-json\/wp\/v2\/comments?post=9557"}],"wp:featuredmedia":[{"embeddable":true,"href":"https:\/\/social-market.pl\/cs\/wp-json\/wp\/v2\/media\/9584"}],"wp:attachment":[{"href":"https:\/\/social-market.pl\/cs\/wp-json\/wp\/v2\/media?parent=9557"}],"wp:term":[{"taxonomy":"product_brand","embeddable":true,"href":"https:\/\/social-market.pl\/cs\/wp-json\/wp\/v2\/product_brand?post=9557"},{"taxonomy":"product_cat","embeddable":true,"href":"https:\/\/social-market.pl\/cs\/wp-json\/wp\/v2\/product_cat?post=9557"},{"taxonomy":"product_tag","embeddable":true,"href":"https:\/\/social-market.pl\/cs\/wp-json\/wp\/v2\/product_tag?post=9557"}],"curies":[{"name":"wp","href":"https:\/\/api.w.org\/{rel}","templated":true}]}}