{"id":9561,"date":"2025-06-11T21:30:33","date_gmt":"2025-06-11T19:30:33","guid":{"rendered":"https:\/\/social-market.pl\/?post_type=product&#038;p=9561"},"modified":"2025-06-11T22:04:55","modified_gmt":"2025-06-11T20:04:55","slug":"instagram-czlonkowie-kanalu-nadawczego","status":"publish","type":"product","link":"https:\/\/social-market.pl\/cs\/instagram-czlonkowie-kanalu-nadawczego\/","title":{"rendered":"Instagram cz\u0142onkowie kana\u0142u nadawczego"},"content":{"rendered":"<p>Chcesz szybko zwi\u0119kszy\u0107 liczb\u0119 cz\u0142onk\u00f3w w swoim kanale nadawczym na Instagramie? Skorzystaj z naszej us\u0142ugi Instagram \u2013 cz\u0142onkowie kana\u0142u nadawczego, dzi\u0119ki kt\u00f3rej natychmiast zbudujesz spo\u0142eczno\u015b\u0107 i poprawisz wiarygodno\u015b\u0107 swojego profilu. To idealne rozwi\u0105zanie dla tw\u00f3rc\u00f3w, influencer\u00f3w, marek oraz firm, kt\u00f3re chc\u0105 prowadzi\u0107 skuteczn\u0105 komunikacj\u0119 z odbiorcami w nowym formacie Instagrama.<\/p>\n<p>Dzi\u0119ki rosn\u0105cej liczbie cz\u0142onk\u00f3w:<\/p>\n<p>Tw\u00f3j kana\u0142 nadawczy zyskuje na atrakcyjno\u015bci i zaufaniu.<\/p>\n<p>U\u017cytkownicy ch\u0119tniej do\u0142\u0105czaj\u0105 do aktywnych kana\u0142\u00f3w.<\/p>\n<p>Wzmacniasz zasi\u0119g i skuteczno\u015b\u0107 komunikat\u00f3w marketingowych.<\/p>\n<p>Us\u0142uga dzia\u0142a b\u0142yskawicznie i bezpiecznie \u2013 nie wymagamy has\u0142a do konta ani danych logowania. Po prostu podaj link do swojego kana\u0142u, a my zadbamy o reszt\u0119. Obserwuj, jak Twoja spo\u0142eczno\u015b\u0107 ro\u015bnie i Tw\u00f3j kana\u0142 staje si\u0119 bardziej widoczny w aplikacji!<\/p>","protected":false},"excerpt":{"rendered":"<p>Zwi\u0119ksz liczb\u0119 cz\u0142onk\u00f3w w kanale nadawczym na Instagramie \u2013 szybka, bezpieczna i skuteczna promocja Twoich tre\u015bci!<\/p>","protected":false},"featured_media":9584,"comment_status":"open","ping_status":"closed","template":"","meta":[],"product_brand":[],"product_cat":[97],"product_tag":[],"class_list":{"0":"post-9561","1":"product","2":"type-product","3":"status-publish","4":"has-post-thumbnail","6":"product_cat-instagram","8":"first","9":"instock","10":"sale","11":"taxable","12":"shipping-taxable","13":"purchasable","14":"product-type-variable"},"_links":{"self":[{"href":"https:\/\/social-market.pl\/cs\/wp-json\/wp\/v2\/product\/9561","targetHints":{"allow":["GET"]}}],"collection":[{"href":"https:\/\/social-market.pl\/cs\/wp-json\/wp\/v2\/product"}],"about":[{"href":"https:\/\/social-market.pl\/cs\/wp-json\/wp\/v2\/types\/product"}],"replies":[{"embeddable":true,"href":"https:\/\/social-market.pl\/cs\/wp-json\/wp\/v2\/comments?post=9561"}],"wp:featuredmedia":[{"embeddable":true,"href":"https:\/\/social-market.pl\/cs\/wp-json\/wp\/v2\/media\/9584"}],"wp:attachment":[{"href":"https:\/\/social-market.pl\/cs\/wp-json\/wp\/v2\/media?parent=9561"}],"wp:term":[{"taxonomy":"product_brand","embeddable":true,"href":"https:\/\/social-market.pl\/cs\/wp-json\/wp\/v2\/product_brand?post=9561"},{"taxonomy":"product_cat","embeddable":true,"href":"https:\/\/social-market.pl\/cs\/wp-json\/wp\/v2\/product_cat?post=9561"},{"taxonomy":"product_tag","embeddable":true,"href":"https:\/\/social-market.pl\/cs\/wp-json\/wp\/v2\/product_tag?post=9561"}],"curies":[{"name":"wp","href":"https:\/\/api.w.org\/{rel}","templated":true}]}}