{"id":9567,"date":"2025-06-11T21:30:34","date_gmt":"2025-06-11T19:30:34","guid":{"rendered":"https:\/\/social-market.pl\/?post_type=product&#038;p=9567"},"modified":"2025-06-11T22:05:58","modified_gmt":"2025-06-11T20:05:58","slug":"facebook-video-wyswietlenia","status":"publish","type":"product","link":"https:\/\/social-market.pl\/cs\/facebook-video-wyswietlenia\/","title":{"rendered":"Facebook Video Wy\u015bwietlenia"},"content":{"rendered":"<p>Zwi\u0119ksz popularno\u015b\u0107 swoich film\u00f3w na Facebooku dzi\u0119ki us\u0142udze Facebook Video Wy\u015bwietlenia! Je\u015bli chcesz dotrze\u0107 do wi\u0119kszej liczby odbiorc\u00f3w, poprawi\u0107 zasi\u0119gi i wzmocni\u0107 sw\u00f3j wizerunek w social media \u2013 ta us\u0142uga jest dla Ciebie. Oferujemy realne wy\u015bwietlenia film\u00f3w, kt\u00f3re pozytywnie wp\u0142ywaj\u0105 na algorytm platformy i zwi\u0119kszaj\u0105 szans\u0119 na wi\u0119ksze zaanga\u017cowanie.<\/p>\n<p>Facebook faworyzuje tre\u015bci wideo \u2013 dlatego wi\u0119ksza liczba wy\u015bwietle\u0144:<\/p>\n<p>zwi\u0119ksza zaufanie do Twojej marki lub profilu,<\/p>\n<p>pomaga wypozycjonowa\u0107 film wy\u017cej w feedzie,<\/p>\n<p>przyci\u0105ga uwag\u0119 potencjalnych obserwator\u00f3w i klient\u00f3w.<\/p>\n<p>Realizacja odbywa si\u0119 szybko i bezpiecznie. Nie wymagamy logowania \u2013 wystarczy link do filmu. Niezale\u017cnie od tego, czy promujesz mark\u0119 osobist\u0105, firm\u0119, produkt czy kampani\u0119 \u2013 zyskaj widoczno\u015b\u0107, na jak\u0105 zas\u0142ugujesz!<\/p>","protected":false},"excerpt":{"rendered":"<p>Zdob\u0105d\u017a wi\u0119cej wy\u015bwietle\u0144 film\u00f3w na Facebooku \u2013 realni u\u017cytkownicy, szybka realizacja, wi\u0119kszy zasi\u0119g i skuteczna promocja!<\/p>","protected":false},"featured_media":9596,"comment_status":"open","ping_status":"closed","template":"","meta":[],"product_brand":[],"product_cat":[96],"product_tag":[],"class_list":{"0":"post-9567","1":"product","2":"type-product","3":"status-publish","4":"has-post-thumbnail","6":"product_cat-facebook","8":"first","9":"instock","10":"sale","11":"taxable","12":"shipping-taxable","13":"purchasable","14":"product-type-variable"},"_links":{"self":[{"href":"https:\/\/social-market.pl\/cs\/wp-json\/wp\/v2\/product\/9567","targetHints":{"allow":["GET"]}}],"collection":[{"href":"https:\/\/social-market.pl\/cs\/wp-json\/wp\/v2\/product"}],"about":[{"href":"https:\/\/social-market.pl\/cs\/wp-json\/wp\/v2\/types\/product"}],"replies":[{"embeddable":true,"href":"https:\/\/social-market.pl\/cs\/wp-json\/wp\/v2\/comments?post=9567"}],"wp:featuredmedia":[{"embeddable":true,"href":"https:\/\/social-market.pl\/cs\/wp-json\/wp\/v2\/media\/9596"}],"wp:attachment":[{"href":"https:\/\/social-market.pl\/cs\/wp-json\/wp\/v2\/media?parent=9567"}],"wp:term":[{"taxonomy":"product_brand","embeddable":true,"href":"https:\/\/social-market.pl\/cs\/wp-json\/wp\/v2\/product_brand?post=9567"},{"taxonomy":"product_cat","embeddable":true,"href":"https:\/\/social-market.pl\/cs\/wp-json\/wp\/v2\/product_cat?post=9567"},{"taxonomy":"product_tag","embeddable":true,"href":"https:\/\/social-market.pl\/cs\/wp-json\/wp\/v2\/product_tag?post=9567"}],"curies":[{"name":"wp","href":"https:\/\/api.w.org\/{rel}","templated":true}]}}