{"id":9569,"date":"2025-06-11T21:30:34","date_gmt":"2025-06-11T19:30:34","guid":{"rendered":"https:\/\/social-market.pl\/?post_type=product&#038;p=9569"},"modified":"2025-06-11T22:05:41","modified_gmt":"2025-06-11T20:05:41","slug":"facebook-wydarzenia","status":"publish","type":"product","link":"https:\/\/social-market.pl\/cs\/facebook-wydarzenia\/","title":{"rendered":"Facebook wydarzenia"},"content":{"rendered":"<p>Chcesz zwi\u0119kszy\u0107 wiarygodno\u015b\u0107 i widoczno\u015b\u0107 swojego wydarzenia na Facebooku? Skorzystaj z us\u0142ugi Facebook Wydarzenia \u2013 \u201eWezm\u0119 udzia\u0142\u201d \/ \u201eZainteresowanie\u201d, kt\u00f3ra pozwala b\u0142yskawicznie zwi\u0119kszy\u0107 liczb\u0119 os\u00f3b deklaruj\u0105cych udzia\u0142 lub zainteresowanie Twoim eventem.<\/p>\n<p>Dzi\u0119ki tej us\u0142udze Twoje wydarzenie:<\/p>\n<p>zyskuje wi\u0119kszy zasi\u0119g organiczny w feedzie znajomych os\u00f3b, kt\u00f3re klikn\u0119\u0142y \u201ewezm\u0119 udzia\u0142\u201d lub \u201ezainteresowany\u201d,<\/p>\n<p>wygl\u0105da na popularne i profesjonalnie promowane,<\/p>\n<p>buduje zaufanie i przyci\u0105ga realnych uczestnik\u00f3w.<\/p>\n<p>Do wyboru masz dwa warianty:<\/p>\n<p>Wezm\u0119 udzia\u0142 \u2013 u\u017cytkownicy zaznaczaj\u0105 aktywne uczestnictwo w wydarzeniu.<\/p>\n<p>Zainteresowanie \u2013 u\u017cytkownicy pokazuj\u0105 swoje zainteresowanie, co zwi\u0119ksza zasi\u0119g i widoczno\u015b\u0107.<\/p>\n<p>Us\u0142uga jest w 100% bezpieczna \u2013 nie wymagamy \u017cadnych danych logowania. Wystarczy link do wydarzenia, a my zajmiemy si\u0119 jego wzmocnieniem. Idealne rozwi\u0105zanie dla organizator\u00f3w koncert\u00f3w, webinar\u00f3w, wydarze\u0144 lokalnych, konferencji i kampanii marketingowych.<\/p>","protected":false},"excerpt":{"rendered":"<p>Zwi\u0119ksz liczb\u0119 os\u00f3b \u201ezainteresowanych\u201d i \u201ebior\u0105cych udzia\u0142\u201d w wydarzeniu na Facebooku \u2013 wi\u0119kszy zasi\u0119g, lepszy wizerunek, szybka realizacja!<\/p>","protected":false},"featured_media":9596,"comment_status":"open","ping_status":"closed","template":"","meta":[],"product_brand":[],"product_cat":[96],"product_tag":[],"class_list":{"0":"post-9569","1":"product","2":"type-product","3":"status-publish","4":"has-post-thumbnail","6":"product_cat-facebook","8":"first","9":"instock","10":"sale","11":"taxable","12":"shipping-taxable","13":"purchasable","14":"product-type-variable"},"_links":{"self":[{"href":"https:\/\/social-market.pl\/cs\/wp-json\/wp\/v2\/product\/9569","targetHints":{"allow":["GET"]}}],"collection":[{"href":"https:\/\/social-market.pl\/cs\/wp-json\/wp\/v2\/product"}],"about":[{"href":"https:\/\/social-market.pl\/cs\/wp-json\/wp\/v2\/types\/product"}],"replies":[{"embeddable":true,"href":"https:\/\/social-market.pl\/cs\/wp-json\/wp\/v2\/comments?post=9569"}],"wp:featuredmedia":[{"embeddable":true,"href":"https:\/\/social-market.pl\/cs\/wp-json\/wp\/v2\/media\/9596"}],"wp:attachment":[{"href":"https:\/\/social-market.pl\/cs\/wp-json\/wp\/v2\/media?parent=9569"}],"wp:term":[{"taxonomy":"product_brand","embeddable":true,"href":"https:\/\/social-market.pl\/cs\/wp-json\/wp\/v2\/product_brand?post=9569"},{"taxonomy":"product_cat","embeddable":true,"href":"https:\/\/social-market.pl\/cs\/wp-json\/wp\/v2\/product_cat?post=9569"},{"taxonomy":"product_tag","embeddable":true,"href":"https:\/\/social-market.pl\/cs\/wp-json\/wp\/v2\/product_tag?post=9569"}],"curies":[{"name":"wp","href":"https:\/\/api.w.org\/{rel}","templated":true}]}}