{"id":9570,"date":"2025-06-11T21:30:34","date_gmt":"2025-06-11T19:30:34","guid":{"rendered":"https:\/\/social-market.pl\/?post_type=product&#038;p=9570"},"modified":"2025-06-11T22:05:41","modified_gmt":"2025-06-11T20:05:41","slug":"facebook-livestream-ogladajacy","status":"publish","type":"product","link":"https:\/\/social-market.pl\/cs\/facebook-livestream-ogladajacy\/","title":{"rendered":"Facebook Livestream Ogl\u0105daj\u0105cy"},"content":{"rendered":"<p>Zwi\u0119ksz liczb\u0119 widz\u00f3w swoich transmisji na \u017cywo dzi\u0119ki us\u0142udze Facebook Livestream Ogl\u0105daj\u0105cy! Transmisje live to jedno z najskuteczniejszych narz\u0119dzi budowania zaanga\u017cowania i autentycznego kontaktu z odbiorcami \u2013 ale \u017ceby przyci\u0105ga\u0142y uwag\u0119, musz\u0105 wygl\u0105da\u0107 na popularne.<\/p>\n<p>Dzi\u0119ki naszej us\u0142udze zyskujesz:<\/p>\n<p>realnych ogl\u0105daj\u0105cych na \u017cywo, kt\u00f3rzy zwi\u0119kszaj\u0105 wiarygodno\u015b\u0107 Twojej transmisji,<\/p>\n<p>wi\u0119kszy zasi\u0119g \u2013 Facebook ch\u0119tniej promuje transmisje z du\u017c\u0105 liczb\u0105 widz\u00f3w,<\/p>\n<p>lepsze postrzeganie Twojej marki, profilu lub dzia\u0142alno\u015bci.<\/p>\n<p>To idealna opcja dla influencer\u00f3w, firm, trener\u00f3w, streamer\u00f3w i organizator\u00f3w wydarze\u0144 online, kt\u00f3rzy chc\u0105 pokaza\u0107 si\u0119 wi\u0119kszemu gronu odbiorc\u00f3w. Realizacja jest szybka, bezpieczna i nie wymaga logowania \u2013 wystarczy link do transmisji.<\/p>","protected":false},"excerpt":{"rendered":"<p>Zwi\u0119ksz liczb\u0119 widz\u00f3w podczas transmisji na \u017cywo na Facebooku \u2013 realni ogl\u0105daj\u0105cy, szybka i bezpieczna realizacja!<\/p>","protected":false},"featured_media":9596,"comment_status":"open","ping_status":"closed","template":"","meta":[],"product_brand":[],"product_cat":[96],"product_tag":[],"class_list":{"0":"post-9570","1":"product","2":"type-product","3":"status-publish","4":"has-post-thumbnail","6":"product_cat-facebook","8":"first","9":"instock","10":"sale","11":"taxable","12":"shipping-taxable","13":"purchasable","14":"product-type-variable"},"_links":{"self":[{"href":"https:\/\/social-market.pl\/cs\/wp-json\/wp\/v2\/product\/9570","targetHints":{"allow":["GET"]}}],"collection":[{"href":"https:\/\/social-market.pl\/cs\/wp-json\/wp\/v2\/product"}],"about":[{"href":"https:\/\/social-market.pl\/cs\/wp-json\/wp\/v2\/types\/product"}],"replies":[{"embeddable":true,"href":"https:\/\/social-market.pl\/cs\/wp-json\/wp\/v2\/comments?post=9570"}],"wp:featuredmedia":[{"embeddable":true,"href":"https:\/\/social-market.pl\/cs\/wp-json\/wp\/v2\/media\/9596"}],"wp:attachment":[{"href":"https:\/\/social-market.pl\/cs\/wp-json\/wp\/v2\/media?parent=9570"}],"wp:term":[{"taxonomy":"product_brand","embeddable":true,"href":"https:\/\/social-market.pl\/cs\/wp-json\/wp\/v2\/product_brand?post=9570"},{"taxonomy":"product_cat","embeddable":true,"href":"https:\/\/social-market.pl\/cs\/wp-json\/wp\/v2\/product_cat?post=9570"},{"taxonomy":"product_tag","embeddable":true,"href":"https:\/\/social-market.pl\/cs\/wp-json\/wp\/v2\/product_tag?post=9570"}],"curies":[{"name":"wp","href":"https:\/\/api.w.org\/{rel}","templated":true}]}}