{"id":9577,"date":"2025-06-11T21:30:35","date_gmt":"2025-06-11T19:30:35","guid":{"rendered":"https:\/\/social-market.pl\/?post_type=product&#038;p=9577"},"modified":"2026-02-23T20:08:22","modified_gmt":"2026-02-23T19:08:22","slug":"youtube-shorts-wyswietlenia","status":"publish","type":"product","link":"https:\/\/social-market.pl\/cs\/youtube-shorts-wyswietlenia\/","title":{"rendered":"Youtube shorts wy\u015bwietlenia"},"content":{"rendered":"<p>Zwi\u0119ksz zasi\u0119g i viralowy potencja\u0142 swoich film\u00f3w kr\u00f3tkich dzi\u0119ki us\u0142udze YouTube Shorts Wy\u015bwietlenia! Je\u015bli chcesz, aby Twoje Shorts przebija\u0142y si\u0119 w feedzie, trafia\u0142y do zak\u0142adki \u201eShorts\u201d i przyci\u0105ga\u0142y nowych widz\u00f3w \u2013 ta us\u0142uga jest dla Ciebie.<\/p>\n<p>Oferujemy realne, wysokiej jako\u015bci wy\u015bwietlenia, kt\u00f3re pomagaj\u0105:<\/p>\n<p>zwi\u0119kszy\u0107 szans\u0119 na pojawienie si\u0119 w rekomendacjach,<\/p>\n<p>poprawi\u0107 widoczno\u015b\u0107 kana\u0142u w YouTube Shorts feed,<\/p>\n<p>zbudowa\u0107 silny profil i przyci\u0105gn\u0105\u0107 subskrybent\u00f3w.<\/p>\n<p>Shortsy to obecnie jeden z najbardziej promowanych format\u00f3w na YouTube \u2013 warto to wykorzysta\u0107! Nasze wy\u015bwietlenia pochodz\u0105 od prawdziwych u\u017cytkownik\u00f3w, s\u0105 w 100% bezpieczne i zgodne z aktualnymi algorytmami. Nie wymagamy logowania \u2013 wystarczy link do filmu w formacie Shorts.<\/p>","protected":false},"excerpt":{"rendered":"<p>Zwi\u0119ksz wy\u015bwietlenia swoich Shorts na YouTube \u2013 realni widzowie, szybka i bezpieczna realizacja, wi\u0119kszy zasi\u0119g i szansa na viral!<\/p>","protected":false},"featured_media":9600,"comment_status":"open","ping_status":"closed","template":"","meta":[],"product_brand":[],"product_cat":[93],"product_tag":[],"class_list":{"0":"post-9577","1":"product","2":"type-product","3":"status-publish","4":"has-post-thumbnail","6":"product_cat-youtube","8":"first","9":"outofstock","10":"sale","11":"taxable","12":"shipping-taxable","13":"purchasable","14":"product-type-variable"},"_links":{"self":[{"href":"https:\/\/social-market.pl\/cs\/wp-json\/wp\/v2\/product\/9577","targetHints":{"allow":["GET"]}}],"collection":[{"href":"https:\/\/social-market.pl\/cs\/wp-json\/wp\/v2\/product"}],"about":[{"href":"https:\/\/social-market.pl\/cs\/wp-json\/wp\/v2\/types\/product"}],"replies":[{"embeddable":true,"href":"https:\/\/social-market.pl\/cs\/wp-json\/wp\/v2\/comments?post=9577"}],"wp:featuredmedia":[{"embeddable":true,"href":"https:\/\/social-market.pl\/cs\/wp-json\/wp\/v2\/media\/9600"}],"wp:attachment":[{"href":"https:\/\/social-market.pl\/cs\/wp-json\/wp\/v2\/media?parent=9577"}],"wp:term":[{"taxonomy":"product_brand","embeddable":true,"href":"https:\/\/social-market.pl\/cs\/wp-json\/wp\/v2\/product_brand?post=9577"},{"taxonomy":"product_cat","embeddable":true,"href":"https:\/\/social-market.pl\/cs\/wp-json\/wp\/v2\/product_cat?post=9577"},{"taxonomy":"product_tag","embeddable":true,"href":"https:\/\/social-market.pl\/cs\/wp-json\/wp\/v2\/product_tag?post=9577"}],"curies":[{"name":"wp","href":"https:\/\/api.w.org\/{rel}","templated":true}]}}