{"id":9580,"date":"2025-06-11T21:30:36","date_gmt":"2025-06-11T19:30:36","guid":{"rendered":"https:\/\/social-market.pl\/?post_type=product&#038;p=9580"},"modified":"2026-02-23T19:54:29","modified_gmt":"2026-02-23T18:54:29","slug":"youtube-subskrypcje-realni-uzytkownicy-usa","status":"publish","type":"product","link":"https:\/\/social-market.pl\/cs\/youtube-subskrypcje-realni-uzytkownicy-usa\/","title":{"rendered":"Youtube subskrypcje &#8211; realni u\u017cytkownicy USA"},"content":{"rendered":"<p>Zbuduj silny i wiarygodny kana\u0142 na YouTube dzi\u0119ki us\u0142udze YouTube Subskrypcje \u2013 Realni U\u017cytkownicy z USA. Subskrybenci to fundament ka\u017cdego rozwijaj\u0105cego si\u0119 kana\u0142u \u2013 im wi\u0119cej ich masz, tym wi\u0119ksza szansa na wzrost zasi\u0119g\u00f3w, polecenia przez algorytm i skuteczniejsze dzia\u0142ania promocyjne.<\/p>\n<p>Nasza us\u0142uga zapewnia prawdziwych subskrybent\u00f3w pochodz\u0105cych z USA, co jest szczeg\u00f3lnie cenne dla tw\u00f3rc\u00f3w i marek celuj\u0105cych w angloj\u0119zyczny, presti\u017cowy rynek. Dzi\u0119ki temu:<\/p>\n<p>Zyskujesz wiarygodno\u015b\u0107 w oczach nowych widz\u00f3w.<\/p>\n<p>Zwi\u0119kszasz autorytet kana\u0142u.<\/p>\n<p>Ro\u015bnie szansa na wsp\u00f3\u0142prace, monetyzacj\u0119 i polecenia algorytmu.<\/p>\n<p>Subskrypcje s\u0105 realne, bezpieczne i zgodne z wytycznymi \u2013 nie wymagamy logowania, a efekty widoczne s\u0105 w kr\u00f3tkim czasie. To idealna opcja dla YouTuber\u00f3w, firm, agencji i ka\u017cdego, kto chce rozwija\u0107 sw\u00f3j kana\u0142 mi\u0119dzynarodowo.<\/p>","protected":false},"excerpt":{"rendered":"<p>Zyskaj realnych subskrybent\u00f3w YouTube z USA \u2013 wi\u0119ksza wiarygodno\u015b\u0107, globalny zasi\u0119g i bezpieczna promocja kana\u0142u!<\/p>","protected":false},"featured_media":9600,"comment_status":"open","ping_status":"closed","template":"","meta":[],"product_brand":[],"product_cat":[93],"product_tag":[],"class_list":{"0":"post-9580","1":"product","2":"type-product","3":"status-publish","4":"has-post-thumbnail","6":"product_cat-youtube","8":"first","9":"outofstock","10":"sale","11":"taxable","12":"shipping-taxable","13":"purchasable","14":"product-type-variable"},"_links":{"self":[{"href":"https:\/\/social-market.pl\/cs\/wp-json\/wp\/v2\/product\/9580","targetHints":{"allow":["GET"]}}],"collection":[{"href":"https:\/\/social-market.pl\/cs\/wp-json\/wp\/v2\/product"}],"about":[{"href":"https:\/\/social-market.pl\/cs\/wp-json\/wp\/v2\/types\/product"}],"replies":[{"embeddable":true,"href":"https:\/\/social-market.pl\/cs\/wp-json\/wp\/v2\/comments?post=9580"}],"wp:featuredmedia":[{"embeddable":true,"href":"https:\/\/social-market.pl\/cs\/wp-json\/wp\/v2\/media\/9600"}],"wp:attachment":[{"href":"https:\/\/social-market.pl\/cs\/wp-json\/wp\/v2\/media?parent=9580"}],"wp:term":[{"taxonomy":"product_brand","embeddable":true,"href":"https:\/\/social-market.pl\/cs\/wp-json\/wp\/v2\/product_brand?post=9580"},{"taxonomy":"product_cat","embeddable":true,"href":"https:\/\/social-market.pl\/cs\/wp-json\/wp\/v2\/product_cat?post=9580"},{"taxonomy":"product_tag","embeddable":true,"href":"https:\/\/social-market.pl\/cs\/wp-json\/wp\/v2\/product_tag?post=9580"}],"curies":[{"name":"wp","href":"https:\/\/api.w.org\/{rel}","templated":true}]}}