{"id":9583,"date":"2025-06-11T21:30:36","date_gmt":"2025-06-11T19:30:36","guid":{"rendered":"https:\/\/social-market.pl\/?post_type=product&#038;p=9583"},"modified":"2026-02-23T19:53:36","modified_gmt":"2026-02-23T18:53:36","slug":"youtube-polubienia-komentarza","status":"publish","type":"product","link":"https:\/\/social-market.pl\/cs\/youtube-polubienia-komentarza\/","title":{"rendered":"Youtube polubienia komentarza"},"content":{"rendered":"<p>Zwi\u0119ksz widoczno\u015b\u0107 i znaczenie komentarza pod filmem dzi\u0119ki us\u0142udze YouTube Polubienia Komentarza. Lajki pod komentarzami to cz\u0119sto niedoceniany, ale bardzo skuteczny spos\u00f3b na wzmocnienie pozycji swojej wypowiedzi \u2013 zar\u00f3wno pod w\u0142asnym filmem, jak i pod cudzym materia\u0142em w ramach promocji zewn\u0119trznej.<\/p>\n<p>Dzi\u0119ki tej us\u0142udze:<\/p>\n<p>Tw\u00f3j komentarz zostanie wypchni\u0119ty wy\u017cej \u2013 nawet na pierwsze miejsce pod filmem.<\/p>\n<p>Zwi\u0119kszysz widoczno\u015b\u0107 opinii, linku lub CTA zawartego w komentarzu.<\/p>\n<p>Wzmocnisz autorytet swojego konta lub marki w oczach widz\u00f3w.<\/p>\n<p>Us\u0142uga dostarcza realne polubienia komentarzy, co sprawia, \u017ce interakcje wygl\u0105daj\u0105 naturalnie i nie s\u0105 usuwane przez algorytm. Idealna opcja dla tw\u00f3rc\u00f3w, agencji marketingowych, komentator\u00f3w, firm lub os\u00f3b promuj\u0105cych si\u0119 przez sekcje komentarzy.<\/p>\n<p>Nie wymagamy logowania \u2013 wystarczy link do konkretnego komentarza.<\/p>","protected":false},"excerpt":{"rendered":"<p>Zdob\u0105d\u017a polubienia komentarza na YouTube \u2013 wypchnij go na top i przyci\u0105gnij uwag\u0119 odbiorc\u00f3w!<\/p>","protected":false},"featured_media":9600,"comment_status":"open","ping_status":"closed","template":"","meta":[],"product_brand":[],"product_cat":[93],"product_tag":[],"class_list":{"0":"post-9583","1":"product","2":"type-product","3":"status-publish","4":"has-post-thumbnail","6":"product_cat-youtube","8":"first","9":"outofstock","10":"sale","11":"taxable","12":"shipping-taxable","13":"purchasable","14":"product-type-variable"},"_links":{"self":[{"href":"https:\/\/social-market.pl\/cs\/wp-json\/wp\/v2\/product\/9583","targetHints":{"allow":["GET"]}}],"collection":[{"href":"https:\/\/social-market.pl\/cs\/wp-json\/wp\/v2\/product"}],"about":[{"href":"https:\/\/social-market.pl\/cs\/wp-json\/wp\/v2\/types\/product"}],"replies":[{"embeddable":true,"href":"https:\/\/social-market.pl\/cs\/wp-json\/wp\/v2\/comments?post=9583"}],"wp:featuredmedia":[{"embeddable":true,"href":"https:\/\/social-market.pl\/cs\/wp-json\/wp\/v2\/media\/9600"}],"wp:attachment":[{"href":"https:\/\/social-market.pl\/cs\/wp-json\/wp\/v2\/media?parent=9583"}],"wp:term":[{"taxonomy":"product_brand","embeddable":true,"href":"https:\/\/social-market.pl\/cs\/wp-json\/wp\/v2\/product_brand?post=9583"},{"taxonomy":"product_cat","embeddable":true,"href":"https:\/\/social-market.pl\/cs\/wp-json\/wp\/v2\/product_cat?post=9583"},{"taxonomy":"product_tag","embeddable":true,"href":"https:\/\/social-market.pl\/cs\/wp-json\/wp\/v2\/product_tag?post=9583"}],"curies":[{"name":"wp","href":"https:\/\/api.w.org\/{rel}","templated":true}]}}