{"id":9608,"date":"2025-06-11T21:35:07","date_gmt":"2025-06-11T19:35:07","guid":{"rendered":"https:\/\/social-market.pl\/?post_type=product&#038;p=9608"},"modified":"2026-02-23T20:15:02","modified_gmt":"2026-02-23T19:15:02","slug":"spotify-odtworzenia-premium-najwyzszej-jakosci","status":"publish","type":"product","link":"https:\/\/social-market.pl\/cs\/spotify-odtworzenia-premium-najwyzszej-jakosci\/","title":{"rendered":"Spotify odtworzenia premium najwy\u017cszej jako\u015bci"},"content":{"rendered":"<p>Zyskaj maksymalnie wiarygodne i warto\u015bciowe statystyki dzi\u0119ki us\u0142udze Spotify \u2013 Odtworzenia Premium Najwy\u017cszej Jako\u015bci. To najbardziej zaawansowana forma promocji muzyki na Spotify, skierowana do artyst\u00f3w i mened\u017cer\u00f3w, kt\u00f3rzy chc\u0105 osi\u0105ga\u0107 najlepsze efekty w zgodzie z algorytmem platformy.<\/p>\n<p>Oferujemy pe\u0142nowarto\u015bciowe odtworzenia z kont premium (subskrybowanych), spe\u0142niaj\u0105ce wszystkie wymagania Spotify w zakresie:<\/p>\n<p>d\u0142ugo\u015bci s\u0142uchania (pe\u0142ne odtworzenia),<\/p>\n<p>aktywno\u015bci u\u017cytkownik\u00f3w,<\/p>\n<p>wysokiej jako\u015bci \u017ar\u00f3de\u0142 (playlisty, Discover, wyszukiwanie),<\/p>\n<p>bezpiecznego rozk\u0142adu geograficznego.<\/p>\n<p>To idealna opcja dla tw\u00f3rc\u00f3w ubiegaj\u0105cych si\u0119 o:<\/p>\n<p>wej\u015bcie na oficjalne playlisty Spotify (np. editorial),<\/p>\n<p>popraw\u0119 statystyk w Spotify for Artists,<\/p>\n<p>zwi\u0119kszenie szans na podpisanie kontraktu lub wsp\u00f3\u0142prac\u0119 z wytw\u00f3rniami.<\/p>\n<p>Dlaczego warto?<\/p>\n<p>Streamy z kont premium = wy\u017csza jako\u015b\u0107 i wi\u0119kszy wp\u0142yw na algorytm.<\/p>\n<p>Realne zachowania u\u017cytkownik\u00f3w \u2013 zero sztuczno\u015bci.<\/p>\n<p>Bezpieczna, zgodna z regulaminem promocja dla profesjonalist\u00f3w.<\/p>","protected":false},"excerpt":{"rendered":"<p>Realne odtworzenia z kont premium \u2013 najwy\u017csza jako\u015b\u0107 stream\u00f3w na Spotify. Idealne dla profesjonalist\u00f3w, kt\u00f3rzy licz\u0105 na wyniki!<\/p>","protected":false},"featured_media":9623,"comment_status":"open","ping_status":"closed","template":"","meta":[],"product_brand":[],"product_cat":[106],"product_tag":[],"class_list":{"0":"post-9608","1":"product","2":"type-product","3":"status-publish","4":"has-post-thumbnail","6":"product_cat-spotify","8":"first","9":"outofstock","10":"sale","11":"taxable","12":"shipping-taxable","13":"purchasable","14":"product-type-variable"},"_links":{"self":[{"href":"https:\/\/social-market.pl\/cs\/wp-json\/wp\/v2\/product\/9608","targetHints":{"allow":["GET"]}}],"collection":[{"href":"https:\/\/social-market.pl\/cs\/wp-json\/wp\/v2\/product"}],"about":[{"href":"https:\/\/social-market.pl\/cs\/wp-json\/wp\/v2\/types\/product"}],"replies":[{"embeddable":true,"href":"https:\/\/social-market.pl\/cs\/wp-json\/wp\/v2\/comments?post=9608"}],"wp:featuredmedia":[{"embeddable":true,"href":"https:\/\/social-market.pl\/cs\/wp-json\/wp\/v2\/media\/9623"}],"wp:attachment":[{"href":"https:\/\/social-market.pl\/cs\/wp-json\/wp\/v2\/media?parent=9608"}],"wp:term":[{"taxonomy":"product_brand","embeddable":true,"href":"https:\/\/social-market.pl\/cs\/wp-json\/wp\/v2\/product_brand?post=9608"},{"taxonomy":"product_cat","embeddable":true,"href":"https:\/\/social-market.pl\/cs\/wp-json\/wp\/v2\/product_cat?post=9608"},{"taxonomy":"product_tag","embeddable":true,"href":"https:\/\/social-market.pl\/cs\/wp-json\/wp\/v2\/product_tag?post=9608"}],"curies":[{"name":"wp","href":"https:\/\/api.w.org\/{rel}","templated":true}]}}