{"id":9689,"date":"2025-06-11T21:47:11","date_gmt":"2025-06-11T19:47:11","guid":{"rendered":"https:\/\/social-market.pl\/?post_type=product&#038;p=9689"},"modified":"2025-06-11T21:59:27","modified_gmt":"2025-06-11T19:59:27","slug":"tumblr-obserwacje","status":"publish","type":"product","link":"https:\/\/social-market.pl\/cs\/tumblr-obserwacje\/","title":{"rendered":"Tumblr obserwacje"},"content":{"rendered":"<p>Zwi\u0119ksz zasi\u0119g i autorytet swojego profilu dzi\u0119ki us\u0142udze Tumblr \u2013 Obserwacje (Followers). Liczba obserwuj\u0105cych ma du\u017ce znaczenie w budowaniu wiarygodno\u015bci i rozpoznawalno\u015bci Twojego bloga. Im wi\u0119cej followers\u00f3w, tym wi\u0119kszy zasi\u0119g Twoich post\u00f3w, wy\u017csza szansa na viral i skuteczniejsza promocja tre\u015bci \u2013 niezale\u017cnie od tematyki.<\/p>\n<p>Co zawiera ta us\u0142uga:<\/p>\n<p>Realni obserwuj\u0105cy profil na Tumblr,<\/p>\n<p>Naturalny przyrost \u2013 bezpieczny i zgodny z algorytmami platformy,<\/p>\n<p>Mo\u017cliwo\u015b\u0107 targetowania geograficznego (na \u017cyczenie),<\/p>\n<p>Dyskretna i bezpieczna realizacja \u2013 bez ryzyka blokady konta.<\/p>\n<p>Dla kogo?<\/p>\n<p>Dla tw\u00f3rc\u00f3w blog\u00f3w i grafik\u00f3w chc\u0105cych zwi\u0119kszy\u0107 zasi\u0119g,<\/p>\n<p>Dla marek i sklep\u00f3w prowadz\u0105cych dzia\u0142ania content marketingowe na Tumblr,<\/p>\n<p>Dla artyst\u00f3w, pisarzy i influencer\u00f3w dzia\u0142aj\u0105cych na alternatywnych platformach.<\/p>\n<p>Dlaczego warto?<\/p>\n<p>Wi\u0119cej followers\u00f3w to wi\u0119kszy zasi\u0119g organiczny i lepszy wizerunek,<\/p>\n<p>Lepsza widoczno\u015b\u0107 w wynikach wyszukiwania i sugestiach Tumblr,<\/p>\n<p>Wiarygodny profil przyci\u0105ga wi\u0119cej interakcji i udost\u0119pnie\u0144.<\/p>","protected":false},"excerpt":{"rendered":"<p>Zdob\u0105d\u017a realnych obserwuj\u0105cych na Tumblr \u2013 zwi\u0119ksz zasi\u0119g, wiarygodno\u015b\u0107 i popularno\u015b\u0107 swojego profilu!<\/p>","protected":false},"featured_media":9721,"comment_status":"open","ping_status":"closed","template":"","meta":[],"product_brand":[],"product_cat":[131],"product_tag":[],"class_list":{"0":"post-9689","1":"product","2":"type-product","3":"status-publish","4":"has-post-thumbnail","6":"product_cat-tumblr","8":"first","9":"instock","10":"sale","11":"taxable","12":"shipping-taxable","13":"purchasable","14":"product-type-variable"},"_links":{"self":[{"href":"https:\/\/social-market.pl\/cs\/wp-json\/wp\/v2\/product\/9689","targetHints":{"allow":["GET"]}}],"collection":[{"href":"https:\/\/social-market.pl\/cs\/wp-json\/wp\/v2\/product"}],"about":[{"href":"https:\/\/social-market.pl\/cs\/wp-json\/wp\/v2\/types\/product"}],"replies":[{"embeddable":true,"href":"https:\/\/social-market.pl\/cs\/wp-json\/wp\/v2\/comments?post=9689"}],"wp:featuredmedia":[{"embeddable":true,"href":"https:\/\/social-market.pl\/cs\/wp-json\/wp\/v2\/media\/9721"}],"wp:attachment":[{"href":"https:\/\/social-market.pl\/cs\/wp-json\/wp\/v2\/media?parent=9689"}],"wp:term":[{"taxonomy":"product_brand","embeddable":true,"href":"https:\/\/social-market.pl\/cs\/wp-json\/wp\/v2\/product_brand?post=9689"},{"taxonomy":"product_cat","embeddable":true,"href":"https:\/\/social-market.pl\/cs\/wp-json\/wp\/v2\/product_cat?post=9689"},{"taxonomy":"product_tag","embeddable":true,"href":"https:\/\/social-market.pl\/cs\/wp-json\/wp\/v2\/product_tag?post=9689"}],"curies":[{"name":"wp","href":"https:\/\/api.w.org\/{rel}","templated":true}]}}