{"id":6713,"date":"2020-12-06T19:37:14","date_gmt":"2020-12-06T19:37:14","guid":{"rendered":"https:\/\/social-market.pl\/?post_type=product&#038;p=6713"},"modified":"2024-05-04T02:35:48","modified_gmt":"2024-05-04T00:35:48","slug":"polubienia-strony-na-facebooku","status":"publish","type":"product","link":"https:\/\/social-market.pl\/de\/polubienia-strony-na-facebooku\/","title":{"rendered":"Facebook-Seite gef\u00e4llt"},"content":{"rendered":"<h2 style=\"text-align: center;\">Dlaczego warto kupi\u0107 like strony na Facebooku?<\/h2>\n<p>Wiadomo, \u017ce w polubienia stron na Facebooku inwestuj\u0105 indywidualni u\u017cytkownicy i firmy. S\u0105 ku temu wa\u017cne powody. Indywidualni u\u017cytkownicy mog\u0105 by\u0107 s\u0142awni, gdy zdobywaj\u0105 nowe polubienia na swoich stronach. Firmy mog\u0105 mie\u0107 wi\u0119ksz\u0105 publiczno\u015b\u0107 i mog\u0105 promowa\u0107 swoje produkty lub us\u0142ugi, zwi\u0119kszaj\u0105c tym samym sprzeda\u017c. Dlatego kupowanie polubie\u0144 jest tak wa\u017cne w marketingu w mediach spo\u0142eczno\u015bciowych.<\/p>\n<p>Szybko i \u0142atwo rozwija to Twoj\u0105 stron\u0119. Ponadto kupowanie polubie\u0144 sprawi, \u017ce Twoja strona b\u0119dzie wygl\u0105da\u0107 na popularna w oczach potencjalnych klient\u00f3w. Tre\u015bci, kt\u00f3re udost\u0119pniasz, dotr\u0105 do wi\u0119kszej liczby os\u00f3b na Facebooku, a popularno\u015b\u0107 Twojej strony wzro\u015bnie przez pojawienie si\u0119 na wy\u017cszych pozycjach w wynikach wyszukiwania. Polubienia strony na Facebooku pochodz\u0105 z ca\u0142ego \u015bwiata!<\/p>\n<p>&nbsp;<\/p>\n<h2 style=\"text-align: center;\">Jak kupowa\u0107 polubienia strony na Facebooku?<\/h2>\n<p>Teraz, gdy znasz ju\u017c szczeg\u00f3\u0142y naszych us\u0142ug i wiesz dlaczego powiniene\u015b z nich skorzysta\u0107, poka\u017cemy Ci jak to zrobi\u0107. Post\u0119puj zgodnie z naszym przewodnikiem krok po kroku, aby pomy\u015blnie zako\u0144czy\u0107 p\u0142atno\u015b\u0107. Oto kroki:<\/p>\n<p>1. Wybierz interesuj\u0105cy Ci\u0119 pakiet.<\/p>\n<p>2. Wklej adres URL w wyznaczonym polu.<\/p>\n<p>3. Zap\u0142a\u0107 online za pomoc\u0105 najbezpieczniejszych dost\u0119pnych metod p\u0142atno\u015bci. Po otrzymaniu Twojej transakcji natychmiast rozpoczniemy realizacj\u0119 zam\u00f3wienia.<\/p>\n<p>&nbsp;<\/p>\n<h2 style=\"text-align: center;\">Dlaczego Social-Market.pl?<\/h2>\n<p>Social-Market.pl to miejsce, w kt\u00f3rym dokonasz w pe\u0142ni bezpiecznego i pewnego zakupu. Ca\u0142y proces zakupu jest dziecinnie prosty, jednak zdajemy sobie spraw\u0119 z nieoczekiwanych problem\u00f3w. Dlatego bez obaw \u2013 jeste\u015bmy do Twojej dyspozycji 24\/7 i zapewniamy pomoc na ka\u017cdym kroku.<\/p>\n<p>&nbsp;<\/p>","protected":false},"excerpt":{"rendered":"<p>Polubienia wskazanego Fanpage na Facebooku.<br \/>\nLajki pochodz\u0105 z kont europejskich, z r\u00f3\u017cnych kraj\u00f3w. Potrzebujesz polubie\u0144 z danego kraju? Na przyk\u0142ad Polskie Lajki na Fanpage Facebook? Skontaktuj si\u0119 z nami w celu dokonania indywidualnej wyceny \ud83d\ude42 lub przejd\u017a na podstron\u0119 produktow\u0105: <a href=\"https:\/\/social-market.pl\/de\/polskie-realne-polubienia-fanpage-na-facebooku\/\">Polnische (echte) Facebook-Fanpage gef\u00e4llt<\/a><\/p>","protected":false},"featured_media":6829,"comment_status":"open","ping_status":"closed","template":"","meta":[],"product_brand":[],"product_cat":[96],"product_tag":[],"class_list":{"0":"post-6713","1":"product","2":"type-product","3":"status-publish","4":"has-post-thumbnail","6":"product_cat-facebook","8":"first","9":"instock","10":"sale","11":"taxable","12":"shipping-taxable","13":"purchasable","14":"product-type-variable"},"_links":{"self":[{"href":"https:\/\/social-market.pl\/de\/wp-json\/wp\/v2\/product\/6713","targetHints":{"allow":["GET"]}}],"collection":[{"href":"https:\/\/social-market.pl\/de\/wp-json\/wp\/v2\/product"}],"about":[{"href":"https:\/\/social-market.pl\/de\/wp-json\/wp\/v2\/types\/product"}],"replies":[{"embeddable":true,"href":"https:\/\/social-market.pl\/de\/wp-json\/wp\/v2\/comments?post=6713"}],"wp:featuredmedia":[{"embeddable":true,"href":"https:\/\/social-market.pl\/de\/wp-json\/wp\/v2\/media\/6829"}],"wp:attachment":[{"href":"https:\/\/social-market.pl\/de\/wp-json\/wp\/v2\/media?parent=6713"}],"wp:term":[{"taxonomy":"product_brand","embeddable":true,"href":"https:\/\/social-market.pl\/de\/wp-json\/wp\/v2\/product_brand?post=6713"},{"taxonomy":"product_cat","embeddable":true,"href":"https:\/\/social-market.pl\/de\/wp-json\/wp\/v2\/product_cat?post=6713"},{"taxonomy":"product_tag","embeddable":true,"href":"https:\/\/social-market.pl\/de\/wp-json\/wp\/v2\/product_tag?post=6713"}],"curies":[{"name":"wp","href":"https:\/\/api.w.org\/{rel}","templated":true}]}}