{"id":6772,"date":"2020-12-06T23:27:21","date_gmt":"2020-12-06T23:27:21","guid":{"rendered":"https:\/\/social-market.pl\/?post_type=product&#038;p=6772"},"modified":"2024-03-21T12:34:00","modified_gmt":"2024-03-21T11:34:00","slug":"obserwujacy-followers-tiktok","status":"publish","type":"product","link":"https:\/\/social-market.pl\/de\/obserwujacy-followers-tiktok\/","title":{"rendered":"TikTok-Anh\u00e4nger"},"content":{"rendered":"<h2 style=\"text-align: center;\">Dlaczego warto kupi\u0107 followers na TikToku?<\/h2>\n<p>TikTok to jedna z najnowszych platform medi\u00f3w spo\u0142eczno\u015bciowych. Zakup followers\u00f3w na TikToku znacznie zwi\u0119kszy widoczno\u015b\u0107 Twoich tre\u015bci, a Twoje konto stanie si\u0119 znane i dotrze do wi\u0119kszej liczby os\u00f3b. Je\u015bli zale\u017cy Ci na zwi\u0119kszeniu bazy fan\u00f3w musisz poprawi\u0107 wsp\u00f3\u0142czynnik interakcji na swoim koncie. Kupuj\u0105c obserwacje na TikTok Twoje filmy wraz z setkami polubie\u0144 zdob\u0119d\u0105 ogromn\u0105 s\u0142aw\u0119, a ludzie pomy\u015bl\u0105, \u017ce Twoje posty s\u0105 bardzo popularne i wci\u0105gaj\u0105ce. Zakupieni obserwuj\u0105cy TikTok uka\u017c\u0105 si\u0119 na Twoim koncie w kr\u00f3tkim czasie. Obserwuj\u0105cy (followers) TikTok pochodz\u0105 z ca\u0142ego \u015bwiata!<\/p>\n<p>&nbsp;<\/p>\n<h2 style=\"text-align: center;\">Jak kupowa\u0107 obserwuj\u0105cych na TikToku?<\/h2>\n<p>Teraz, gdy znasz ju\u017c szczeg\u00f3\u0142y naszych us\u0142ug i wiesz dlaczego powiniene\u015b z nich skorzysta\u0107, poka\u017cemy Ci jak to zrobi\u0107. Post\u0119puj zgodnie z naszym przewodnikiem krok po kroku, aby pomy\u015blnie zako\u0144czy\u0107 p\u0142atno\u015b\u0107. Oto kroki:<\/p>\n<p>1. Wybierz interesuj\u0105cy Ci\u0119 pakiet.<\/p>\n<p>2. Wklej adres URL w wyznaczonym polu.<\/p>\n<p>3. Zap\u0142a\u0107 online za pomoc\u0105 najbezpieczniejszych dost\u0119pnych metod p\u0142atno\u015bci. Po otrzymaniu Twojej transakcji natychmiast rozpoczniemy realizacj\u0119 zam\u00f3wienia.<\/p>\n<p>&nbsp;<\/p>\n<h2 style=\"text-align: center;\">Dlaczego Social-Market.pl?<\/h2>\n<p>Social-Market.pl to miejsce, w kt\u00f3rym dokonasz w pe\u0142ni bezpiecznego i pewnego zakupu. Ca\u0142y proces zakupu jest dziecinnie prosty, jednak zdajemy sobie spraw\u0119 z nieoczekiwanych problem\u00f3w. Dlatego bez obaw \u2013 jeste\u015bmy do Twojej dyspozycji 24\/7 i zapewniamy pomoc na ka\u017cdym kroku.<\/p>\n<p>&nbsp;<\/p>","protected":false},"excerpt":{"rendered":"<p>Dlaczego warto kupi\u0107 followers na TikToku? TikTok to jedna z najnowszych platform medi\u00f3w spo\u0142eczno\u015bciowych. Zakup followers\u00f3w na TikToku znacznie zwi\u0119kszy widoczno\u015b\u0107 Twoich tre\u015bci, a Twoje konto stanie si\u0119 znane i dotrze do wi\u0119kszej liczby os\u00f3b. Je\u015bli zale\u017cy Ci na zwi\u0119kszeniu bazy fan\u00f3w musisz poprawi\u0107 wsp\u00f3\u0142czynnik interakcji na swoim koncie. Kupuj\u0105c obserwacje na TikTok Twoje filmy [&hellip;]<\/p>","protected":false},"featured_media":6820,"comment_status":"open","ping_status":"closed","template":"","meta":[],"product_brand":[],"product_cat":[95],"product_tag":[],"class_list":{"0":"post-6772","1":"product","2":"type-product","3":"status-publish","4":"has-post-thumbnail","6":"product_cat-tiktok","8":"first","9":"instock","10":"sale","11":"taxable","12":"shipping-taxable","13":"purchasable","14":"product-type-variable"},"_links":{"self":[{"href":"https:\/\/social-market.pl\/de\/wp-json\/wp\/v2\/product\/6772","targetHints":{"allow":["GET"]}}],"collection":[{"href":"https:\/\/social-market.pl\/de\/wp-json\/wp\/v2\/product"}],"about":[{"href":"https:\/\/social-market.pl\/de\/wp-json\/wp\/v2\/types\/product"}],"replies":[{"embeddable":true,"href":"https:\/\/social-market.pl\/de\/wp-json\/wp\/v2\/comments?post=6772"}],"wp:featuredmedia":[{"embeddable":true,"href":"https:\/\/social-market.pl\/de\/wp-json\/wp\/v2\/media\/6820"}],"wp:attachment":[{"href":"https:\/\/social-market.pl\/de\/wp-json\/wp\/v2\/media?parent=6772"}],"wp:term":[{"taxonomy":"product_brand","embeddable":true,"href":"https:\/\/social-market.pl\/de\/wp-json\/wp\/v2\/product_brand?post=6772"},{"taxonomy":"product_cat","embeddable":true,"href":"https:\/\/social-market.pl\/de\/wp-json\/wp\/v2\/product_cat?post=6772"},{"taxonomy":"product_tag","embeddable":true,"href":"https:\/\/social-market.pl\/de\/wp-json\/wp\/v2\/product_tag?post=6772"}],"curies":[{"name":"wp","href":"https:\/\/api.w.org\/{rel}","templated":true}]}}