{"id":7360,"date":"2021-02-16T15:05:23","date_gmt":"2021-02-16T14:05:23","guid":{"rendered":"https:\/\/social-market.pl\/?post_type=product&#038;p=7360"},"modified":"2024-12-21T20:13:37","modified_gmt":"2024-12-21T19:13:37","slug":"polskie-realne-polubienia-fanpage-na-facebooku","status":"publish","type":"product","link":"https:\/\/social-market.pl\/de\/polskie-realne-polubienia-fanpage-na-facebooku\/","title":{"rendered":"Polnische (echte) Facebook-Fanpage gef\u00e4llt"},"content":{"rendered":"<h2 style=\"text-align: center;\">Dlaczego warto kupi\u0107 polskie (realne) polubienia Fanpage na Facebooku?<\/h2>\n<p>Szczeg\u00f3lnie wa\u017cne dla firm! Daj si\u0119 zauwa\u017cy\u0107 i wyr\u00f3\u017cnij si\u0119 spo\u015br\u00f3d konkurencji kupuj\u0105c polskie (realne) polubienia Fanpage na Facebooku najwy\u017cszej jako\u015bci. Dok\u0142adamy wszelkich stara\u0144, aby znalaz\u0142y si\u0119 one na Twoim fanpage najszybciej jak to mo\u017cliwe i zacz\u0119\u0142y zwi\u0119ksza\u0107 Twoj\u0105 popularno\u015b\u0107.<\/p>\n<p>&nbsp;<\/p>\n<h2 style=\"text-align: center;\">Jak kupowa\u0107 polskie (realne) polubienia Fanpage na Facebooku?<\/h2>\n<p>Teraz, gdy znasz ju\u017c szczeg\u00f3\u0142y naszych us\u0142ug i wiesz dlaczego powiniene\u015b z nich skorzysta\u0107, poka\u017cemy Ci jak to zrobi\u0107. Post\u0119puj zgodnie z naszym przewodnikiem krok po kroku, aby pomy\u015blnie zako\u0144czy\u0107 p\u0142atno\u015b\u0107. Oto kroki:<\/p>\n<p>1. Wybierz interesuj\u0105cy Ci\u0119 pakiet.<\/p>\n<p>2. Wklej adres URL w wyznaczonym polu.<\/p>\n<p>3. Zap\u0142a\u0107 online za pomoc\u0105 najbezpieczniejszych dost\u0119pnych metod p\u0142atno\u015bci. Po otrzymaniu Twojej transakcji natychmiast rozpoczniemy realizacj\u0119 zam\u00f3wienia.<\/p>\n<p>&nbsp;<\/p>\n<h2 style=\"text-align: center;\">Dlaczego Social-Market.pl?<\/h2>\n<p>Social-Market.pl to miejsce, w kt\u00f3rym dokonasz w pe\u0142ni bezpiecznego i pewnego zakupu. Ca\u0142y proces zakupu jest dziecinnie prosty, jednak zdajemy sobie spraw\u0119 z nieoczekiwanych problem\u00f3w. Dlatego bez obaw \u2013 jeste\u015bmy do Twojej dyspozycji 24\/7 i zapewniamy pomoc na ka\u017cdym kroku.<\/p>","protected":false},"excerpt":{"rendered":"<p>Pozyskanie na Tw\u00f3j fanpage realnych fan\u00f3w z polski<br \/>\nUs\u0142uga ta zapewnia gwarancj\u0119 jako\u015bci oraz realno\u015b\u0107 profili, <strong>u\u017cytkownicy samodzielnie dokonuj\u0105 akcji 'Lubi\u0119 to&#8217;<\/strong> , tak wi\u0119c s\u0105 w pe\u0142ni \u015bwiadomi polubionego przez siebie Fanpage.<\/p>\n<p>Ma to bardzo du\u017ce znaczenie, gdy\u017c tego typu rozw\u00f3j strony zapewnia w pe\u0142ni prawdziwe zasi\u0119gi i aktywno\u015b\u0107 pod postami. Nie s\u0105 to <strong>puste liczby<\/strong> \ud83d\ude42<\/p>\n<p>Zapraszamy do skorzystania r\u00f3wnie\u017c z us\u0142ugi alternatywnej: <a href=\"https:\/\/social-market.pl\/de\/polubienia-strony-na-facebooku\/\">Facebook Fani Fanpage<\/a><br \/>\nNatomiast je\u017celi zale\u017cy Ci na 100% realnych polubieniach z Polski, powinno si\u0119 wybra\u0107 zakup us\u0142ugi, kt\u00f3rej opis w\u0142a\u015bnie czytasz \ud83d\ude42<\/p>","protected":false},"featured_media":7480,"comment_status":"open","ping_status":"closed","template":"","meta":[],"product_brand":[],"product_cat":[96,107],"product_tag":[],"class_list":{"0":"post-7360","1":"product","2":"type-product","3":"status-publish","4":"has-post-thumbnail","6":"product_cat-facebook","7":"product_cat-facebook-pl","9":"first","10":"outofstock","11":"sale","12":"taxable","13":"shipping-taxable","14":"purchasable","15":"product-type-variable"},"_links":{"self":[{"href":"https:\/\/social-market.pl\/de\/wp-json\/wp\/v2\/product\/7360","targetHints":{"allow":["GET"]}}],"collection":[{"href":"https:\/\/social-market.pl\/de\/wp-json\/wp\/v2\/product"}],"about":[{"href":"https:\/\/social-market.pl\/de\/wp-json\/wp\/v2\/types\/product"}],"replies":[{"embeddable":true,"href":"https:\/\/social-market.pl\/de\/wp-json\/wp\/v2\/comments?post=7360"}],"wp:featuredmedia":[{"embeddable":true,"href":"https:\/\/social-market.pl\/de\/wp-json\/wp\/v2\/media\/7480"}],"wp:attachment":[{"href":"https:\/\/social-market.pl\/de\/wp-json\/wp\/v2\/media?parent=7360"}],"wp:term":[{"taxonomy":"product_brand","embeddable":true,"href":"https:\/\/social-market.pl\/de\/wp-json\/wp\/v2\/product_brand?post=7360"},{"taxonomy":"product_cat","embeddable":true,"href":"https:\/\/social-market.pl\/de\/wp-json\/wp\/v2\/product_cat?post=7360"},{"taxonomy":"product_tag","embeddable":true,"href":"https:\/\/social-market.pl\/de\/wp-json\/wp\/v2\/product_tag?post=7360"}],"curies":[{"name":"wp","href":"https:\/\/api.w.org\/{rel}","templated":true}]}}