{"id":7372,"date":"2021-02-18T14:24:13","date_gmt":"2021-02-18T14:24:13","guid":{"rendered":"https:\/\/social-market.pl\/?post_type=product&#038;p=7372"},"modified":"2026-02-23T20:10:04","modified_gmt":"2026-02-23T19:10:04","slug":"polskie-wyswietlenia-na-youtube-realne","status":"publish","type":"product","link":"https:\/\/social-market.pl\/de\/polskie-wyswietlenia-na-youtube-realne\/","title":{"rendered":"Polnische YouTube-Aufrufe (real)"},"content":{"rendered":"<h2 style=\"text-align: center\">Dlaczego warto kupi\u0107 polskie wy\u015bwietlenia na YouTube (realne)?<\/h2>\n<p>Przegl\u0105daj\u0105c YouTube w poszukiwaniu ciekawego filmu do obejrzenia prawdopodobnie najch\u0119tniej klikniesz w film z najwi\u0119ksz\u0105 liczb\u0105 wy\u015bwietle\u0144. Obserwuj\u0105c t\u0119 zale\u017cno\u015b\u0107 mo\u017cemy wyci\u0105gn\u0105\u0107 prosty wniosek \u2013 wsp\u00f3\u0142czynniki wy\u015bwietle\u0144 decyduj\u0105 o tym, czy film jest wart obejrzenia.<\/p>\n<p>W\u0142a\u015bnie dlatego mamy dla Ciebie kolejn\u0105 propozycj\u0119! S\u0105 to polskie wy\u015bwietlenia na YouTube (realne)! Dzi\u0119ki nim uzyskanie szerszego grona odbiorc\u00f3w nie b\u0119dzie dla Ciebie \u017cadnym problemem.<\/p>\n<p>&nbsp;<\/p>\n<h2 style=\"text-align: center\">Jak kupowa\u0107 polskie wy\u015bwietlenia na YouTube (realne)?<\/h2>\n<p>Teraz, gdy znasz ju\u017c szczeg\u00f3\u0142y naszych us\u0142ug i wiesz dlaczego powiniene\u015b z nich skorzysta\u0107, poka\u017cemy Ci jak to zrobi\u0107. Post\u0119puj zgodnie z naszym przewodnikiem krok po kroku, aby pomy\u015blnie zako\u0144czy\u0107 p\u0142atno\u015b\u0107. Oto kroki:<\/p>\n<p>1. Wybierz interesuj\u0105cy Ci\u0119 pakiet.<\/p>\n<p>2. Wklej adres URL w wyznaczonym polu.<\/p>\n<p>3. Zap\u0142a\u0107 online za pomoc\u0105 najbezpieczniejszych dost\u0119pnych metod p\u0142atno\u015bci. Po otrzymaniu Twojej transakcji natychmiast rozpoczniemy realizacj\u0119 zam\u00f3wienia.<\/p>\n<p>&nbsp;<\/p>\n<h2 style=\"text-align: center\">Dlaczego Social-Market.pl?<\/h2>\n<p>Social-Market.pl to miejsce, w kt\u00f3rym dokonasz w pe\u0142ni bezpiecznego i pewnego zakupu. Ca\u0142y proces zakupu jest dziecinnie prosty, jednak zdajemy sobie spraw\u0119 z nieoczekiwanych problem\u00f3w. Dlatego bez obaw \u2013 jeste\u015bmy do Twojej dyspozycji 24\/7 i zapewniamy pomoc na ka\u017cdym kroku.<\/p>","protected":false},"excerpt":{"rendered":"<p>Wy\u015bwietlenia pod wskazanym filmem na YouTube<\/p>\n<p>Zapraszamy do zakupu wy\u015bwietle\u0144 najwy\u017cszej jako\u015bci klikaj\u0105c przycisk poni\u017cej.<br \/>\n<strong>Wy\u015bwietlenia pochodz\u0105 z Polski<\/strong><\/p>","protected":false},"featured_media":7381,"comment_status":"open","ping_status":"closed","template":"","meta":[],"product_brand":[],"product_cat":[93],"product_tag":[],"class_list":{"0":"post-7372","1":"product","2":"type-product","3":"status-publish","4":"has-post-thumbnail","6":"product_cat-youtube","8":"first","9":"outofstock","10":"sale","11":"taxable","12":"shipping-taxable","13":"purchasable","14":"product-type-variable"},"_links":{"self":[{"href":"https:\/\/social-market.pl\/de\/wp-json\/wp\/v2\/product\/7372","targetHints":{"allow":["GET"]}}],"collection":[{"href":"https:\/\/social-market.pl\/de\/wp-json\/wp\/v2\/product"}],"about":[{"href":"https:\/\/social-market.pl\/de\/wp-json\/wp\/v2\/types\/product"}],"replies":[{"embeddable":true,"href":"https:\/\/social-market.pl\/de\/wp-json\/wp\/v2\/comments?post=7372"}],"wp:featuredmedia":[{"embeddable":true,"href":"https:\/\/social-market.pl\/de\/wp-json\/wp\/v2\/media\/7381"}],"wp:attachment":[{"href":"https:\/\/social-market.pl\/de\/wp-json\/wp\/v2\/media?parent=7372"}],"wp:term":[{"taxonomy":"product_brand","embeddable":true,"href":"https:\/\/social-market.pl\/de\/wp-json\/wp\/v2\/product_brand?post=7372"},{"taxonomy":"product_cat","embeddable":true,"href":"https:\/\/social-market.pl\/de\/wp-json\/wp\/v2\/product_cat?post=7372"},{"taxonomy":"product_tag","embeddable":true,"href":"https:\/\/social-market.pl\/de\/wp-json\/wp\/v2\/product_tag?post=7372"}],"curies":[{"name":"wp","href":"https:\/\/api.w.org\/{rel}","templated":true}]}}