{"id":9556,"date":"2025-06-11T21:30:33","date_gmt":"2025-06-11T19:30:33","guid":{"rendered":"https:\/\/social-market.pl\/?post_type=product&#038;p=9556"},"modified":"2025-06-11T22:05:07","modified_gmt":"2025-06-11T20:05:07","slug":"instagram-reels-wyswietlenia","status":"publish","type":"product","link":"https:\/\/social-market.pl\/de\/instagram-reels-wyswietlenia\/","title":{"rendered":"Instagram Reels Wy\u015bwietlenia"},"content":{"rendered":"<p>Zwi\u0119ksz zasi\u0119g i widoczno\u015b\u0107 swoich film\u00f3w dzi\u0119ki wy\u015bwietleniom Instagram Reels! Nasza us\u0142uga \u201eInstagram Reels Views\u201d to skuteczny spos\u00f3b na wypromowanie tre\u015bci i dotarcie do szerszego grona odbiorc\u00f3w. Wi\u0119cej wy\u015bwietle\u0144 to wi\u0119ksza szansa na viral i lepsze pozycjonowanie w algorytmie Instagrama.<\/p>\n<p>Idealne rozwi\u0105zanie dla influencer\u00f3w, marek osobistych i firm, kt\u00f3re chc\u0105 budowa\u0107 zaanga\u017cowan\u0105 spo\u0142eczno\u015b\u0107 i zwi\u0119kszy\u0107 swoj\u0105 obecno\u015b\u0107 w mediach spo\u0142eczno\u015bciowych. Nasze wy\u015bwietlenia s\u0105 bezpieczne i szybkie \u2013 nie wymagamy has\u0142a ani logowania, a Twoje konto nie jest nara\u017cone na \u017cadne ryzyko.<\/p>\n<p>Kupuj\u0105c wy\u015bwietlenia Reels, zwi\u0119kszasz szans\u0119 na lepsze statystyki, wi\u0119ksze zaufanie odbiorc\u00f3w i wzrost popularno\u015bci. Zoptymalizuj sw\u00f3j content i przyci\u0105gaj nowych followers\u00f3w dzi\u0119ki wi\u0119kszemu zasi\u0119gowi!<\/p>","protected":false},"excerpt":{"rendered":"<p>Zwi\u0119ksz wy\u015bwietlenia swoich Reels i dotrzyj do wi\u0119kszej liczby odbiorc\u00f3w. Szybka, bezpieczna realizacja \u2013 bez hase\u0142 i ryzyka!<\/p>","protected":false},"featured_media":9584,"comment_status":"open","ping_status":"closed","template":"","meta":[],"product_brand":[],"product_cat":[97],"product_tag":[],"class_list":{"0":"post-9556","1":"product","2":"type-product","3":"status-publish","4":"has-post-thumbnail","6":"product_cat-instagram","8":"first","9":"instock","10":"sale","11":"taxable","12":"shipping-taxable","13":"purchasable","14":"product-type-variable"},"_links":{"self":[{"href":"https:\/\/social-market.pl\/de\/wp-json\/wp\/v2\/product\/9556","targetHints":{"allow":["GET"]}}],"collection":[{"href":"https:\/\/social-market.pl\/de\/wp-json\/wp\/v2\/product"}],"about":[{"href":"https:\/\/social-market.pl\/de\/wp-json\/wp\/v2\/types\/product"}],"replies":[{"embeddable":true,"href":"https:\/\/social-market.pl\/de\/wp-json\/wp\/v2\/comments?post=9556"}],"wp:featuredmedia":[{"embeddable":true,"href":"https:\/\/social-market.pl\/de\/wp-json\/wp\/v2\/media\/9584"}],"wp:attachment":[{"href":"https:\/\/social-market.pl\/de\/wp-json\/wp\/v2\/media?parent=9556"}],"wp:term":[{"taxonomy":"product_brand","embeddable":true,"href":"https:\/\/social-market.pl\/de\/wp-json\/wp\/v2\/product_brand?post=9556"},{"taxonomy":"product_cat","embeddable":true,"href":"https:\/\/social-market.pl\/de\/wp-json\/wp\/v2\/product_cat?post=9556"},{"taxonomy":"product_tag","embeddable":true,"href":"https:\/\/social-market.pl\/de\/wp-json\/wp\/v2\/product_tag?post=9556"}],"curies":[{"name":"wp","href":"https:\/\/api.w.org\/{rel}","templated":true}]}}