{"id":9559,"date":"2025-06-11T21:30:33","date_gmt":"2025-06-11T19:30:33","guid":{"rendered":"https:\/\/social-market.pl\/?post_type=product&#038;p=9559"},"modified":"2025-06-11T22:07:17","modified_gmt":"2025-06-11T20:07:17","slug":"instagram-zaangazowanie-zasieg-posta-zasieg-profilu","status":"publish","type":"product","link":"https:\/\/social-market.pl\/de\/instagram-zaangazowanie-zasieg-posta-zasieg-profilu\/","title":{"rendered":"Instagram zaanga\u017cowanie + zasi\u0119g posta+ zasi\u0119g profilu"},"content":{"rendered":"<p>Chcesz zwi\u0119kszy\u0107 widoczno\u015b\u0107 posta, zasi\u0119g profilu i og\u00f3lne zaanga\u017cowanie na Instagramie \u2013 wszystko w jednej us\u0142udze? Wybierz Instagram Impressions + Reach + Profile Visits \u2013 kompleksowy boost, kt\u00f3ry znacz\u0105co poprawia Twoje statystyki i pomaga wyr\u00f3\u017cni\u0107 si\u0119 w algorytmie Instagrama.<\/p>\n<p>Wystarczy, \u017ce podasz link do posta \u2013 my zajmiemy si\u0119 reszt\u0105! W ramach tej us\u0142ugi zwi\u0119kszamy:<\/p>\n<p>Impressions (wy\u015bwietlenia posta) \u2013 liczba razy, kiedy Tw\u00f3j post by\u0142 widoczny.<\/p>\n<p>Reach (zasi\u0119g posta i profilu) \u2013 liczba unikalnych u\u017cytkownik\u00f3w, kt\u00f3rzy go zobaczyli.<\/p>\n<p>Profile Visits (odwiedziny profilu) \u2013 wi\u0119cej klikni\u0119\u0107 w Tw\u00f3j profil = wi\u0119cej potencjalnych obserwuj\u0105cych.<\/p>\n<p>Dzi\u0119ki temu rozwi\u0105zaniu budujesz nie tylko silniejszy zasi\u0119g, ale r\u00f3wnie\u017c realne zaanga\u017cowanie i wiarygodno\u015b\u0107. To idealne narz\u0119dzie dla influencer\u00f3w, marek, firm i tw\u00f3rc\u00f3w contentu, kt\u00f3rzy chc\u0105 kompleksowo wzmocni\u0107 sw\u00f3j profil i postawi\u0107 na rozw\u00f3j organiczny.<\/p>\n<p>Bezpieczna i szybka realizacja, bez potrzeby logowania. Postaw na ca\u0142o\u015bciowy rozw\u00f3j swojego konta \u2013 skutecznie i profesjonalnie.<\/p>","protected":false},"excerpt":{"rendered":"<p>Zwi\u0119ksz impressions, zasi\u0119g posta i odwiedziny profilu na Instagramie \u2013 wszystko w jednej us\u0142udze! Szybka i bezpieczna realizacja przez link do posta.<\/p>","protected":false},"featured_media":9584,"comment_status":"open","ping_status":"closed","template":"","meta":[],"product_brand":[],"product_cat":[97],"product_tag":[],"class_list":{"0":"post-9559","1":"product","2":"type-product","3":"status-publish","4":"has-post-thumbnail","6":"product_cat-instagram","8":"first","9":"instock","10":"sale","11":"taxable","12":"shipping-taxable","13":"purchasable","14":"product-type-variable"},"_links":{"self":[{"href":"https:\/\/social-market.pl\/de\/wp-json\/wp\/v2\/product\/9559","targetHints":{"allow":["GET"]}}],"collection":[{"href":"https:\/\/social-market.pl\/de\/wp-json\/wp\/v2\/product"}],"about":[{"href":"https:\/\/social-market.pl\/de\/wp-json\/wp\/v2\/types\/product"}],"replies":[{"embeddable":true,"href":"https:\/\/social-market.pl\/de\/wp-json\/wp\/v2\/comments?post=9559"}],"wp:featuredmedia":[{"embeddable":true,"href":"https:\/\/social-market.pl\/de\/wp-json\/wp\/v2\/media\/9584"}],"wp:attachment":[{"href":"https:\/\/social-market.pl\/de\/wp-json\/wp\/v2\/media?parent=9559"}],"wp:term":[{"taxonomy":"product_brand","embeddable":true,"href":"https:\/\/social-market.pl\/de\/wp-json\/wp\/v2\/product_brand?post=9559"},{"taxonomy":"product_cat","embeddable":true,"href":"https:\/\/social-market.pl\/de\/wp-json\/wp\/v2\/product_cat?post=9559"},{"taxonomy":"product_tag","embeddable":true,"href":"https:\/\/social-market.pl\/de\/wp-json\/wp\/v2\/product_tag?post=9559"}],"curies":[{"name":"wp","href":"https:\/\/api.w.org\/{rel}","templated":true}]}}