{"id":9578,"date":"2025-06-11T21:30:35","date_gmt":"2025-06-11T19:30:35","guid":{"rendered":"https:\/\/social-market.pl\/?post_type=product&#038;p=9578"},"modified":"2026-02-23T19:54:56","modified_gmt":"2026-02-23T18:54:56","slug":"youtube-shorts-like","status":"publish","type":"product","link":"https:\/\/social-market.pl\/de\/youtube-shorts-like\/","title":{"rendered":"Youtube shorts like"},"content":{"rendered":"<p>Zwi\u0119ksz widoczno\u015b\u0107 i atrakcyjno\u015b\u0107 swoich kr\u00f3tkich film\u00f3w dzi\u0119ki us\u0142udze YouTube Shorts Like! Polubienia to jeden z kluczowych czynnik\u00f3w wp\u0142ywaj\u0105cych na algorytm YouTube \u2013 im wi\u0119cej lajk\u00f3w, tym wi\u0119ksza szansa, \u017ce Tw\u00f3j Shorts trafi do szerszej publiczno\u015bci i zostanie wypromowany w zak\u0142adce \u201eShorts\u201d.<\/p>\n<p>Nasza us\u0142uga zapewnia realne, bezpieczne polubienia od aktywnych u\u017cytkownik\u00f3w, co sprawia, \u017ce Twoje materia\u0142y wygl\u0105daj\u0105 na popularne i warte uwagi. To idealne rozwi\u0105zanie dla tw\u00f3rc\u00f3w, influencer\u00f3w, marek i firm, kt\u00f3re chc\u0105 zbudowa\u0107 silny wizerunek i zwi\u0119kszy\u0107 zaanga\u017cowanie.<\/p>\n<p>Dlaczego warto?<\/p>\n<p>Wi\u0119cej lajk\u00f3w = wi\u0119ksze szanse na viral.<\/p>\n<p>Naturalnie wygl\u0105daj\u0105ce zaanga\u017cowanie.<\/p>\n<p>Zwi\u0119kszona wiarygodno\u015b\u0107 Twojego profilu i contentu.<\/p>\n<p>Us\u0142uga realizowana szybko i bezpiecznie \u2013 nie wymagamy danych logowania. Wystarczy link do Shorts.<\/p>","protected":false},"excerpt":{"rendered":"<p>Zyskaj wi\u0119cej lajk\u00f3w pod YouTube Shorts \u2013 realni u\u017cytkownicy, szybka realizacja, wi\u0119kszy zasi\u0119g i lepsze pozycjonowanie!<\/p>","protected":false},"featured_media":9600,"comment_status":"open","ping_status":"closed","template":"","meta":[],"product_brand":[],"product_cat":[93],"product_tag":[],"class_list":{"0":"post-9578","1":"product","2":"type-product","3":"status-publish","4":"has-post-thumbnail","6":"product_cat-youtube","8":"first","9":"outofstock","10":"sale","11":"taxable","12":"shipping-taxable","13":"purchasable","14":"product-type-variable"},"_links":{"self":[{"href":"https:\/\/social-market.pl\/de\/wp-json\/wp\/v2\/product\/9578","targetHints":{"allow":["GET"]}}],"collection":[{"href":"https:\/\/social-market.pl\/de\/wp-json\/wp\/v2\/product"}],"about":[{"href":"https:\/\/social-market.pl\/de\/wp-json\/wp\/v2\/types\/product"}],"replies":[{"embeddable":true,"href":"https:\/\/social-market.pl\/de\/wp-json\/wp\/v2\/comments?post=9578"}],"wp:featuredmedia":[{"embeddable":true,"href":"https:\/\/social-market.pl\/de\/wp-json\/wp\/v2\/media\/9600"}],"wp:attachment":[{"href":"https:\/\/social-market.pl\/de\/wp-json\/wp\/v2\/media?parent=9578"}],"wp:term":[{"taxonomy":"product_brand","embeddable":true,"href":"https:\/\/social-market.pl\/de\/wp-json\/wp\/v2\/product_brand?post=9578"},{"taxonomy":"product_cat","embeddable":true,"href":"https:\/\/social-market.pl\/de\/wp-json\/wp\/v2\/product_cat?post=9578"},{"taxonomy":"product_tag","embeddable":true,"href":"https:\/\/social-market.pl\/de\/wp-json\/wp\/v2\/product_tag?post=9578"}],"curies":[{"name":"wp","href":"https:\/\/api.w.org\/{rel}","templated":true}]}}