{"id":6671,"date":"2020-12-06T18:50:03","date_gmt":"2020-12-06T18:50:03","guid":{"rendered":"https:\/\/social-market.pl\/?post_type=product&#038;p=6671"},"modified":"2025-04-22T15:08:08","modified_gmt":"2025-04-22T13:08:08","slug":"obserwujacy-followers-na-instagramie","status":"publish","type":"product","link":"https:\/\/social-market.pl\/en\/obserwujacy-followers-na-instagramie\/","title":{"rendered":"Observers (followers) on Instagram"},"content":{"rendered":"<h2 style=\"text-align: center;\">Dlaczego warto kupi\u0107 Followers na Instagramie?<\/h2>\n<p>Bez w\u0105tpienia Instagram jest jedn\u0105 z najpopularniejszych platform medi\u00f3w spo\u0142eczno\u015bciowych. Kupuj\u0105c obserwuj\u0105cych, zyskujesz widoczno\u015b\u0107 na Instagramie. W ten spos\u00f3b b\u0119dziesz mie\u0107 szans\u0119, aby Twoje posty zosta\u0142y odkryte przez znacznie wi\u0119cej os\u00f3b. Kiedy ludzie wejd\u0105 na Tw\u00f3j profil pierwsze co rzuci im si\u0119 w oczy to liczba followers\u00f3w. Je\u015bli b\u0119dzie du\u017ca pomy\u015bl\u0105 &#8222;wow, warto \u015bledzi\u0107 ten profil&#8221;. Obserwuj\u0105cy (followers) na Instagramie pochodz\u0105 z ca\u0142ego \u015bwiata!<\/p>\n<p>&nbsp;<\/p>\n<h2 style=\"text-align: center;\">Jak kupowa\u0107 obserwacje na Instagramie?<\/h2>\n<p>Teraz, gdy znasz ju\u017c szczeg\u00f3\u0142y naszych us\u0142ug i wiesz dlaczego powiniene\u015b z nich skorzysta\u0107, poka\u017cemy Ci jak to zrobi\u0107. Post\u0119puj zgodnie z naszym przewodnikiem krok po kroku, aby pomy\u015blnie zako\u0144czy\u0107 p\u0142atno\u015b\u0107. Oto kroki:<\/p>\n<p>1. Wybierz interesuj\u0105cy Ci\u0119 pakiet.<\/p>\n<p>2. Wklej adres URL w wyznaczonym polu.<\/p>\n<p>3. Zap\u0142a\u0107 online za pomoc\u0105 najbezpieczniejszych dost\u0119pnych metod p\u0142atno\u015bci. Po otrzymaniu Twojej transakcji natychmiast rozpoczniemy realizacj\u0119 zam\u00f3wienia.<\/p>\n<p>&nbsp;<\/p>\n<h2 style=\"text-align: center;\">Dlaczego Social-Market.pl?<\/h2>\n<p>Social-Market.pl to miejsce, w kt\u00f3rym dokonasz w pe\u0142ni bezpiecznego i pewnego zakupu. Ca\u0142y proces zakupu jest dziecinnie prosty, jednak zdajemy sobie spraw\u0119 z nieoczekiwanych problem\u00f3w. Dlatego bez obaw \u2013 jeste\u015bmy do Twojej dyspozycji 24\/7 i zapewniamy pomoc na ka\u017cdym kroku.<\/p>\n<p>&nbsp;<\/p>\n<h1>Obserwuj\u0105cy instagram<\/h1>\n<p>DLACZEGO WARTO KUPI\u0106 INSTAGRAM FOLLOWERS?<\/p>\n<p>\u017byjemy w \u015bwiecie medi\u00f3w spo\u0142eczno\u015bciowych. Do dnia dzisiejszego, istnieje ponad 90 milion\u00f3w aktywnych u\u017cytkownik\u00f3w Instagrama miesi\u0119cznie &#8211; a liczba aktywnych u\u017cytkownik\u00f3w ro\u015bnie z dnia na dzie\u0144! Niezale\u017cnie od tego czy jeste\u015b osob\u0105 fizyczn\u0105, artyst\u0105 lub ma\u0142\u0105 firm\u0105, kt\u00f3ra chce wi\u0119cej \u015bwiadomo\u015bci marki &#8211; Instagram jest # 1 sieci spo\u0142ecznej. Jednak\u017ce, nie ma sensu, je\u015bli masz 0 obserwuj\u0105cych na Instagramie (co jest ogromn\u0105 czerwon\u0105 flag\u0105). I to jest to, gdzie strategia przychodzi w stare metody, takie jak spamowanie hashtagami w Twoich postach. Ale mamy dla Ciebie wiadomo\u015b\u0107. To ju\u017c nie dzia\u0142a. Wi\u0119c usi\u0105d\u017a wygodnie i przekonaj si\u0119, \u017ce kupowanie follow na Instagramie jest proste i naprawd\u0119 op\u0142acalne. Dowiedz si\u0119, jak szybko pozwoli Ci to zdoby\u0107 popularno\u015b\u0107 w social media.<\/p>\n<p>Opcja natychmiastowej realizacji zam\u00f3wienia<\/p>\n<p>Najwy\u017csza jako\u015b\u0107 follow na rynku<\/p>\n<p>Wsparcie klienta 24\/7, pomoc w sk\u0142adaniu zam\u00f3wienia i w razie wyst\u0105pienia ewentualnych problem\u00f3w<\/p>\n<p>Wykorzystywane przez w\u0142a\u015bcicieli firm i Influencer\u00f3w na Instagramie<\/p>\n<p>Idealny do marketingu na Instagramie<\/p>\n<h2>Jak jako\u015bciowi s\u0105 Instagram followers?<\/h2>\n<p>Kiedy dostarczamy Ci nowych obserwator\u00f3w gwarantujemy tylko najwy\u017csz\u0105 jako\u015b\u0107. Niestety, nie mo\u017cemy powiedzie\u0107 tego samego o naszych konkurentach, kt\u00f3rzy nie dbaj\u0105 o Twoj\u0105 satysfakcj\u0119 i najprawdopodobniej dostarcz\u0105 Ci niskiej jako\u015bci obserwuj\u0105cych. Niekt\u00f3rzy m\u00f3wi\u0105, \u017ce jako\u015b\u0107 jest wa\u017cniejsza ni\u017c ilo\u015b\u0107. Tutaj mo\u017cesz by\u0107 spokojny wiedz\u0105c, \u017ce obserwuj\u0105cy s\u0105 najwy\u017cszej klasy, bez wzgl\u0119du na to, ile ich zam\u00f3wisz! Nasi klienci m\u00f3wi\u0105, \u017ce jeste\u015bmy najlepsz\u0105 stron\u0105 dla autentycznych follow, nasz serwis zosta\u0142 przez nich oceniony 5.00 na 5. Oznacza to, \u017ce posiadamy 5\/5 gwiazdek, tak, a\u017c 5 na podstawie ocen klient\u00f3w. Pod naszymi us\u0142ugami przeczyta\u0107 mo\u017cna wiele pozytywnych opinii takich jak: &#8222;Polecam, oceniony 5\/5&#8221;, &#8222;Follow najwy\u017cszej jako\u015bci&#8221; czy &#8222;Jestem bardzo zadowolony, zakup zosta\u0142 oceniony na 5&#8221;. Dlaczego wi\u0119c nie przekona\u0107 si\u0119 samemu? Pozw\u00f3l nam by\u0107 tajn\u0105 broni\u0105 dla zwi\u0119kszenia Twojej grupy docelowej w Twojej strategii marketingowej w mediach spo\u0142eczno\u015bciowych.<\/p>\n<h2>Jak d\u0142ugo trwa realizacja zam\u00f3wienia?<\/h2>\n<p>Ca\u0142kowicie zrewolucjonizowali\u015bmy ca\u0142y proces p\u0142atno\u015bci i jeste\u015bmy dumni mog\u0105c powiedzie\u0107, \u017ce nasz serwis oferuje najlepsze, najszybsze i najta\u0144sze us\u0142ugi Instagram w Internecie. Zapomnij o tych wszystkich stronach internetowych, kt\u00f3re wymagaj\u0105 od Ciebie wype\u0142nienia \u017cmudnych formularzy, walidacji konta i weryfikacji adresu e-mail zanim przyst\u0105pisz do sk\u0142adania zam\u00f3wienia. Zdobywanie sympatii i zwolennik\u00f3w nigdy nie by\u0142o \u0142atwiejsze! Wykonujemy ca\u0142\u0105 prac\u0119 za Ciebie! Organiczni obserwuj\u0105cy z ca\u0142\u0105 pewno\u015bci\u0105 nie zaszkodz\u0105 sytuacji Twojego konta. Kiedy kupujesz nasze pakiety obserwuj\u0105cych Instagram, zawsze b\u0119dziemy dostarcza\u0107 odpowiedni\u0105 ilo\u015b\u0107 obserwuj\u0105cych (i mamy r\u00f3wnie\u017c zautomatyzowany system uzupe\u0142niania)!<\/p>\n<h2>Czy posiadanie wielu followers Instagram pomo\u017ce mojemu biznesowi?<\/h2>\n<p>Tak, to prawda! Wyobra\u017a sobie nast\u0119puj\u0105c\u0105 sytuacj\u0119: w\u0142a\u015bnie odkry\u0142e\u015b artyst\u0119 na Instagramie, ale liczba os\u00f3b obserwuj\u0105cych na jego profilu wynosi 7. Pytanie, kt\u00f3re sobie zadajesz, brzmi: &#8222;Dlaczego powinienem go obserwowa\u0107, je\u015bli nikt inny tego nie robi?&#8221;. A teraz wyobra\u017a sobie nast\u0119puj\u0105c\u0105 sytuacj\u0119: kto\u015b odwiedza Twoj\u0105 stron\u0119 na Instagramie i odkrywa, \u017ce masz ponad 1000 obserwuj\u0105cych na swoim profilu. Wtedy pytanie, kt\u00f3re zadadz\u0105, b\u0119dzie zupe\u0142nie inne &#8222;dlaczego go nie obserwuj\u0119, skoro tak wiele os\u00f3b to robi?&#8221;.<\/p>\n<p>Ci nowi zwolennicy b\u0119d\u0105 r\u00f3wnie\u017c bardziej sk\u0142onni do polubienia \u015bwie\u017co opublikowanego zdj\u0119cia i zaanga\u017cowania si\u0119 w Twoje posty na Instagramie. Niezale\u017cnie od tego, czy jeste\u015b Influencerem, kt\u00f3ry chce zwi\u0119kszy\u0107 sw\u00f3j dow\u00f3d spo\u0142eczny, czy prowadzisz konto biznesowe na Instagramie, kt\u00f3re wymaga wi\u0119kszej obecno\u015bci w mediach, us\u0142uga zakupu Instagram followers jest dla Ciebie.<\/p>\n<h2>Dlaczego powiniene\u015b nas wybra\u0107?<\/h2>\n<p>Social-Market.pl to elitarny zesp\u00f3\u0142 ekspert\u00f3w z ponad 12-letnim do\u015bwiadczeniem na platformach medi\u00f3w spo\u0142eczno\u015bciowych. Odk\u0105d Instagram zosta\u0142 uruchomiony w 2011 roku, Social-Market.pl zawsze utrzymywa\u0142 tytu\u0142 lidera w bran\u017cy dla wszystkiego, co zwi\u0105zane z us\u0142ugami Instagram. Z wieloletnim do\u015bwiadczeniem i tysi\u0105cami zadowolonych klient\u00f3w &#8211; wybieraj\u0105c nas nie mo\u017cna si\u0119 pomyli\u0107! Przesta\u0144 p\u0142aci\u0107 za reklamy na Instagramie i wykorzystaj Social-Market.pl w swojej strategii marketingowej online. Wci\u0105\u017c nie jeste\u015b przekonany? Sprawd\u017a nasz\u0105 stron\u0119 z recenzjami, aby zobaczy\u0107, co m\u00f3wi\u0105 o nas nasi klienci! Z przyst\u0119pnymi cenami, zespo\u0142em wsparcia 24\/7 i opcjonaln\u0105 natychmiastow\u0105 realizacj\u0105, Social-Market.pl jest dostawc\u0105 nr 1 do zakupu Instagram followers.<\/p>\n<h2>Dlaczego obserwuj\u0105cy na Instagramie s\u0105 wa\u017cni?<\/h2>\n<p>Kupowanie Instagram followers pomaga Twojemu profilowi uzyska\u0107 wi\u0119ksz\u0105 widoczno\u015b\u0107, poniewa\u017c Instagram ma ponad miliard u\u017cytkownik\u00f3w na ca\u0142ym \u015bwiecie. Jest to jedna z najbardziej popularnych platform medi\u00f3w spo\u0142eczno\u015bciowych. Nie ma w\u0105tpliwo\u015bci, \u017ce jest to bardzo preferowana platforma obecnie, poniewa\u017c oferuje bardzo przyjazny dla u\u017cytkownika interfejs. Chocia\u017c by\u0142 postrzegany jako kopia s\u0142ynnego Snapchata, Instagram rozwin\u0105\u0142 si\u0119 bardzo szybko. Oferowa\u0142 tak wiele funkcji, \u017ce ludzie nie mogli powstrzyma\u0107 si\u0119 od ich u\u017cywania. Ponadto, Instagram wymy\u015bli\u0142 tak wiele kreatywnych funkcji, \u017ce uzyska\u0142 zainteresowanie Facebooka. To jest pow\u00f3d, dla kt\u00f3rego kupili go w 2012 roku, a teraz jest sp\u00f3\u0142k\u0105 zale\u017cn\u0105 Facebooka. To by\u0142a m\u0105dra inwestycja. Jak mogli\u015bmy zobaczy\u0107, Facebookowi nadal udaje si\u0119 utrzyma\u0107 swoj\u0105 popularno\u015b\u0107, z r\u00f3\u017cnych platform, takich jak Instagram i WhatsApp.<\/p>\n<p>Po tym, jak Facebook kupi\u0142 Instagram, aplikacja sta\u0142a si\u0119 jeszcze lepsza. Instagram oferowa\u0142 wiele funkcji, a jego przyjazny dla u\u017cytkownika interfejs sprawi\u0142, \u017ce aplikacja sta\u0142a si\u0119 bardzo popularna. W rzeczywisto\u015bci najbardziej popularna. Jednak funkcje i interfejs nie s\u0105 jedynym powodem, dla kt\u00f3rego aplikacja jest tak popularna. Da\u0142a ona ludziom szans\u0119 sta\u0107 si\u0119 s\u0142awnym. Dlatego w\u0142a\u015bnie us\u0142ugi Instagram followers s\u0105 bardzo wa\u017cne. Bez publiczno\u015bci, nie by\u0142oby popularnych Instagram Infuncer\u00f3w. To jest pow\u00f3d, dla kt\u00f3rego ludzie chc\u0105 kupi\u0107 Instagram zwolennik\u00f3w.<\/p>\n<p>Liczba obserwuj\u0105cych na Instagramie ma znaczenie, tak jak na ka\u017cdej innej platformie medi\u00f3w spo\u0142eczno\u015bciowych. Je\u015bli Twoje konto ma wielu zwolennik\u00f3w, \u0142atwiej jest uzyska\u0107 wi\u0119cej zwolennik\u00f3w stopniowo przez czas. Oczywi\u015bcie, warto spr\u00f3bowa\u0107 zwi\u0119kszy\u0107 liczb\u0119 swoich Instagram followers w naturalny spos\u00f3b. Istnieje wiele porad i sposob\u00f3w, aby uzyska\u0107 wi\u0119cej obserwuj\u0105cych na Instagramie. Chocia\u017c s\u0105 one prawdziwe, mo\u017cesz nie mie\u0107 czasu, aby osi\u0105gn\u0105\u0107 sukces na swoim do\u015bwiadczeniu w mediach spo\u0142eczno\u015bciowych. Dlatego rozwa\u017cenie kupowania zwolennik\u00f3w jest dobrym pomys\u0142em i jest uwa\u017cany za szybki impuls do zdobycia liczby fan\u00f3w, o kt\u00f3rej marzysz.<\/p>\n<h2>Kup Instagram followers<\/h2>\n<p><strong>Kluczowe powody, dla kt\u00f3rych warto kupi\u0107 Instagram followers<\/strong><\/p>\n<p>Kiedy zacz\u0119li\u015bmy korzysta\u0107 z social media kilka lat temu, by\u0142o to czysto dla rozrywki. Jednak, media spo\u0142eczno\u015bciowe nie s\u0142u\u017c\u0105 ju\u017c tylko rozrywce. Dzi\u015b mo\u017cemy zobaczy\u0107 wiele marek, firm i innych organizacji korzystaj\u0105cych z medi\u00f3w spo\u0142eczno\u015bciowych w celu osi\u0105gni\u0119cia zysku. Odk\u0105d Instagram sta\u0142 si\u0119 popularn\u0105 platform\u0105, mo\u017cemy zobaczy\u0107 r\u00f3\u017cne rodzaje jego wykorzystania, zar\u00f3wno dla rozrywki, jak i dla cel\u00f3w biznesowych. Instagram oferuje nawet profile biznesowe, je\u015bli chcesz go u\u017cywa\u0107 do zarabiania pieni\u0119dzy i promowania swojej marki b\u0105d\u017a firmy. Podobnie jak w przypadku podstawowego konta, jeste\u015b w stanie \u0142atwo utworzy\u0107 i edytowa\u0107 sw\u00f3j profil. Instagram wspiera wszystkich swoich u\u017cytkownik\u00f3w, oferuj\u0105c takie samo proste do\u015bwiadczenie u\u017cytkownika. Profile biznesowe s\u0105 \u015bwietne do promowania swojej pracy i dlatego dodatkowe obserwacje pomog\u0105 Ci dotrze\u0107 do wi\u0119kszej ilo\u015bci potencjalnych klient\u00f3w.<\/p>\n<p>Je\u015bli Twoim celem jest zarabianie pieni\u0119dzy na Instagramie, nie musisz mie\u0107 profilu biznesowego. Mo\u017cliwe bycie Influencerem r\u00f3wnie\u017c ze swoim osobistym profilem. Instagram oferuje kr\u00f3tkie tre\u015bci, takie jak na przyk\u0142ad kr\u00f3tkie filmiki. Dzi\u0119ki temu zostanie popularnym na tej platformie nie jest trudne, a co wi\u0119cej mo\u017ce by\u0107 ca\u0142kiem zabawne. Aby zacz\u0105\u0107 zarabia\u0107, wybierz us\u0142ug\u0119 zakupu obserwator\u00f3w bez wzgl\u0119du na to, jaki profil na Instagramie posiadasz. Niezale\u017cnie od tego, czy jest to profil firmy, czy Tw\u00f3j osobisty, wa\u017cne jest, aby mie\u0107 obserwuj\u0105cych. Kupuj\u0105c ich, zapewniasz sobie szybki start i mo\u017cliwo\u015b\u0107 skupienia si\u0119 na rozwijaniu swojego profilu.<\/p>\n<h2>Korzy\u015bci z kupowania followers Instagram<\/h2>\n<p>Kupowanie followers\u00f3w pozwoli Ci zaoszcz\u0119dzi\u0107 czas na rozw\u00f3j Twojego profilu. Mo\u017ce chcia\u0142by\u015b zrobi\u0107 to w spos\u00f3b organiczny? Jednak nie zawsze jest to mo\u017cliwe. Za\u0142\u00f3\u017cmy, \u017ce otworzy\u0142e\u015b sklep z pami\u0105tkami i chcesz go wypromowa\u0107. Insta jest idealnym sposobem, aby to zrobi\u0107. Jednak poczyni\u0142e\u015b du\u017ce inwestycje dla tego sklepu i chcesz zacz\u0105\u0107 zarabia\u0107 jak najszybciej. Je\u015bli spr\u00f3bujesz zdoby\u0107 obserwuj\u0105cych organicznie, trzeba b\u0119dzie po\u015bwi\u0119ci\u0107 czas na to mi\u0119dzy wszystkimi swoimi pracami. Dlatego zakup followers\u00f3w pomo\u017ce ci, ale jak?<\/p>\n<p>Wspomnieli\u015bmy, \u017ce korzystanie z mo\u017cliwo\u015bci zakupu followers\u00f3w na Instagramie jest dobrym sposobem na szybki wzrost popularno\u015bci konta. Oto kilka korzy\u015bci, kt\u00f3re s\u0105 uzyskiwane dzi\u0119ki zwi\u0119kszeniu ilo\u015bci obserwator\u00f3w za pomoc\u0105 ich zakupu:<\/p>\n<p><strong>Widoczno\u015b\u0107<\/strong><\/p>\n<p>Zakup followers\u00f3w na Instagramie szybko zwi\u0119kszy Twoj\u0105 widoczno\u015b\u0107 w aplikacji. Nie szukaj ju\u017c co oznacza widoczno\u015b\u0107 na Instagramie! Ju\u017c wyja\u015bniamy. Jest to mo\u017cliwo\u015b\u0107 pokazania swoich tre\u015bci wi\u0119kszej ilo\u015bci os\u00f3b. Wa\u017cn\u0105 rol\u0119 odgrywa tutaj strona explore page. Je\u015bli marzysz o tym, aby Twoje konto zosta\u0142o odkryte, kup obserwacje! Jest to \u015bwietny spos\u00f3b na rozpocz\u0119cie tego procesu.<\/p>\n<p><strong>Zaufanie<\/strong><\/p>\n<p>Kiedy kupujesz obserwacje, nie tylko zwi\u0119kszasz ich liczb\u0119, ale tak\u017ce zdobywasz zaufanie ludzi, kt\u00f3rzy odwiedzaj\u0105 Tw\u00f3j profil. Pomy\u015bl\u0105, \u017ce je\u015bli masz tak\u0105 ilo\u015b\u0107 zwolennik\u00f3w, to Twoje konto jest czym\u015b wartym na\u015bladowania. Dodatkowi obserwuj\u0105cy nie sprawi\u0105, \u017ce Twoje konto zostanie uznane za fa\u0142szywe. Je\u015bli zale\u017cy Ci na naturalnym wygl\u0105dzie Twojego profilu, dodaj\u0105c us\u0142ug\u0119 obserwuj\u0105cy Instagram, kiedy ju\u017c wybierzesz ilo\u015b\u0107, dodaj tak\u017ce niewielk\u0105 ilo\u015b\u0107 polubie\u0144 do ostatnich post\u00f3w. To uwiarygodni popularno\u015b\u0107 Twoich zdj\u0119\u0107 i b\u0119dzie pokazywa\u0142o, \u017ce followersi s\u0105 realni.<\/p>\n<p><strong>Organiczni followersi<\/strong><\/p>\n<p>Kiedy zaczniesz swoj\u0105 przygod\u0119 z sukcesem na Instagramie z followersami, kt\u00f3rych kupi\u0142e\u015b od Social-Market.pl, ta liczba followers\u00f3w pomo\u017ce Ci zdoby\u0107 organicznych, kt\u00f3rych mo\u017cesz uzyska\u0107 za darmo. Liczba Twoich followers\u00f3w b\u0119dzie ros\u0142a na podstawie liczby Twoich obecnych followers\u00f3w. Jest to efekt kuli \u015bnie\u017cnej. Je\u015bli zale\u017cy Ci na tym, aby dotrze\u0107 do ludzi, zakup obserwuj\u0105cych u\u0142atwi Ci drog\u0119 do komunikacji i sukcesu. Nie szukaj daleko! Popularno\u015b\u0107 Twoich zdj\u0119\u0107 i filmik\u00f3w wzro\u015bnie, je\u015bli kupisz obserwator\u00f3w na Insta.<\/p>\n<h2>Jak mo\u017cna kupi\u0107 followers\u00f3w na IG?<\/h2>\n<p>Kupowanie followers\u00f3w Insta od Social-Market.pl jest bardzo proste i bezpieczne. Nie potrzebujemy \u017cadnych istotnych informacji, takich jak Twoje has\u0142o itp. Nie ka\u017cemy Ci wype\u0142nia\u0107 \u017cadnych formularzy. Dzi\u0119ki nam kupisz followers\u00f3w \u0142atwo i szybko. Zobacz instrukcje poni\u017cej:<\/p>\n<ol>\n<li>Po wej\u015bciu na stron\u0119 produktu, wybierz ilo\u015b\u0107 followers\u00f3w. Zrobisz to za pomoc\u0105 rozwijanego paska.<\/li>\n<li>Nast\u0119pnie w polu poni\u017cej wklej link do profilu. Przy tym kroku pami\u0119taj o jednym &#8211; profil MUSI BY\u0106 PRYWATNY! W przeciwnym razie nie b\u0119dziemy w stanie wykona\u0107 us\u0142ugi, poniewa\u017c link nie b\u0119dzie aktywny.<\/li>\n<li>Zwi\u0119ksz zasi\u0119gi dzi\u0119ki wybraniu dodatkowych opcji. Dodatkowe opcje to natychmiastowa realizacja, wy\u017csza jako\u015b\u0107 oraz gwarancja PREMIUM.<\/li>\n<li>Wreszcie, kliknij na &#8222;Zam\u00f3w us\u0142ug\u0119!&#8221;, aby zako\u0144czy\u0107 proces i przej\u015b\u0107 do realizacji.<\/li>\n<\/ol>\n<p>Jeszcze raz przypominamy &#8211; Tw\u00f3j profil powinien by\u0107 publiczny, gdy kupujesz us\u0142ug\u0119 na Instagramie Instagram followers! W przeciwnym razie link nie b\u0119dzie aktywny, a my nie b\u0119dziemy mogli zrealizowa\u0107 zam\u00f3wienia. Nast\u0119pnie mo\u017cesz go ponownie uczyni\u0107 prywatnym, je\u015bli chcesz. Zdob\u0105d\u017a najlepszych obserwuj\u0105cych na rynku &#8211; kup jeden z naszych pakiet\u00f3w.<\/p>\n<p>Jak wida\u0107, jest to do\u015b\u0107 proste. Otrzymasz swoich obserwuj\u0105cych w szacowanym czasie. Po otrzymaniu ich, mo\u017cna szybko zacz\u0105\u0107 rozwija\u0107 swoje konto lub firm\u0119 przez nowych obserwuj\u0105cych i zwi\u0119kszy\u0107 sw\u00f3j wska\u017anik zaanga\u017cowania i zdoby\u0107 jeszcze wi\u0119ksz\u0105 popularno\u015b\u0107.<\/p>\n<h2>Dlaczego my?<\/h2>\n<p>Jako Social-Market.pl, oferujemy Ci \u0142atwy spos\u00f3b na zdobycie popularno\u015bci na Instagramie. Nasze narz\u0119dzie, aby uzyska\u0107 Instagram followers jest bardzo \u0142atwe w u\u017cyciu, jak wida\u0107 powy\u017cej. Faktem jest, \u017ce nasz interfejs i narz\u0119dzie jest przyjazne dla u\u017cytkownika, ale to nie s\u0105 jedyne powody, dla kt\u00f3rych powiniene\u015b wybra\u0107 Social-Market.pl. Oferujemy takie korzy\u015bci, jak nast\u0119puj\u0105ce:<\/p>\n<p>Nigdy nie prosimy o Twoje has\u0142o lub istotne informacje. Oferujemy bezpieczne \u015brodowisko z legalnych us\u0142ug. Wi\u0119c nie ma \u017cadnych kruczk\u00f3w czy niezgodnych z prawem zapis\u00f3w.<\/p>\n<p>Bezpiecze\u0144stwo konta jest o jeden krok do przodu z Social-Market.pl. Nasz system dzia\u0142a na certyfikacie SSL, wi\u0119c wszystkie dane s\u0105 zabezpieczone, gdy robisz zakupy w naszym sklepie.<\/p>\n<p>Jeste\u015bmy z Tob\u0105 24\/7. Je\u015bli masz jakiekolwiek problemy lub potrzebujesz pomocy, skontaktuj si\u0119 z centrum naszego wsparcia na \u017cywo, kiedy tylko chcesz.<\/p>\n<p>Oferujemy tanie us\u0142ugi dla Twojego konta na Instagramie. Nasze ceny s\u0105 bardzo rozs\u0105dne i ta\u0144sze ni\u017c jakikolwiek inny dostawca.<\/p>\n<p>P\u0142atno\u015b\u0107 jest bardzo \u0142atwa i bezpieczna. Mo\u017cesz zap\u0142aci\u0107 za obserwuj\u0105cych i inne pokrewne produkty przy u\u017cyciu karty p\u0142atniczej.<\/p>\n<h2>Podsumowanie &#8211; obserwuj\u0105cy Instagram<\/h2>\n<p>Social-Market.pl oferuje Ci najlepsze us\u0142ugi IG, z kt\u00f3rych mo\u017cesz skorzysta\u0107 natychmiast, dzi\u0119ki dodatkowej opcji, kt\u00f3rej celem jest szybka realizacja. Korzy\u015bci, kt\u00f3re oferujemy powy\u017cej s\u0105 wa\u017cne dla wszystkich naszych us\u0142ug na Insta i nie tylko. Dlatego Social-Market.pl jest najlepszym miejscem do zakupu Instagram followers. Opr\u00f3cz Instagrama, oferujemy wiele innych us\u0142ug dla wszystkich platform medi\u00f3w spo\u0142eczno\u015bciowych. Od obserwuj\u0105cych i polubie\u0144, po wszystko, co m\u00f3g\u0142by\u015b sobie za\u017cyczy\u0107. Mo\u017cna zakupi\u0107 specjalne funkcje r\u00f3\u017cnych platform. Je\u015bli jeste\u015b zainteresowany, mo\u017cesz sprawdzi\u0107 i dokona\u0107 zakupu lajk\u00f3w na Instagramie, kt\u00f3re wypromuj\u0105 Twoje zdj\u0119cia, aby da\u0107 wypr\u00f3bowa\u0107 nasze us\u0142ugi. Dzi\u0119ki takim us\u0142ugom du\u017cej ilo\u015bci Influencer\u00f3w uda\u0142o si\u0119 zyska\u0107 popularno\u015b\u0107 w kr\u00f3tkim czasie. Tak w\u0142a\u015bnie stali si\u0119 rozpoznawalni. Wystarczy, \u017ce tak jak w przypadku follow podasz link do swojego zdj\u0119cia, a rozpocznie si\u0119 proces realizacji zam\u00f3wienia. Je\u015bli chcesz, mo\u017cesz zapisa\u0107 produkty, kt\u00f3re Ci si\u0119 podobaj\u0105, aby kupi\u0107 je p\u00f3\u017aniej dzi\u0119ki dodaniu ich do koszyka.<\/p>\n<p>Nasz serwis zosta\u0142 oceniony 5.00 na 5, co oznacza, \u017ce naprawd\u0119 warto wypr\u00f3bowa\u0107 nasze us\u0142ugi. Zakup followers oceniony 5 gwiazdkami pozwala stwierdzi\u0107, \u017ce nasi obserwuj\u0105cy s\u0105 naprawd\u0119 dobrej jako\u015bci. Je\u015bli sam tak\u017ce chcia\u0142by\u015b zostawi\u0107 nam ocen\u0119, mo\u017cesz zrobi\u0107 to klikaj\u0105c w miejsce na stronie produktu oznaczone symbolem Twoja ocena. Nast\u0119pnie musisz wype\u0142ni\u0107 pola: ocena, Twoja opinia, nazwa, e-mail. Nie wszystkie z nich s\u0105 wymagane. Bez obaw dodaj opini\u0119 &#8211; Tw\u00f3j adres email, dane osobowe ani link do profilu nie b\u0119d\u0105 widoczne.<\/p>\n<p>&nbsp;<\/p>","protected":false},"excerpt":{"rendered":"<p>Dlaczego warto kupi\u0107 Followers na Instagramie? Bez w\u0105tpienia Instagram jest jedn\u0105 z najpopularniejszych platform medi\u00f3w spo\u0142eczno\u015bciowych. Kupuj\u0105c obserwuj\u0105cych, zyskujesz widoczno\u015b\u0107 na Instagramie. W ten spos\u00f3b b\u0119dziesz mie\u0107 szans\u0119, aby Twoje posty zosta\u0142y odkryte przez znacznie wi\u0119cej os\u00f3b. Kiedy ludzie wejd\u0105 na Tw\u00f3j profil pierwsze co rzuci im si\u0119 w oczy to liczba followers\u00f3w. Je\u015bli b\u0119dzie [&hellip;]<\/p>","protected":false},"featured_media":6834,"comment_status":"open","ping_status":"closed","template":"","meta":[],"product_brand":[],"product_cat":[97],"product_tag":[],"class_list":{"0":"post-6671","1":"product","2":"type-product","3":"status-publish","4":"has-post-thumbnail","6":"product_cat-instagram","8":"first","9":"instock","10":"sale","11":"taxable","12":"shipping-taxable","13":"purchasable","14":"product-type-variable","15":"has-default-attributes"},"_links":{"self":[{"href":"https:\/\/social-market.pl\/en\/wp-json\/wp\/v2\/product\/6671","targetHints":{"allow":["GET"]}}],"collection":[{"href":"https:\/\/social-market.pl\/en\/wp-json\/wp\/v2\/product"}],"about":[{"href":"https:\/\/social-market.pl\/en\/wp-json\/wp\/v2\/types\/product"}],"replies":[{"embeddable":true,"href":"https:\/\/social-market.pl\/en\/wp-json\/wp\/v2\/comments?post=6671"}],"wp:featuredmedia":[{"embeddable":true,"href":"https:\/\/social-market.pl\/en\/wp-json\/wp\/v2\/media\/6834"}],"wp:attachment":[{"href":"https:\/\/social-market.pl\/en\/wp-json\/wp\/v2\/media?parent=6671"}],"wp:term":[{"taxonomy":"product_brand","embeddable":true,"href":"https:\/\/social-market.pl\/en\/wp-json\/wp\/v2\/product_brand?post=6671"},{"taxonomy":"product_cat","embeddable":true,"href":"https:\/\/social-market.pl\/en\/wp-json\/wp\/v2\/product_cat?post=6671"},{"taxonomy":"product_tag","embeddable":true,"href":"https:\/\/social-market.pl\/en\/wp-json\/wp\/v2\/product_tag?post=6671"}],"curies":[{"name":"wp","href":"https:\/\/api.w.org\/{rel}","templated":true}]}}