{"id":9563,"date":"2025-06-11T21:30:33","date_gmt":"2025-06-11T19:30:33","guid":{"rendered":"https:\/\/social-market.pl\/?post_type=product&#038;p=9563"},"modified":"2025-06-11T22:05:12","modified_gmt":"2025-06-11T20:05:12","slug":"threads-likes","status":"publish","type":"product","link":"https:\/\/social-market.pl\/en\/threads-likes\/","title":{"rendered":"Threads likes"},"content":{"rendered":"<p>Zwi\u0119ksz widoczno\u015b\u0107 i atrakcyjno\u015b\u0107 swoich post\u00f3w na Threads dzi\u0119ki us\u0142udze Threads Likes! Oferujemy realne polubienia Twoich publikacji, kt\u00f3re pozytywnie wp\u0142ywaj\u0105 na algorytm platformy i przyci\u0105gaj\u0105 wi\u0119ksz\u0105 uwag\u0119 odbiorc\u00f3w. Dzi\u0119ki wi\u0119kszej liczbie lajk\u00f3w Twoje posty wygl\u0105daj\u0105 na popularne, co zach\u0119ca innych u\u017cytkownik\u00f3w do interakcji i obserwowania Twojego profilu.<\/p>\n<p>Nasze lajki pochodz\u0105 z aktywnych kont i s\u0105 dostarczane w spos\u00f3b szybki oraz bezpieczny \u2013 bez logowania, bez ryzyka. To \u015bwietne rozwi\u0105zanie zar\u00f3wno dla influencer\u00f3w, jak i marek, kt\u00f3re chc\u0105 budowa\u0107 zasi\u0119g i wizerunek na nowej platformie spo\u0142eczno\u015bciowej Meta.<\/p>\n<p>Wyr\u00f3\u017cnij swoje wpisy, zwi\u0119ksz zaanga\u017cowanie i buduj siln\u0105 obecno\u015b\u0107 na Threads od samego pocz\u0105tku. Kup lajki i obserwuj, jak Tw\u00f3j profil zyskuje na wiarygodno\u015bci i popularno\u015bci!<\/p>","protected":false},"excerpt":{"rendered":"<p>Zdob\u0105d\u017a wi\u0119cej lajk\u00f3w na Threads \u2013 realni u\u017cytkownicy, szybka i bezpieczna realizacja. Zwi\u0119ksz widoczno\u015b\u0107 i zaanga\u017cowanie pod swoimi postami!<\/p>","protected":false},"featured_media":9586,"comment_status":"open","ping_status":"closed","template":"","meta":[],"product_brand":[],"product_cat":[110],"product_tag":[],"class_list":{"0":"post-9563","1":"product","2":"type-product","3":"status-publish","4":"has-post-thumbnail","6":"product_cat-threads","8":"first","9":"instock","10":"sale","11":"taxable","12":"shipping-taxable","13":"purchasable","14":"product-type-variable"},"_links":{"self":[{"href":"https:\/\/social-market.pl\/en\/wp-json\/wp\/v2\/product\/9563","targetHints":{"allow":["GET"]}}],"collection":[{"href":"https:\/\/social-market.pl\/en\/wp-json\/wp\/v2\/product"}],"about":[{"href":"https:\/\/social-market.pl\/en\/wp-json\/wp\/v2\/types\/product"}],"replies":[{"embeddable":true,"href":"https:\/\/social-market.pl\/en\/wp-json\/wp\/v2\/comments?post=9563"}],"wp:featuredmedia":[{"embeddable":true,"href":"https:\/\/social-market.pl\/en\/wp-json\/wp\/v2\/media\/9586"}],"wp:attachment":[{"href":"https:\/\/social-market.pl\/en\/wp-json\/wp\/v2\/media?parent=9563"}],"wp:term":[{"taxonomy":"product_brand","embeddable":true,"href":"https:\/\/social-market.pl\/en\/wp-json\/wp\/v2\/product_brand?post=9563"},{"taxonomy":"product_cat","embeddable":true,"href":"https:\/\/social-market.pl\/en\/wp-json\/wp\/v2\/product_cat?post=9563"},{"taxonomy":"product_tag","embeddable":true,"href":"https:\/\/social-market.pl\/en\/wp-json\/wp\/v2\/product_tag?post=9563"}],"curies":[{"name":"wp","href":"https:\/\/api.w.org\/{rel}","templated":true}]}}