{"id":9609,"date":"2025-06-11T21:35:07","date_gmt":"2025-06-11T19:35:07","guid":{"rendered":"https:\/\/social-market.pl\/?post_type=product&#038;p=9609"},"modified":"2026-02-23T20:14:49","modified_gmt":"2026-02-23T19:14:49","slug":"spotify-obserwacje","status":"publish","type":"product","link":"https:\/\/social-market.pl\/en\/spotify-obserwacje\/","title":{"rendered":"Spotify obserwacje"},"content":{"rendered":"<p>Zwi\u0119ksz swoj\u0105 rozpoznawalno\u015b\u0107 i zaufanie w\u015br\u00f3d s\u0142uchaczy dzi\u0119ki us\u0142udze Spotify \u2013 Obserwacje (Followers). Obserwatorzy to jeden z kluczowych wska\u017anik\u00f3w budowania marki artysty na Spotify \u2013 wp\u0142ywaj\u0105 na algorytm, u\u0142atwiaj\u0105 budowanie relacji ze s\u0142uchaczami i zwi\u0119kszaj\u0105 zasi\u0119g Twoich przysz\u0142ych wyda\u0144.<\/p>\n<p>Nasza us\u0142uga dostarcza realnych obserwator\u00f3w Twojego profilu artysty, co przek\u0142ada si\u0119 na:<\/p>\n<p>automatyczne powiadomienia o nowych wydaniach (utwory, albumy, single),<\/p>\n<p>zwi\u0119kszenie szans na obecno\u015b\u0107 w sekcjach typu \u201eRelease Radar\u201d i \u201eDiscover Weekly\u201d,<\/p>\n<p>lepsze statystyki w Spotify for Artists \u2013 cenne przy wsp\u00f3\u0142pracy z wytw\u00f3rniami i promotorami.<\/p>\n<p>Dlaczego warto?<\/p>\n<p>Wi\u0119cej obserwator\u00f3w = wi\u0119kszy zasi\u0119g organiczny i lojalna baza s\u0142uchaczy.<\/p>\n<p>Wzrost presti\u017cu i profesjonalnego wizerunku artysty.<\/p>\n<p>Bezpieczna, skuteczna i w pe\u0142ni naturalna forma promocji.<\/p>\n<p>Oferujemy realnych u\u017cytkownik\u00f3w, bez bot\u00f3w i sztucznego ruchu. Wystarczy link do Twojego profilu Spotify \u2013 reszt\u0105 zajmiemy si\u0119 my.<\/p>","protected":false},"excerpt":{"rendered":"<p>Zdob\u0105d\u017a realnych obserwator\u00f3w profilu artysty na Spotify \u2013 zwi\u0119ksz sw\u00f3j zasi\u0119g, profesjonalny wizerunek i lojalno\u015b\u0107 fan\u00f3w!<\/p>","protected":false},"featured_media":9623,"comment_status":"open","ping_status":"closed","template":"","meta":[],"product_brand":[],"product_cat":[106],"product_tag":[],"class_list":{"0":"post-9609","1":"product","2":"type-product","3":"status-publish","4":"has-post-thumbnail","6":"product_cat-spotify","8":"first","9":"outofstock","10":"sale","11":"taxable","12":"shipping-taxable","13":"purchasable","14":"product-type-variable"},"_links":{"self":[{"href":"https:\/\/social-market.pl\/en\/wp-json\/wp\/v2\/product\/9609","targetHints":{"allow":["GET"]}}],"collection":[{"href":"https:\/\/social-market.pl\/en\/wp-json\/wp\/v2\/product"}],"about":[{"href":"https:\/\/social-market.pl\/en\/wp-json\/wp\/v2\/types\/product"}],"replies":[{"embeddable":true,"href":"https:\/\/social-market.pl\/en\/wp-json\/wp\/v2\/comments?post=9609"}],"wp:featuredmedia":[{"embeddable":true,"href":"https:\/\/social-market.pl\/en\/wp-json\/wp\/v2\/media\/9623"}],"wp:attachment":[{"href":"https:\/\/social-market.pl\/en\/wp-json\/wp\/v2\/media?parent=9609"}],"wp:term":[{"taxonomy":"product_brand","embeddable":true,"href":"https:\/\/social-market.pl\/en\/wp-json\/wp\/v2\/product_brand?post=9609"},{"taxonomy":"product_cat","embeddable":true,"href":"https:\/\/social-market.pl\/en\/wp-json\/wp\/v2\/product_cat?post=9609"},{"taxonomy":"product_tag","embeddable":true,"href":"https:\/\/social-market.pl\/en\/wp-json\/wp\/v2\/product_tag?post=9609"}],"curies":[{"name":"wp","href":"https:\/\/api.w.org\/{rel}","templated":true}]}}