{"id":6733,"date":"2020-12-06T20:04:16","date_gmt":"2020-12-06T20:04:16","guid":{"rendered":"https:\/\/social-market.pl\/?post_type=product&#038;p=6733"},"modified":"2026-02-23T20:10:31","modified_gmt":"2026-02-23T19:10:31","slug":"subskrypcje-na-youtube","status":"publish","type":"product","link":"https:\/\/social-market.pl\/en_us\/subskrypcje-na-youtube\/","title":{"rendered":"YouTube subscriptions"},"content":{"rendered":"<h2 style=\"text-align: center\">Dlaczego warto kupi\u0107 subskrypcje na YouTube?<\/h2>\n<p>Zastanawia\u0142e\u015b si\u0119 kiedy\u015b nad zakupem subskrypcji na YouTube? Zauwa\u017c, \u017ce nawet bardzo m\u0142ode osoby s\u0105 w stanie du\u017co zarobi\u0107 dzi\u0119ki swojej dzia\u0142alno\u015bci na tej platformie. Wystarczy opublikowa\u0107 wzbudzaj\u0105cy zainteresowanie filmik na swoim kanale. Cz\u0119sto jeste\u015bmy w szoku widz\u0105c tak m\u0142ode osoby zarabiaj\u0105ce poka\u017ane sumy w Internecie.<\/p>\n<p>Jednak za\u0142o\u017cenie kana\u0142u i publikacja filmu to nie wszystko! Sukces wielu zale\u017cy od subskrybent\u00f3w. S\u0105 oni szczeg\u00f3lnie wa\u017cni, poniewa\u017c b\u0119d\u0105 otrzymywa\u0107 powiadomienia za ka\u017cdym razem kiedy opublikujesz film, a tym samym stan\u0105 si\u0119 pierwszymi osobami, kt\u00f3re zapewni\u0105 Ci natychmiastowe wy\u015bwietlenia. Kup subskrybent\u00f3w YouTube teraz i poczuj moc medi\u00f3w spo\u0142eczno\u015bciowych. Subskrypcje na YouTube pochodz\u0105 z ca\u0142ego \u015bwiata!<\/p>\n<h2>Dlaczego warto kupowa\u0107 subskrybent\u00f3w YouTube?<\/h2>\n<p>Kupuj\u0105c subskrybent\u00f3w YouTube, mo\u017cesz w kr\u00f3tkim czasie zdoby\u0107 popularno\u015b\u0107! YouTube to jeden z najpopularniejszych serwis\u00f3w do zamieszczania film\u00f3w i zarabiania pieni\u0119dzy. Czy warto kupowa\u0107 subskrybent\u00f3w YouTube? Odpowied\u017a brzmi: tak, poniewa\u017c teraz nawet 10-latkowie mog\u0105 zarabia\u0107 setki tysi\u0119cy dolar\u00f3w, tworz\u0105c w\u0142asny kana\u0142 i zamieszczaj\u0105c tre\u015bci na YouTube.<\/p>\n<p>Nie jest zaskoczeniem, \u017ce dzieci\u0119ca gwiazda zarabia miliony, bawi\u0105c si\u0119 na filmie na YouTube, poniewa\u017c stanie si\u0119 fenomenem w mediach spo\u0142eczno\u015bciowych nigdy nie by\u0142o \u0142atwiejsze. Teraz nadszed\u0142 czas, aby zdoby\u0107 subskrybent\u00f3w YouTube i przekona\u0107 si\u0119 o pot\u0119dze medi\u00f3w spo\u0142eczno\u015bciowych na w\u0142asnej sk\u00f3rze.<\/p>\n<p>Utworzenie kana\u0142u YouTube to pierwszy krok do zostania popularnym YouTuberem. O sukcesie kana\u0142u YouTube decyduj\u0105 dwa czynniki: sta\u0142a produkcja tre\u015bci i pozyskiwanie subskrybent\u00f3w. Subskrybenci s\u0105 bardzo wa\u017cni, poniewa\u017c b\u0119d\u0105 powiadamiani za ka\u017cdym razem, gdy opublikujesz nowy film. Oznacza to, \u017ce b\u0119dziesz otrzymywa\u0107 du\u017c\u0105 liczb\u0119 wy\u015bwietle\u0144. Subskrybenci s\u0105 do\u015b\u0107 wa\u017cni, poniewa\u017c kilka pierwszych godzin od opublikowania filmu na YouTube mo\u017ce pom\u00f3c w jego viralowym rozpowszechnieniu.<\/p>\n<p>Je\u015bli nie mo\u017cesz zdoby\u0107 subskrybent\u00f3w w spos\u00f3b organiczny, skorzystaj z naszej us\u0142ugi kupna subskrybent\u00f3w YouTube, aby wzbogaci\u0107 sw\u00f3j kana\u0142. Pami\u0119taj, \u017ce nawet je\u015bli tworzysz doskona\u0142e tre\u015bci, bez subskrybent\u00f3w Tw\u00f3j kana\u0142 nie b\u0119dzie mia\u0142 zbyt wielu wy\u015bwietle\u0144.Nie czekaj na nap\u0142yw subskrybent\u00f3w. Je\u015bli nikt nie b\u0119dzie ogl\u0105da\u0142 Twoich wysokiej jako\u015bci film\u00f3w, na kt\u00f3rych nakr\u0119cenie i zmontowanie po\u015bwi\u0119ci\u0142e\u015b wiele godzin, p\u00f3jd\u0105 one na marne.<\/p>\n<p>Zastan\u00f3w si\u0119 nad nast\u0119puj\u0105cymi kwestiami: Czy chcesz tylko zarabia\u0107 pieni\u0105dze, publikuj\u0105c filmy jako YouTuber? Czy chcesz by\u0107 znan\u0105 osobowo\u015bci\u0105 internetow\u0105 lub influencerem? Czy wa\u017cna jest dla Ciebie mo\u017cliwo\u015b\u0107 dodawania reklam, link\u00f3w partnerskich lub specjalnych kod\u00f3w rabatowych dla Twoich subskrybent\u00f3w?<\/p>\n<p>Je\u015bli odpowiedzia\u0142e\u015b twierdz\u0105co, nasza us\u0142uga subskrybent\u00f3w YouTube jest czym\u015b, co zdecydowanie powiniene\u015b wypr\u00f3bowa\u0107. Osi\u0105gni\u0119cie po\u017c\u0105danej liczby subskrybent\u00f3w w spos\u00f3b organiczny zajmie du\u017co czasu, poniewa\u017c zdobycie ich w spos\u00f3b naturalny jest prawie niemo\u017cliwe.<\/p>\n<p>Ka\u017cdy, kto ma kamer\u0119 w smartfonie, mo\u017ce rozpocz\u0105\u0107 dzia\u0142alno\u015b\u0107 w serwisie YouTube, co sprawia, \u017ce jest to bardzo proste. Rywalizacja mo\u017ce by\u0107 czasem zaci\u0119ta, ale pami\u0119taj, \u017ce ci ludzie zazwyczaj rezygnuj\u0105 po nagraniu kilku film\u00f3w na YouTube.<\/p>\n<p>Nasza us\u0142uga subskrybent\u00f3w YouTube nigdy nie spowoduje \u017cadnych szk\u00f3d na Twoim koncie, dzi\u0119ki czemu korzystanie z niej jest bezpieczne. Twoje filmy mog\u0105 by\u0107 lubiane lub komentowane przez Twoich subskrybent\u00f3w. Maj\u0105 oni mo\u017cliwo\u015b\u0107 rozpowszechniania wiadomo\u015bci o Tobie. Nasza us\u0142uga zapewnia najwy\u017cszy poziom jako\u015bci na rynku. Je\u015bli chcesz wzmocni\u0107 i rozwin\u0105\u0107 sw\u00f3j kana\u0142, ta opcja mo\u017ce Ci pom\u00f3c.<\/p>\n<h2>Jakie s\u0105 korzy\u015bci z kupowania subskrybent\u00f3w YouTube?<\/h2>\n<p>Je\u015bli jeste\u015b ju\u017c YouTuberem, prawdopodobnie chcesz, aby Tw\u00f3j kana\u0142 by\u0142 bardziej popularny i rozwija\u0142 si\u0119 szybciej. W serwisie YouTube ka\u017cdy ma inne cele. Sta\u0107 si\u0119 znanym w serwisie YouTube lub zarabia\u0107 pieni\u0105dze, promuj\u0105c firm\u0119 jako influencer &#8211; to dwa mo\u017cliwe cele. Niezale\u017cnie od tego, jaki jest Tw\u00f3j cel, przychody z reklam b\u0119d\u0105 wp\u0142ywa\u0107 co miesi\u0105c.<\/p>\n<p>Oczywi\u015bcie, aby te cele mog\u0142y zosta\u0107 zrealizowane, potrzebni s\u0105 subskrybenci Twojego kana\u0142u na YouTube. Subskrybenci s\u0105 najbardziej znacz\u0105cym wska\u017anikiem sukcesu kana\u0142u YouTube. Posiadanie wi\u0119kszej liczby subskrybent\u00f3w YouTube technicznie zwi\u0119ksza liczb\u0119 wy\u015bwietle\u0144 i przychody z reklam. Ka\u017cde polubienie i obejrzenie zostanie przeliczone na dolary ameryka\u0144skie dla w\u0142a\u015bciciela konta, zazwyczaj znanego jako YouTuber.<\/p>\n<p>Posiadanie wi\u0119kszej liczby subskrybent\u00f3w oznacza tak\u017ce, \u017ce dotrzesz do szerszego grona odbiorc\u00f3w, poniewa\u017c algorytm YouTube poka\u017ce Tw\u00f3j kana\u0142 i filmy warte udost\u0119pnienia nowym osobom, kt\u00f3re jeszcze Ci\u0119 nie \u015bledz\u0105. Po obejrzeniu niekt\u00f3rych z Twoich film\u00f3w mog\u0105 oni zasubskrybowa\u0107 Ci\u0119 organicznie, wi\u0119c wykupienie us\u0142ugi Subskrybenci YouTube daje Ci tak\u0105 sam\u0105 liczb\u0119 subskrybent\u00f3w, jak w przypadku subskrypcji organicznych.<\/p>\n<p>Istnieje wiele mo\u017cliwo\u015bci dla tych, kt\u00f3rzy maj\u0105 aktywne konta. Dlatego kupuj subskrybent\u00f3w YouTube i rozwijaj sw\u00f3j kana\u0142 YouTube, aby by\u0142 widoczny dla firm i korzystaj z mo\u017cliwo\u015bci, kt\u00f3re stoj\u0105 przed Tob\u0105 otwarte. Aby stworzy\u0107 ca\u0142kowicie udany obraz kana\u0142u, zalecamy r\u00f3wnie\u017c zakup naszych us\u0142ug\u00a0Like YouTube \u00a0i\u00a0kup wy\u015bwietlenia YouTube. Dzi\u0119ki tym trzem us\u0142ugom nic nie powstrzyma Ci\u0119 przed awansem na now\u0105 supergwiazd\u0119 YouTube.<\/p>\n<p>&nbsp;<\/p>\n<h2 style=\"text-align: center\">Jak kupowa\u0107 subskrypcje na YouTube?<\/h2>\n<p>Teraz, gdy znasz ju\u017c szczeg\u00f3\u0142y naszych us\u0142ug i wiesz dlaczego powiniene\u015b z nich skorzysta\u0107, poka\u017cemy Ci jak to zrobi\u0107. Post\u0119puj zgodnie z naszym przewodnikiem krok po kroku, aby pomy\u015blnie zako\u0144czy\u0107 p\u0142atno\u015b\u0107. Oto kroki:<\/p>\n<p>1. Wybierz interesuj\u0105cy Ci\u0119 pakiet.<\/p>\n<p>2. Wklej adres URL w wyznaczonym polu.<\/p>\n<p>3. Zap\u0142a\u0107 online za pomoc\u0105 najbezpieczniejszych dost\u0119pnych metod p\u0142atno\u015bci. Po otrzymaniu Twojej transakcji natychmiast rozpoczniemy realizacj\u0119 zam\u00f3wienia.<\/p>\n<p>&nbsp;<\/p>\n<h2 style=\"text-align: center\">Dlaczego Social-Market.pl?<\/h2>\n<p>Social-Market.pl to miejsce, w kt\u00f3rym dokonasz w pe\u0142ni bezpiecznego i pewnego zakupu. Ca\u0142y proces zakupu jest dziecinnie prosty, jednak zdajemy sobie spraw\u0119 z nieoczekiwanych problem\u00f3w. Dlatego bez obaw \u2013 jeste\u015bmy do Twojej dyspozycji 24\/7 i zapewniamy pomoc na ka\u017cdym kroku.<\/p>","protected":false},"excerpt":{"rendered":"<p>Subskrypcje <strong>najwy\u017cszej jako\u015bci<\/strong>.<\/p>\n<p><strong>Wybierz ilo\u015b\u0107<\/strong> oraz <strong>podaj adres kana\u0142u YouTube<\/strong>, dla kt\u00f3rego potrzebujesz subskrypcji, mo\u017cesz wybra\u0107 opcje dodatkowe zwi\u0119kszaj\u0105ce zasi\u0119g. Po wszystkim <strong>kliknij &#8222;Zam\u00f3w us\u0142ug\u0119&#8221;<\/strong> oraz przejd\u017a do zam\u00f3wienia.<\/p>","protected":false},"featured_media":6826,"comment_status":"open","ping_status":"closed","template":"","meta":[],"product_brand":[],"product_cat":[93],"product_tag":[],"class_list":{"0":"post-6733","1":"product","2":"type-product","3":"status-publish","4":"has-post-thumbnail","6":"product_cat-youtube","8":"first","9":"outofstock","10":"sale","11":"taxable","12":"shipping-taxable","13":"purchasable","14":"product-type-variable","15":"has-default-attributes"},"_links":{"self":[{"href":"https:\/\/social-market.pl\/en_us\/wp-json\/wp\/v2\/product\/6733","targetHints":{"allow":["GET"]}}],"collection":[{"href":"https:\/\/social-market.pl\/en_us\/wp-json\/wp\/v2\/product"}],"about":[{"href":"https:\/\/social-market.pl\/en_us\/wp-json\/wp\/v2\/types\/product"}],"replies":[{"embeddable":true,"href":"https:\/\/social-market.pl\/en_us\/wp-json\/wp\/v2\/comments?post=6733"}],"wp:featuredmedia":[{"embeddable":true,"href":"https:\/\/social-market.pl\/en_us\/wp-json\/wp\/v2\/media\/6826"}],"wp:attachment":[{"href":"https:\/\/social-market.pl\/en_us\/wp-json\/wp\/v2\/media?parent=6733"}],"wp:term":[{"taxonomy":"product_brand","embeddable":true,"href":"https:\/\/social-market.pl\/en_us\/wp-json\/wp\/v2\/product_brand?post=6733"},{"taxonomy":"product_cat","embeddable":true,"href":"https:\/\/social-market.pl\/en_us\/wp-json\/wp\/v2\/product_cat?post=6733"},{"taxonomy":"product_tag","embeddable":true,"href":"https:\/\/social-market.pl\/en_us\/wp-json\/wp\/v2\/product_tag?post=6733"}],"curies":[{"name":"wp","href":"https:\/\/api.w.org\/{rel}","templated":true}]}}