{"id":7453,"date":"2021-02-18T15:59:49","date_gmt":"2021-02-18T15:59:49","guid":{"rendered":"https:\/\/social-market.pl\/?post_type=product&#038;p=7453"},"modified":"2024-05-21T10:34:14","modified_gmt":"2024-05-21T08:34:14","slug":"czlonkowie-publicznej-grupy-na-telegramie","status":"publish","type":"product","link":"https:\/\/social-market.pl\/en_us\/czlonkowie-publicznej-grupy-na-telegramie\/","title":{"rendered":"Members of the public group on Telegram"},"content":{"rendered":"<h2 style=\"text-align: center;\">Dlaczego warto kupi\u0107 cz\u0142onk\u00f3w publicznej grupy na Telegramie?<\/h2>\n<p>Zdob\u0105d\u017a popularno\u015b\u0107 swojej publicznej grupy na Telegramie dzi\u0119ki nowym cz\u0142onkom. Spraw, aby Twoja grupa w ko\u0144cu zacz\u0119\u0142a si\u0119 rozwija\u0107. Cz\u0142onkowie publicznej grupy na Telegramie pochodz\u0105 z ca\u0142ego \u015bwiata!<\/p>\n<p>&nbsp;<\/p>\n<h2 style=\"text-align: center;\">Jak kupowa\u0107 cz\u0142onk\u00f3w publicznej grupy na Telegramie?<\/h2>\n<p>Teraz, gdy znasz ju\u017c szczeg\u00f3\u0142y naszych us\u0142ug i wiesz dlaczego powiniene\u015b z nich skorzysta\u0107, poka\u017cemy Ci jak to zrobi\u0107. Post\u0119puj zgodnie z naszym przewodnikiem krok po kroku, aby pomy\u015blnie zako\u0144czy\u0107 p\u0142atno\u015b\u0107. Oto kroki:<\/p>\n<p>1. Wybierz interesuj\u0105cy Ci\u0119 pakiet.<\/p>\n<p>2. Wklej adres URL w wyznaczonym polu.<\/p>\n<p>3. Zap\u0142a\u0107 online za pomoc\u0105 najbezpieczniejszych dost\u0119pnych metod p\u0142atno\u015bci. Po otrzymaniu Twojej transakcji natychmiast rozpoczniemy realizacj\u0119 zam\u00f3wienia.<\/p>\n<p>&nbsp;<\/p>\n<h2 style=\"text-align: center;\">Dlaczego Social-Market.pl?<\/h2>\n<p>Social-Market.pl to miejsce, w kt\u00f3rym dokonasz w pe\u0142ni bezpiecznego i pewnego zakupu. Ca\u0142y proces zakupu jest dziecinnie prosty, jednak zdajemy sobie spraw\u0119 z nieoczekiwanych problem\u00f3w. Dlatego bez obaw \u2013 jeste\u015bmy do Twojej dyspozycji 24\/7 i zapewniamy pomoc na ka\u017cdym kroku.<\/p>","protected":false},"excerpt":{"rendered":"<p>Wzrost o wybran\u0105 liczb\u0119 cz\u0142onk\u00f3w w <strong>publicznej<\/strong> grupie na telegramie<\/p>","protected":false},"featured_media":7454,"comment_status":"open","ping_status":"closed","template":"","meta":[],"product_brand":[],"product_cat":[104],"product_tag":[],"class_list":{"0":"post-7453","1":"product","2":"type-product","3":"status-publish","4":"has-post-thumbnail","6":"product_cat-telegram","8":"first","9":"instock","10":"sale","11":"taxable","12":"shipping-taxable","13":"purchasable","14":"product-type-variable"},"_links":{"self":[{"href":"https:\/\/social-market.pl\/en_us\/wp-json\/wp\/v2\/product\/7453","targetHints":{"allow":["GET"]}}],"collection":[{"href":"https:\/\/social-market.pl\/en_us\/wp-json\/wp\/v2\/product"}],"about":[{"href":"https:\/\/social-market.pl\/en_us\/wp-json\/wp\/v2\/types\/product"}],"replies":[{"embeddable":true,"href":"https:\/\/social-market.pl\/en_us\/wp-json\/wp\/v2\/comments?post=7453"}],"wp:featuredmedia":[{"embeddable":true,"href":"https:\/\/social-market.pl\/en_us\/wp-json\/wp\/v2\/media\/7454"}],"wp:attachment":[{"href":"https:\/\/social-market.pl\/en_us\/wp-json\/wp\/v2\/media?parent=7453"}],"wp:term":[{"taxonomy":"product_brand","embeddable":true,"href":"https:\/\/social-market.pl\/en_us\/wp-json\/wp\/v2\/product_brand?post=7453"},{"taxonomy":"product_cat","embeddable":true,"href":"https:\/\/social-market.pl\/en_us\/wp-json\/wp\/v2\/product_cat?post=7453"},{"taxonomy":"product_tag","embeddable":true,"href":"https:\/\/social-market.pl\/en_us\/wp-json\/wp\/v2\/product_tag?post=7453"}],"curies":[{"name":"wp","href":"https:\/\/api.w.org\/{rel}","templated":true}]}}