{"id":9571,"date":"2025-06-11T21:30:35","date_gmt":"2025-06-11T19:30:35","guid":{"rendered":"https:\/\/social-market.pl\/?post_type=product&#038;p=9571"},"modified":"2025-06-11T22:05:17","modified_gmt":"2025-06-11T20:05:17","slug":"facebook-polubienia-posta-realni-uzytkownicy","status":"publish","type":"product","link":"https:\/\/social-market.pl\/en_us\/facebook-polubienia-posta-realni-uzytkownicy\/","title":{"rendered":"Facebook polubienia posta &#8211; realni u\u017cytkownicy"},"content":{"rendered":"<p>Zwi\u0119ksz zasi\u0119g i wiarygodno\u015b\u0107 swoich post\u00f3w dzi\u0119ki us\u0142udze Facebook Polubienia Posta \u2013 Realni U\u017cytkownicy z Europy lub USA. To idealne rozwi\u0105zanie dla tw\u00f3rc\u00f3w, firm i marek, kt\u00f3re chc\u0105 budowa\u0107 autentyczny wizerunek i przyci\u0105ga\u0107 uwag\u0119 odbiorc\u00f3w z konkretnych lokalizacji.<\/p>\n<p>Wybierz wariant dopasowany do swojej grupy docelowej:<\/p>\n<p>Europa \u2013 polubienia od u\u017cytkownik\u00f3w z kraj\u00f3w europejskich, idealne dla dzia\u0142a\u0144 lokalnych i mi\u0119dzynarodowych.<\/p>\n<p>USA \u2013 polubienia od u\u017cytkownik\u00f3w ze Stan\u00f3w Zjednoczonych, \u015bwietne dla budowania presti\u017cu i dotarcia do rynku ameryka\u0144skiego.<\/p>\n<p>Dzi\u0119ki realnym lajkom:<\/p>\n<p>Tw\u00f3j post zyskuje wi\u0119ksz\u0105 wiarygodno\u015b\u0107 i atrakcyjno\u015b\u0107.<\/p>\n<p>Facebook promuje tre\u015bci z wysokim zaanga\u017cowaniem.<\/p>\n<p>Ro\u015bnie zasi\u0119g organiczny i szansa na kolejne reakcje.<\/p>\n<p>Us\u0142uga nie wymaga logowania \u2013 wystarczy link do posta. Dzia\u0142amy szybko, bezpiecznie i skutecznie.<\/p>","protected":false},"excerpt":{"rendered":"<p>Realne polubienia posta na Facebooku od u\u017cytkownik\u00f3w z Europy lub USA \u2013 wi\u0119kszy zasi\u0119g, presti\u017c i skuteczno\u015b\u0107 dzia\u0142a\u0144!<\/p>","protected":false},"featured_media":9596,"comment_status":"open","ping_status":"closed","template":"","meta":[],"product_brand":[],"product_cat":[96],"product_tag":[],"class_list":{"0":"post-9571","1":"product","2":"type-product","3":"status-publish","4":"has-post-thumbnail","6":"product_cat-facebook","8":"first","9":"instock","10":"sale","11":"taxable","12":"shipping-taxable","13":"purchasable","14":"product-type-variable"},"_links":{"self":[{"href":"https:\/\/social-market.pl\/en_us\/wp-json\/wp\/v2\/product\/9571","targetHints":{"allow":["GET"]}}],"collection":[{"href":"https:\/\/social-market.pl\/en_us\/wp-json\/wp\/v2\/product"}],"about":[{"href":"https:\/\/social-market.pl\/en_us\/wp-json\/wp\/v2\/types\/product"}],"replies":[{"embeddable":true,"href":"https:\/\/social-market.pl\/en_us\/wp-json\/wp\/v2\/comments?post=9571"}],"wp:featuredmedia":[{"embeddable":true,"href":"https:\/\/social-market.pl\/en_us\/wp-json\/wp\/v2\/media\/9596"}],"wp:attachment":[{"href":"https:\/\/social-market.pl\/en_us\/wp-json\/wp\/v2\/media?parent=9571"}],"wp:term":[{"taxonomy":"product_brand","embeddable":true,"href":"https:\/\/social-market.pl\/en_us\/wp-json\/wp\/v2\/product_brand?post=9571"},{"taxonomy":"product_cat","embeddable":true,"href":"https:\/\/social-market.pl\/en_us\/wp-json\/wp\/v2\/product_cat?post=9571"},{"taxonomy":"product_tag","embeddable":true,"href":"https:\/\/social-market.pl\/en_us\/wp-json\/wp\/v2\/product_tag?post=9571"}],"curies":[{"name":"wp","href":"https:\/\/api.w.org\/{rel}","templated":true}]}}