{"id":9675,"date":"2025-06-11T21:44:59","date_gmt":"2025-06-11T19:44:59","guid":{"rendered":"https:\/\/social-market.pl\/?post_type=product&#038;p=9675"},"modified":"2025-06-11T21:59:52","modified_gmt":"2025-06-11T19:59:52","slug":"quora-udostepnienia","status":"publish","type":"product","link":"https:\/\/social-market.pl\/en_us\/quora-udostepnienia\/","title":{"rendered":"Quora udost\u0119pnienia"},"content":{"rendered":"<p>Zwi\u0119ksz zasi\u0119g i si\u0142\u0119 oddzia\u0142ywania swoich tre\u015bci na Quora dzi\u0119ki us\u0142udze Quora \u2013 Udost\u0119pnienia Odpowiedzi (Shares). Gdy odpowied\u017a zostaje udost\u0119pniona, zyskuje wi\u0119ksz\u0105 widoczno\u015b\u0107 zar\u00f3wno wewn\u0105trz platformy, jak i poza ni\u0105 \u2013 np. w mediach spo\u0142eczno\u015bciowych lub wiadomo\u015bciach prywatnych. To skuteczny spos\u00f3b na viralowe rozprzestrzenianie si\u0119 tre\u015bci eksperckich, promocyjnych czy zawieraj\u0105cych linki.<\/p>\n<p>Co zawiera ta us\u0142uga:<\/p>\n<p>Realne udost\u0119pnienia Twojej odpowiedzi na Quora,<\/p>\n<p>Mo\u017cliwo\u015b\u0107 dystrybucji do platform takich jak X (Twitter), Reddit, Facebook, Pinterest, e-mail,<\/p>\n<p>Opcjonalne targetowanie geograficzne (np. USA, UK, Polska \u2013 na \u017cyczenie),<\/p>\n<p>Stopniowy i naturalny przyrost \u2013 bezpieczny dla konta i algorytmu.<\/p>\n<p>Dla kogo?<\/p>\n<p>Dla os\u00f3b publikuj\u0105cych odpowiedzi z linkiem do strony, produktu, bloga,<\/p>\n<p>Dla firm i specjalist\u00f3w chc\u0105cych zwi\u0119kszy\u0107 ekspozycj\u0119 konkretnej tre\u015bci,<\/p>\n<p>Dla ka\u017cdego, kto chce zwi\u0119kszy\u0107 widoczno\u015b\u0107 i wiarygodno\u015b\u0107 odpowiedzi na Quora.<\/p>\n<p>Dlaczego warto?<\/p>\n<p>Udost\u0119pnienia = wy\u017csza ekspozycja poza samym Quora,<\/p>\n<p>Wi\u0119ksza szansa na klikni\u0119cia w linki oraz organiczne reakcje u\u017cytkownik\u00f3w,<\/p>\n<p>Idealne uzupe\u0142nienie dla upvote\u2019\u00f3w, wy\u015bwietle\u0144 i obserwacji.<\/p>","protected":false},"excerpt":{"rendered":"<p>Zwi\u0119ksz liczb\u0119 udost\u0119pnie\u0144 swojej odpowiedzi na Quora \u2013 wi\u0119kszy zasi\u0119g, widoczno\u015b\u0107 i efekty content marketingu!<\/p>","protected":false},"featured_media":9706,"comment_status":"open","ping_status":"closed","template":"","meta":[],"product_brand":[],"product_cat":[128],"product_tag":[],"class_list":{"0":"post-9675","1":"product","2":"type-product","3":"status-publish","4":"has-post-thumbnail","6":"product_cat-quora","8":"first","9":"instock","10":"sale","11":"taxable","12":"shipping-taxable","13":"purchasable","14":"product-type-variable"},"_links":{"self":[{"href":"https:\/\/social-market.pl\/en_us\/wp-json\/wp\/v2\/product\/9675","targetHints":{"allow":["GET"]}}],"collection":[{"href":"https:\/\/social-market.pl\/en_us\/wp-json\/wp\/v2\/product"}],"about":[{"href":"https:\/\/social-market.pl\/en_us\/wp-json\/wp\/v2\/types\/product"}],"replies":[{"embeddable":true,"href":"https:\/\/social-market.pl\/en_us\/wp-json\/wp\/v2\/comments?post=9675"}],"wp:featuredmedia":[{"embeddable":true,"href":"https:\/\/social-market.pl\/en_us\/wp-json\/wp\/v2\/media\/9706"}],"wp:attachment":[{"href":"https:\/\/social-market.pl\/en_us\/wp-json\/wp\/v2\/media?parent=9675"}],"wp:term":[{"taxonomy":"product_brand","embeddable":true,"href":"https:\/\/social-market.pl\/en_us\/wp-json\/wp\/v2\/product_brand?post=9675"},{"taxonomy":"product_cat","embeddable":true,"href":"https:\/\/social-market.pl\/en_us\/wp-json\/wp\/v2\/product_cat?post=9675"},{"taxonomy":"product_tag","embeddable":true,"href":"https:\/\/social-market.pl\/en_us\/wp-json\/wp\/v2\/product_tag?post=9675"}],"curies":[{"name":"wp","href":"https:\/\/api.w.org\/{rel}","templated":true}]}}