{"id":9573,"date":"2025-06-11T21:30:35","date_gmt":"2025-06-11T19:30:35","guid":{"rendered":"https:\/\/social-market.pl\/?post_type=product&#038;p=9573"},"modified":"2025-06-11T22:05:23","modified_gmt":"2025-06-11T20:05:23","slug":"facebook-polubienia-strony-fanpage-realni-uzytkownicy","status":"publish","type":"product","link":"https:\/\/social-market.pl\/es\/facebook-polubienia-strony-fanpage-realni-uzytkownicy\/","title":{"rendered":"Facebook polubienia strony fanpage &#8211; realni u\u017cytkownicy"},"content":{"rendered":"<p>Zwi\u0119ksz wiarygodno\u015b\u0107 swojej marki i buduj siln\u0105 obecno\u015b\u0107 w social media dzi\u0119ki us\u0142udze Facebook Polubienia Strony Fanpage \u2013 Realni U\u017cytkownicy z Europy lub USA. Wi\u0119ksza liczba fan\u00f3w na stronie to nie tylko lepszy wizerunek, ale tak\u017ce wi\u0119ksze zaufanie klient\u00f3w i mocniejsza pozycja w oczach algorytmu Facebooka.<\/p>\n<p>Do wyboru masz dwa warianty:<\/p>\n<p>Europa \u2013 polubienia od u\u017cytkownik\u00f3w z kraj\u00f3w europejskich, idealne dla marek dzia\u0142aj\u0105cych lokalnie i w UE.<\/p>\n<p>USA \u2013 polubienia od u\u017cytkownik\u00f3w z USA, \u015bwietne dla budowania presti\u017cu i rozpoznawalno\u015bci na rynku ameryka\u0144skim.<\/p>\n<p>Dlaczego warto?<\/p>\n<p>Poprawiasz wiarygodno\u015b\u0107 strony fanpage.<\/p>\n<p>Przyci\u0105gasz nowych obserwator\u00f3w organicznie.<\/p>\n<p>Zwi\u0119kszasz efektywno\u015b\u0107 kampanii reklamowych i dzia\u0142a\u0144 marketingowych.<\/p>\n<p>Us\u0142uga realizowana jest bezpiecznie \u2013 nie wymagamy logowania ani danych do konta. Wystarczy poda\u0107 link do fanpage\u2019a, a reszt\u0105 zajmiemy si\u0119 my.<\/p>","protected":false},"excerpt":{"rendered":"<p>Realne polubienia fanpage\u2019a na Facebooku od u\u017cytkownik\u00f3w z Europy lub USA \u2013 buduj wiarygodno\u015b\u0107 i rozwijaj swoj\u0105 mark\u0119!<\/p>","protected":false},"featured_media":9596,"comment_status":"open","ping_status":"closed","template":"","meta":[],"product_brand":[],"product_cat":[96],"product_tag":[],"class_list":{"0":"post-9573","1":"product","2":"type-product","3":"status-publish","4":"has-post-thumbnail","6":"product_cat-facebook","8":"first","9":"instock","10":"sale","11":"taxable","12":"shipping-taxable","13":"purchasable","14":"product-type-variable"},"_links":{"self":[{"href":"https:\/\/social-market.pl\/es\/wp-json\/wp\/v2\/product\/9573","targetHints":{"allow":["GET"]}}],"collection":[{"href":"https:\/\/social-market.pl\/es\/wp-json\/wp\/v2\/product"}],"about":[{"href":"https:\/\/social-market.pl\/es\/wp-json\/wp\/v2\/types\/product"}],"replies":[{"embeddable":true,"href":"https:\/\/social-market.pl\/es\/wp-json\/wp\/v2\/comments?post=9573"}],"wp:featuredmedia":[{"embeddable":true,"href":"https:\/\/social-market.pl\/es\/wp-json\/wp\/v2\/media\/9596"}],"wp:attachment":[{"href":"https:\/\/social-market.pl\/es\/wp-json\/wp\/v2\/media?parent=9573"}],"wp:term":[{"taxonomy":"product_brand","embeddable":true,"href":"https:\/\/social-market.pl\/es\/wp-json\/wp\/v2\/product_brand?post=9573"},{"taxonomy":"product_cat","embeddable":true,"href":"https:\/\/social-market.pl\/es\/wp-json\/wp\/v2\/product_cat?post=9573"},{"taxonomy":"product_tag","embeddable":true,"href":"https:\/\/social-market.pl\/es\/wp-json\/wp\/v2\/product_tag?post=9573"}],"curies":[{"name":"wp","href":"https:\/\/api.w.org\/{rel}","templated":true}]}}