{"id":12707,"date":"2025-06-12T11:46:44","date_gmt":"2025-06-12T09:46:44","guid":{"rendered":"https:\/\/social-market.pl\/?post_type=product&#038;p=12707"},"modified":"2025-06-12T12:25:49","modified_gmt":"2025-06-12T10:25:49","slug":"apple-music-odtworzenia-utworu","status":"publish","type":"product","link":"https:\/\/social-market.pl\/fr\/apple-music-odtworzenia-utworu\/","title":{"rendered":"Apple Music odtworzenia utworu"},"content":{"rendered":"<p>Zwi\u0119ksz liczb\u0119 odtworze\u0144 swojej muzyki na jednej z najwi\u0119kszych platform streamingowych na \u015bwiecie \u2013 Apple Music. Dzi\u0119ki us\u0142udze realne odtworzenia utworu mo\u017cesz szybko poprawi\u0107 statystyki swojego profilu, zwi\u0119kszy\u0107 widoczno\u015b\u0107 w algorytmach Apple i przyci\u0105gn\u0105\u0107 nowych s\u0142uchaczy.<\/p>\n<p>Co otrzymujesz:<\/p>\n<p>Realne odtworzenia wskazanego utworu,<\/p>\n<p>Mo\u017cliwo\u015b\u0107 wyboru regionu (na zapytanie, np. Europa, USA),<\/p>\n<p>\u23f1\ufe0f Bezpieczna, stopniowa realizacja, zgodna z systemem Apple Music,<\/p>\n<p>Lepsza widoczno\u015b\u0107 na playlistach, sekcjach &#8222;Nowo\u015bci&#8221; i algorytmicznych rekomendacjach.<\/p>\n<p>Dla kogo to idealna us\u0142uga:<\/p>\n<p>Dla artyst\u00f3w promuj\u0105cych nowe single i albumy,<\/p>\n<p>Dla wytw\u00f3rni muzycznych dbaj\u0105cych o organiczny rozw\u00f3j profili,<\/p>\n<p>Dla muzyk\u00f3w chc\u0105cych zbudowa\u0107 pozycj\u0119 i przyci\u0105gn\u0105\u0107 uwag\u0119 fan\u00f3w oraz partner\u00f3w biznesowych.<\/p>\n<p>Dlaczego warto?<\/p>\n<p>Wi\u0119ksza liczba odtworze\u0144 = wi\u0119ksze szanse na dodanie do playlist Apple Music,<\/p>\n<p>Wzmacniasz wizerunek artysty z aktywn\u0105 i zaanga\u017cowan\u0105 s\u0142uchalno\u015bci\u0105,<\/p>\n<p>Mo\u017cliwo\u015b\u0107 skalowania promocji z dodatkowymi us\u0142ugami jak Shazamy, obserwacje, zapisania itp.<\/p>","protected":false},"excerpt":{"rendered":"<p>Zwi\u0119ksz liczb\u0119 realnych odtworze\u0144 utworu na Apple Music \u2013 bezpieczna promocja i lepsza widoczno\u015b\u0107 dla Twojej muzyki!<\/p>","protected":false},"featured_media":13173,"comment_status":"open","ping_status":"closed","template":"","meta":[],"product_brand":[],"product_cat":[117],"product_tag":[],"class_list":{"0":"post-12707","1":"product","2":"type-product","3":"status-publish","4":"has-post-thumbnail","6":"product_cat-apple-music","8":"first","9":"instock","10":"sale","11":"taxable","12":"shipping-taxable","13":"purchasable","14":"product-type-variable"},"_links":{"self":[{"href":"https:\/\/social-market.pl\/fr\/wp-json\/wp\/v2\/product\/12707","targetHints":{"allow":["GET"]}}],"collection":[{"href":"https:\/\/social-market.pl\/fr\/wp-json\/wp\/v2\/product"}],"about":[{"href":"https:\/\/social-market.pl\/fr\/wp-json\/wp\/v2\/types\/product"}],"replies":[{"embeddable":true,"href":"https:\/\/social-market.pl\/fr\/wp-json\/wp\/v2\/comments?post=12707"}],"wp:featuredmedia":[{"embeddable":true,"href":"https:\/\/social-market.pl\/fr\/wp-json\/wp\/v2\/media\/13173"}],"wp:attachment":[{"href":"https:\/\/social-market.pl\/fr\/wp-json\/wp\/v2\/media?parent=12707"}],"wp:term":[{"taxonomy":"product_brand","embeddable":true,"href":"https:\/\/social-market.pl\/fr\/wp-json\/wp\/v2\/product_brand?post=12707"},{"taxonomy":"product_cat","embeddable":true,"href":"https:\/\/social-market.pl\/fr\/wp-json\/wp\/v2\/product_cat?post=12707"},{"taxonomy":"product_tag","embeddable":true,"href":"https:\/\/social-market.pl\/fr\/wp-json\/wp\/v2\/product_tag?post=12707"}],"curies":[{"name":"wp","href":"https:\/\/api.w.org\/{rel}","templated":true}]}}