{"id":7451,"date":"2023-12-01T13:32:32","date_gmt":"2023-12-01T12:32:32","guid":{"rendered":"https:\/\/social-market.pl\/?post_type=product&#038;p=7451"},"modified":"2024-05-21T10:34:22","modified_gmt":"2024-05-21T08:34:22","slug":"czlonkowie-prywatnej-grupy-na-telegramie","status":"publish","type":"product","link":"https:\/\/social-market.pl\/fr\/czlonkowie-prywatnej-grupy-na-telegramie\/","title":{"rendered":"Membres d'un groupe priv\u00e9 sur Telegram"},"content":{"rendered":"","protected":false},"excerpt":{"rendered":"<p>Wzrost o wybran\u0105 liczb\u0119 cz\u0142onk\u00f3w <strong>prywatnej<\/strong> grupy na Telegramie<\/p>","protected":false},"featured_media":7452,"comment_status":"open","ping_status":"closed","template":"","meta":[],"product_brand":[],"product_cat":[104],"product_tag":[],"class_list":{"0":"post-7451","1":"product","2":"type-product","3":"status-publish","4":"has-post-thumbnail","6":"product_cat-telegram","8":"first","9":"instock","10":"sale","11":"taxable","12":"shipping-taxable","13":"purchasable","14":"product-type-variable"},"_links":{"self":[{"href":"https:\/\/social-market.pl\/fr\/wp-json\/wp\/v2\/product\/7451","targetHints":{"allow":["GET"]}}],"collection":[{"href":"https:\/\/social-market.pl\/fr\/wp-json\/wp\/v2\/product"}],"about":[{"href":"https:\/\/social-market.pl\/fr\/wp-json\/wp\/v2\/types\/product"}],"replies":[{"embeddable":true,"href":"https:\/\/social-market.pl\/fr\/wp-json\/wp\/v2\/comments?post=7451"}],"wp:featuredmedia":[{"embeddable":true,"href":"https:\/\/social-market.pl\/fr\/wp-json\/wp\/v2\/media\/7452"}],"wp:attachment":[{"href":"https:\/\/social-market.pl\/fr\/wp-json\/wp\/v2\/media?parent=7451"}],"wp:term":[{"taxonomy":"product_brand","embeddable":true,"href":"https:\/\/social-market.pl\/fr\/wp-json\/wp\/v2\/product_brand?post=7451"},{"taxonomy":"product_cat","embeddable":true,"href":"https:\/\/social-market.pl\/fr\/wp-json\/wp\/v2\/product_cat?post=7451"},{"taxonomy":"product_tag","embeddable":true,"href":"https:\/\/social-market.pl\/fr\/wp-json\/wp\/v2\/product_tag?post=7451"}],"curies":[{"name":"wp","href":"https:\/\/api.w.org\/{rel}","templated":true}]}}