{"id":9554,"date":"2025-06-11T21:30:32","date_gmt":"2025-06-11T19:30:32","guid":{"rendered":"https:\/\/social-market.pl\/?post_type=product&#038;p=9554"},"modified":"2025-06-11T22:06:03","modified_gmt":"2025-06-11T20:06:03","slug":"instagram-followers-realni-uzytkownicy","status":"publish","type":"product","link":"https:\/\/social-market.pl\/fr\/instagram-followers-realni-uzytkownicy\/","title":{"rendered":"Instagram followers &#8211; realni u\u017cytkownicy"},"content":{"rendered":"<p>Zwi\u0119ksz swoj\u0105 widoczno\u015b\u0107 na Instagramie dzi\u0119ki realnym obserwatorom z Europy i USA! Nasza us\u0142uga \u201eInstagram followers \u2013 realni u\u017cytkownicy\u201d to doskona\u0142y wyb\u00f3r dla os\u00f3b, kt\u00f3re chc\u0105 zbudowa\u0107 wiarygodny profil i zwi\u0119kszy\u0107 swoj\u0105 popularno\u015b\u0107 w\u015br\u00f3d autentycznych odbiorc\u00f3w. Obserwatorzy pochodz\u0105 z kraj\u00f3w europejskich i Stan\u00f3w Zjednoczonych, co sprawia, \u017ce Twoje konto wygl\u0105da naturalnie i przyci\u0105ga wi\u0119ksze zaanga\u017cowanie.<\/p>\n<p>Nie oferujemy bot\u00f3w ani fa\u0142szywych kont \u2013 tylko aktywni, realni u\u017cytkownicy Instagrama. Idealne rozwi\u0105zanie dla influencer\u00f3w, firm, tw\u00f3rc\u00f3w i marek osobistych, kt\u00f3rzy chc\u0105 poprawi\u0107 swoj\u0105 obecno\u015b\u0107 w mediach spo\u0142eczno\u015bciowych i przyci\u0105ga\u0107 organicznych odbiorc\u00f3w.<\/p>\n<p>Kup followers\u00f3w na Instagramie ju\u017c teraz i zacznij budowa\u0107 spo\u0142eczno\u015b\u0107, kt\u00f3ra wygl\u0105da wiarygodnie i profesjonalnie. Us\u0142uga gwarantuje szybki start realizacji, bezpieczne dodanie obserwuj\u0105cych i pe\u0142n\u0105 poufno\u015b\u0107.<\/p>","protected":false},"excerpt":{"rendered":"<p>Realni followersi z USA i Europy \u2013 zwi\u0119ksz swoj\u0105 wiarygodno\u015b\u0107 i przyci\u0105gnij wi\u0119ksze zaanga\u017cowanie na Instagramie. Szybka, bezpieczna realizacja!<\/p>","protected":false},"featured_media":9584,"comment_status":"open","ping_status":"closed","template":"","meta":[],"product_brand":[],"product_cat":[97],"product_tag":[],"class_list":{"0":"post-9554","1":"product","2":"type-product","3":"status-publish","4":"has-post-thumbnail","6":"product_cat-instagram","8":"first","9":"instock","10":"sale","11":"taxable","12":"shipping-taxable","13":"purchasable","14":"product-type-variable"},"_links":{"self":[{"href":"https:\/\/social-market.pl\/fr\/wp-json\/wp\/v2\/product\/9554","targetHints":{"allow":["GET"]}}],"collection":[{"href":"https:\/\/social-market.pl\/fr\/wp-json\/wp\/v2\/product"}],"about":[{"href":"https:\/\/social-market.pl\/fr\/wp-json\/wp\/v2\/types\/product"}],"replies":[{"embeddable":true,"href":"https:\/\/social-market.pl\/fr\/wp-json\/wp\/v2\/comments?post=9554"}],"wp:featuredmedia":[{"embeddable":true,"href":"https:\/\/social-market.pl\/fr\/wp-json\/wp\/v2\/media\/9584"}],"wp:attachment":[{"href":"https:\/\/social-market.pl\/fr\/wp-json\/wp\/v2\/media?parent=9554"}],"wp:term":[{"taxonomy":"product_brand","embeddable":true,"href":"https:\/\/social-market.pl\/fr\/wp-json\/wp\/v2\/product_brand?post=9554"},{"taxonomy":"product_cat","embeddable":true,"href":"https:\/\/social-market.pl\/fr\/wp-json\/wp\/v2\/product_cat?post=9554"},{"taxonomy":"product_tag","embeddable":true,"href":"https:\/\/social-market.pl\/fr\/wp-json\/wp\/v2\/product_tag?post=9554"}],"curies":[{"name":"wp","href":"https:\/\/api.w.org\/{rel}","templated":true}]}}