{"id":9594,"date":"2025-06-11T21:32:50","date_gmt":"2025-06-11T19:32:50","guid":{"rendered":"https:\/\/social-market.pl\/?post_type=product&#038;p=9594"},"modified":"2025-06-11T22:04:14","modified_gmt":"2025-06-11T20:04:14","slug":"x-twitter-wyswietlenia-video","status":"publish","type":"product","link":"https:\/\/social-market.pl\/fr\/x-twitter-wyswietlenia-video\/","title":{"rendered":"X (twitter) wy\u015bwietlenia video"},"content":{"rendered":"<p>Zwi\u0119ksz popularno\u015b\u0107 swoich film\u00f3w na X (dawny Twitter) dzi\u0119ki us\u0142udze Wy\u015bwietlenia Wideo! Wideo to jeden z najbardziej promowanych format\u00f3w na platformie \u2013 im wi\u0119cej ods\u0142on, tym lepiej dzia\u0142a algorytm i tym wi\u0119ksza szansa na zdobycie uwagi nowych u\u017cytkownik\u00f3w.<\/p>\n<p>Nasza us\u0142uga zapewnia realne wy\u015bwietlenia film\u00f3w od aktywnych u\u017cytkownik\u00f3w, co pozwala budowa\u0107 wiarygodno\u015b\u0107 Twojego konta oraz przyci\u0105ga\u0107 organiczne zaanga\u017cowanie.<\/p>\n<p>Dlaczego warto?<\/p>\n<p>Zwi\u0119kszasz szans\u0119 na viral i wi\u0119ksze dotarcie.<\/p>\n<p>Film wygl\u0105da na popularny i warto\u015bciowy.<\/p>\n<p>Wzmacniasz wizerunek profesjonalnego tw\u00f3rcy lub marki.<\/p>\n<p>Us\u0142uga jest bezpieczna, szybka i zgodna z zasadami platformy. Wystarczy link do tweeta zawieraj\u0105cego film \u2013 reszt\u0105 zajmiemy si\u0119 my.<\/p>","protected":false},"excerpt":{"rendered":"<p>Zwi\u0119ksz wy\u015bwietlenia wideo na X (Twitter) \u2013 realni widzowie, wi\u0119kszy zasi\u0119g, naturalny wzrost i lepszy wizerunek!<\/p>","protected":false},"featured_media":9611,"comment_status":"open","ping_status":"closed","template":"","meta":[],"product_brand":[],"product_cat":[111],"product_tag":[],"class_list":{"0":"post-9594","1":"product","2":"type-product","3":"status-publish","4":"has-post-thumbnail","6":"product_cat-x-twitter","8":"first","9":"instock","10":"sale","11":"taxable","12":"shipping-taxable","13":"purchasable","14":"product-type-variable"},"_links":{"self":[{"href":"https:\/\/social-market.pl\/fr\/wp-json\/wp\/v2\/product\/9594","targetHints":{"allow":["GET"]}}],"collection":[{"href":"https:\/\/social-market.pl\/fr\/wp-json\/wp\/v2\/product"}],"about":[{"href":"https:\/\/social-market.pl\/fr\/wp-json\/wp\/v2\/types\/product"}],"replies":[{"embeddable":true,"href":"https:\/\/social-market.pl\/fr\/wp-json\/wp\/v2\/comments?post=9594"}],"wp:featuredmedia":[{"embeddable":true,"href":"https:\/\/social-market.pl\/fr\/wp-json\/wp\/v2\/media\/9611"}],"wp:attachment":[{"href":"https:\/\/social-market.pl\/fr\/wp-json\/wp\/v2\/media?parent=9594"}],"wp:term":[{"taxonomy":"product_brand","embeddable":true,"href":"https:\/\/social-market.pl\/fr\/wp-json\/wp\/v2\/product_brand?post=9594"},{"taxonomy":"product_cat","embeddable":true,"href":"https:\/\/social-market.pl\/fr\/wp-json\/wp\/v2\/product_cat?post=9594"},{"taxonomy":"product_tag","embeddable":true,"href":"https:\/\/social-market.pl\/fr\/wp-json\/wp\/v2\/product_tag?post=9594"}],"curies":[{"name":"wp","href":"https:\/\/api.w.org\/{rel}","templated":true}]}}