{"id":9602,"date":"2025-06-11T21:35:06","date_gmt":"2025-06-11T19:35:06","guid":{"rendered":"https:\/\/social-market.pl\/?post_type=product&#038;p=9602"},"modified":"2025-06-11T22:06:54","modified_gmt":"2025-06-11T20:06:54","slug":"x-twitter-space-sluchacze","status":"publish","type":"product","link":"https:\/\/social-market.pl\/fr\/x-twitter-space-sluchacze\/","title":{"rendered":"X (twitter) space s\u0142uchacze"},"content":{"rendered":"<p>Zwi\u0119ksz liczb\u0119 uczestnik\u00f3w swojego wydarzenia audio dzi\u0119ki us\u0142udze X (Twitter) \u2013 Space S\u0142uchacze. Twitter Spaces to idealne narz\u0119dzie do prowadzenia rozm\u00f3w na \u017cywo, budowania spo\u0142eczno\u015bci i dzielenia si\u0119 wiedz\u0105 \u2013 ale aby przyci\u0105ga\u0107 uwag\u0119, potrzebujesz aktywnej i widocznej publiczno\u015bci.<\/p>\n<p>Nasza us\u0142uga dostarcza realnych s\u0142uchaczy, kt\u00f3rzy do\u0142\u0105czaj\u0105 do Twojego Space, dzi\u0119ki czemu:<\/p>\n<p>Twoje wydarzenie wygl\u0105da na popularne i warte uwagi,<\/p>\n<p>zwi\u0119kszasz zasi\u0119g oraz widoczno\u015b\u0107 pokoju w feedzie,<\/p>\n<p>wzmacniasz wizerunek eksperta, marki lub lidera opinii,<\/p>\n<p>zach\u0119casz innych u\u017cytkownik\u00f3w do do\u0142\u0105czenia i interakcji.<\/p>\n<p>To doskona\u0142a opcja dla trener\u00f3w, tw\u00f3rc\u00f3w, polityk\u00f3w, marketer\u00f3w i firm organizuj\u0105cych wydarzenia audio. Us\u0142uga nie wymaga logowania \u2013 wystarczy link do Twojego Space.<\/p>\n<p>Dlaczego warto?<\/p>\n<p>Lepszy efekt \u201esocial proof\u201d \u2013 wi\u0119cej s\u0142uchaczy = wi\u0119ksze zainteresowanie.<\/p>\n<p>Wzmocnienie zasi\u0119gu organicznego i presti\u017cu wydarzenia.<\/p>\n<p>Wi\u0119ksza szansa na aktywno\u015b\u0107 i obserwacje.<\/p>","protected":false},"excerpt":{"rendered":"<p>Zdob\u0105d\u017a realnych s\u0142uchaczy do swojego Twitter Space \u2013 wi\u0119cej uczestnik\u00f3w, wi\u0119kszy presti\u017c i lepsza widoczno\u015b\u0107 wydarzenia!<\/p>","protected":false},"featured_media":9611,"comment_status":"open","ping_status":"closed","template":"","meta":[],"product_brand":[],"product_cat":[111],"product_tag":[],"class_list":{"0":"post-9602","1":"product","2":"type-product","3":"status-publish","4":"has-post-thumbnail","6":"product_cat-x-twitter","8":"first","9":"instock","10":"sale","11":"taxable","12":"shipping-taxable","13":"purchasable","14":"product-type-variable"},"_links":{"self":[{"href":"https:\/\/social-market.pl\/fr\/wp-json\/wp\/v2\/product\/9602","targetHints":{"allow":["GET"]}}],"collection":[{"href":"https:\/\/social-market.pl\/fr\/wp-json\/wp\/v2\/product"}],"about":[{"href":"https:\/\/social-market.pl\/fr\/wp-json\/wp\/v2\/types\/product"}],"replies":[{"embeddable":true,"href":"https:\/\/social-market.pl\/fr\/wp-json\/wp\/v2\/comments?post=9602"}],"wp:featuredmedia":[{"embeddable":true,"href":"https:\/\/social-market.pl\/fr\/wp-json\/wp\/v2\/media\/9611"}],"wp:attachment":[{"href":"https:\/\/social-market.pl\/fr\/wp-json\/wp\/v2\/media?parent=9602"}],"wp:term":[{"taxonomy":"product_brand","embeddable":true,"href":"https:\/\/social-market.pl\/fr\/wp-json\/wp\/v2\/product_brand?post=9602"},{"taxonomy":"product_cat","embeddable":true,"href":"https:\/\/social-market.pl\/fr\/wp-json\/wp\/v2\/product_cat?post=9602"},{"taxonomy":"product_tag","embeddable":true,"href":"https:\/\/social-market.pl\/fr\/wp-json\/wp\/v2\/product_tag?post=9602"}],"curies":[{"name":"wp","href":"https:\/\/api.w.org\/{rel}","templated":true}]}}