{"id":6695,"date":"2020-12-06T19:18:09","date_gmt":"2020-12-06T19:18:09","guid":{"rendered":"https:\/\/social-market.pl\/?post_type=product&#038;p=6695"},"modified":"2023-11-30T17:40:26","modified_gmt":"2023-11-30T16:40:26","slug":"wyswietlenia-na-instagramie","status":"publish","type":"product","link":"https:\/\/social-market.pl\/it\/wyswietlenia-na-instagramie\/","title":{"rendered":"Visualizzazioni su Instagram"},"content":{"rendered":"<h2 style=\"text-align: center;\">Dlaczego warto kupi\u0107 wy\u015bwietlenia na Instagramie?<\/h2>\n<p>Wy\u015bwietlenia to pierwszy krok do zostania gwiazd\u0105 na Instagramie. Je\u015bli masz problem z dotarciem do szerszej publiczno\u015bci lub potrzebujesz zwi\u0119kszenia ogl\u0105dalno\u015bci wideo &#8211; nie zwlekaj. Filmy z du\u017c\u0105 ilo\u015bci\u0105 wy\u015bwietle\u0144 pozytywnie dzia\u0142aj\u0105 na Twoj\u0105 reputacj\u0119. Dzieje si\u0119 tak dlatego, \u017ce ludzie zwykle oceniaj\u0105 Twoje filmy tylko na podstawie liczby ich wy\u015bwietle\u0144. Dlatego je\u015bli kupisz wy\u015bwietlenia na Instagramie b\u0119dziesz mie\u0107 szans\u0119, aby Tw\u00f3j film (a tym samym ca\u0142y profil) sta\u0142 si\u0119 popularny na tej platformie medi\u00f3w spo\u0142eczno\u015bciowych. Wy\u015bwietlenia na Instagramie pochodz\u0105 z ca\u0142ego \u015bwiata!<\/p>\n<p>Mo\u017ce by\u0107 trudno sprawi\u0107, aby Twoje filmy by\u0142y widoczne na Instagramie. W zwi\u0105zku z tym mo\u017cesz p\u00f3j\u015b\u0107 na skr\u00f3ty, kupuj\u0105c wy\u015bwietlenia na Instagramie. Kupowanie ich ma kilka zalet.<\/p>\n<ul>\n<li>Dzi\u0119ki temu staniesz si\u0119 bardziej popularny. Je\u015bli Twoje konto na Instagramie ma du\u017c\u0105 liczb\u0119 wy\u015bwietle\u0144, te wy\u015bwietlenia mog\u0105 poprawi\u0107 Twoj\u0105 reputacj\u0119. Dzieje si\u0119 tak, poniewa\u017c ludzie szybko oceniaj\u0105 jako\u015b\u0107 Twojego filmu na podstawie liczby wy\u015bwietle\u0144. W rezultacie, je\u015bli kupisz wy\u015bwietlenia, b\u0119dziesz mia\u0142 szans\u0119 uczyni\u0107 sw\u00f3j film viralowym.<\/li>\n<li>Je\u015bli jeste\u015b influencerem, mo\u017cesz przyci\u0105gn\u0105\u0107 uwag\u0119 innych u\u017cytkownik\u00f3w. Je\u015bli Tw\u00f3j film trafi do sieci i zobaczy go wiele os\u00f3b na ca\u0142ym \u015bwiecie, zostaniesz dostrze\u017cony nie tylko przez osoby prywatne, ale tak\u017ce przez firmy, kt\u00f3re mog\u0105 chcie\u0107 nawi\u0105za\u0107 z Tob\u0105 wsp\u00f3\u0142prac\u0119. Kupowanie wy\u015bwietle\u0144 mo\u017ce pom\u00f3c w\u0142a\u015bcicielom firm w zdobyciu wi\u0119kszej lojalno\u015bci i zaufania do marki, co w d\u0142u\u017cszej perspektywie prowadzi do zwi\u0119kszenia przychod\u00f3w.<\/li>\n<li>Widzowie na Instagramie mog\u0105 by\u0107 bardziej sk\u0142onni do \u015bledzenia Ci\u0119 po obejrzeniu Twoich film\u00f3w, a tak\u017ce mog\u0105 polubi\u0107 lub zasubskrybowa\u0107 inne Twoje materia\u0142y. Te dzia\u0142ania mog\u0105 r\u00f3wnie\u017c prowadzi\u0107 do zwi\u0119kszenia liczby odwiedzaj\u0105cych Tw\u00f3j profil na Instagramie lub stron\u0119 internetow\u0105.<\/li>\n<\/ul>\n<p>&nbsp;<\/p>\n<h2 style=\"text-align: center;\">Jak kupowa\u0107 wy\u015bwietlenia na Instagramie?<\/h2>\n<p>Teraz, gdy znasz ju\u017c szczeg\u00f3\u0142y naszych us\u0142ug i wiesz dlaczego powiniene\u015b z nich skorzysta\u0107, poka\u017cemy Ci jak to zrobi\u0107. Post\u0119puj zgodnie z naszym przewodnikiem krok po kroku, aby pomy\u015blnie zako\u0144czy\u0107 p\u0142atno\u015b\u0107. Oto kroki:<\/p>\n<p>1. Wybierz interesuj\u0105cy Ci\u0119 pakiet.<\/p>\n<p>2. Wklej adres URL w wyznaczonym polu.<\/p>\n<p>3. Zap\u0142a\u0107 online za pomoc\u0105 najbezpieczniejszych dost\u0119pnych metod p\u0142atno\u015bci. Po otrzymaniu Twojej transakcji natychmiast rozpoczniemy realizacj\u0119 zam\u00f3wienia.<\/p>\n<p>&nbsp;<\/p>\n<h2 style=\"text-align: center;\">Dlaczego Social-Market.pl?<\/h2>\n<p>Social-Market.pl to miejsce, w kt\u00f3rym dokonasz w pe\u0142ni bezpiecznego i pewnego zakupu. Ca\u0142y proces zakupu jest dziecinnie prosty, jednak zdajemy sobie spraw\u0119 z nieoczekiwanych problem\u00f3w. Dlatego bez obaw \u2013 jeste\u015bmy do Twojej dyspozycji 24\/7 i zapewniamy pomoc na ka\u017cdym kroku.<\/p>\n<p>&nbsp;<\/p>","protected":false},"excerpt":{"rendered":"<p>Dlaczego warto kupi\u0107 wy\u015bwietlenia na Instagramie? Wy\u015bwietlenia to pierwszy krok do zostania gwiazd\u0105 na Instagramie. Je\u015bli masz problem z dotarciem do szerszej publiczno\u015bci lub potrzebujesz zwi\u0119kszenia ogl\u0105dalno\u015bci wideo &#8211; nie zwlekaj. Filmy z du\u017c\u0105 ilo\u015bci\u0105 wy\u015bwietle\u0144 pozytywnie dzia\u0142aj\u0105 na Twoj\u0105 reputacj\u0119. Dzieje si\u0119 tak dlatego, \u017ce ludzie zwykle oceniaj\u0105 Twoje filmy tylko na podstawie liczby [&hellip;]<\/p>","protected":false},"featured_media":6831,"comment_status":"open","ping_status":"closed","template":"","meta":[],"product_brand":[],"product_cat":[97],"product_tag":[],"class_list":{"0":"post-6695","1":"product","2":"type-product","3":"status-publish","4":"has-post-thumbnail","6":"product_cat-instagram","8":"first","9":"instock","10":"sale","11":"taxable","12":"shipping-taxable","13":"purchasable","14":"product-type-variable"},"_links":{"self":[{"href":"https:\/\/social-market.pl\/it\/wp-json\/wp\/v2\/product\/6695","targetHints":{"allow":["GET"]}}],"collection":[{"href":"https:\/\/social-market.pl\/it\/wp-json\/wp\/v2\/product"}],"about":[{"href":"https:\/\/social-market.pl\/it\/wp-json\/wp\/v2\/types\/product"}],"replies":[{"embeddable":true,"href":"https:\/\/social-market.pl\/it\/wp-json\/wp\/v2\/comments?post=6695"}],"wp:featuredmedia":[{"embeddable":true,"href":"https:\/\/social-market.pl\/it\/wp-json\/wp\/v2\/media\/6831"}],"wp:attachment":[{"href":"https:\/\/social-market.pl\/it\/wp-json\/wp\/v2\/media?parent=6695"}],"wp:term":[{"taxonomy":"product_brand","embeddable":true,"href":"https:\/\/social-market.pl\/it\/wp-json\/wp\/v2\/product_brand?post=6695"},{"taxonomy":"product_cat","embeddable":true,"href":"https:\/\/social-market.pl\/it\/wp-json\/wp\/v2\/product_cat?post=6695"},{"taxonomy":"product_tag","embeddable":true,"href":"https:\/\/social-market.pl\/it\/wp-json\/wp\/v2\/product_tag?post=6695"}],"curies":[{"name":"wp","href":"https:\/\/api.w.org\/{rel}","templated":true}]}}