{"id":9587,"date":"2025-06-11T21:32:48","date_gmt":"2025-06-11T19:32:48","guid":{"rendered":"https:\/\/social-market.pl\/?post_type=product&#038;p=9587"},"modified":"2026-02-23T19:53:07","modified_gmt":"2026-02-23T18:53:07","slug":"youtube-udostepnienia-wideo","status":"publish","type":"product","link":"https:\/\/social-market.pl\/it\/youtube-udostepnienia-wideo\/","title":{"rendered":"Youtube udost\u0119pnienia wideo"},"content":{"rendered":"<p>Zwi\u0119ksz zasi\u0119g swojego filmu dzi\u0119ki us\u0142udze YouTube Udost\u0119pnienia Wideo. Udost\u0119pnienia to jeden z najmocniejszych sygna\u0142\u00f3w zaanga\u017cowania, kt\u00f3ry ma realny wp\u0142yw na pozycjonowanie w algorytmie YouTube. Im cz\u0119\u015bciej Tw\u00f3j film jest udost\u0119pniany, tym ch\u0119tniej polecaj\u0105 go inni u\u017cytkownicy \u2013 a tak\u017ce sam system rekomendacji platformy.<\/p>\n<p>Nasza us\u0142uga zapewnia realne udost\u0119pnienia Twojego filmu przez aktywnych u\u017cytkownik\u00f3w, co przek\u0142ada si\u0119 na:<\/p>\n<p>zwi\u0119kszony ruch z zewn\u0119trznych \u017ar\u00f3de\u0142,<\/p>\n<p>wi\u0119ksze szanse na viral,<\/p>\n<p>lepsze postrzeganie tre\u015bci jako warto\u015bciowej i godnej polecenia.<\/p>\n<p>Udost\u0119pnienia mog\u0105 by\u0107 realizowane zar\u00f3wno w obr\u0119bie samego YouTube (np. funkcja \u201eudost\u0119pnij\u201d do playlist, wiadomo\u015bci itp.), jak i poza platform\u0105 \u2013 w miejscach, kt\u00f3re naturalnie przyci\u0105gaj\u0105 uwag\u0119 nowych widz\u00f3w.<\/p>\n<p>To doskona\u0142e rozwi\u0105zanie dla tw\u00f3rc\u00f3w, firm, marek i agencji, kt\u00f3re chc\u0105 wzmocni\u0107 efekt kampanii wideo lub zwi\u0119kszy\u0107 organiczne wy\u015bwietlenia.<\/p>","protected":false},"excerpt":{"rendered":"<p>Zyskaj realne udost\u0119pnienia filmu YouTube \u2013 zwi\u0119ksz zasi\u0119g, popraw widoczno\u015b\u0107 i dotrzyj do nowych odbiorc\u00f3w!<\/p>","protected":false},"featured_media":9600,"comment_status":"open","ping_status":"closed","template":"","meta":[],"product_brand":[],"product_cat":[93],"product_tag":[],"class_list":{"0":"post-9587","1":"product","2":"type-product","3":"status-publish","4":"has-post-thumbnail","6":"product_cat-youtube","8":"first","9":"outofstock","10":"sale","11":"taxable","12":"shipping-taxable","13":"purchasable","14":"product-type-variable"},"_links":{"self":[{"href":"https:\/\/social-market.pl\/it\/wp-json\/wp\/v2\/product\/9587","targetHints":{"allow":["GET"]}}],"collection":[{"href":"https:\/\/social-market.pl\/it\/wp-json\/wp\/v2\/product"}],"about":[{"href":"https:\/\/social-market.pl\/it\/wp-json\/wp\/v2\/types\/product"}],"replies":[{"embeddable":true,"href":"https:\/\/social-market.pl\/it\/wp-json\/wp\/v2\/comments?post=9587"}],"wp:featuredmedia":[{"embeddable":true,"href":"https:\/\/social-market.pl\/it\/wp-json\/wp\/v2\/media\/9600"}],"wp:attachment":[{"href":"https:\/\/social-market.pl\/it\/wp-json\/wp\/v2\/media?parent=9587"}],"wp:term":[{"taxonomy":"product_brand","embeddable":true,"href":"https:\/\/social-market.pl\/it\/wp-json\/wp\/v2\/product_brand?post=9587"},{"taxonomy":"product_cat","embeddable":true,"href":"https:\/\/social-market.pl\/it\/wp-json\/wp\/v2\/product_cat?post=9587"},{"taxonomy":"product_tag","embeddable":true,"href":"https:\/\/social-market.pl\/it\/wp-json\/wp\/v2\/product_tag?post=9587"}],"curies":[{"name":"wp","href":"https:\/\/api.w.org\/{rel}","templated":true}]}}