{"id":9621,"date":"2025-06-11T21:36:23","date_gmt":"2025-06-11T19:36:23","guid":{"rendered":"https:\/\/social-market.pl\/?post_type=product&#038;p=9621"},"modified":"2025-06-11T22:01:52","modified_gmt":"2025-06-11T20:01:52","slug":"tiktok-live-ogladajacy","status":"publish","type":"product","link":"https:\/\/social-market.pl\/it\/tiktok-live-ogladajacy\/","title":{"rendered":"TikTok live ogl\u0105daj\u0105cy"},"content":{"rendered":"<p>Zwi\u0119ksz liczb\u0119 widz\u00f3w podczas transmisji na \u017cywo na TikToku dzi\u0119ki us\u0142udze TikTok LIVE \u2013 Ogl\u0105daj\u0105cy (Realni U\u017cytkownicy). Im wi\u0119cej os\u00f3b ogl\u0105da Tw\u00f3j live, tym wi\u0119ksze szanse na to, \u017ce zostanie on wypromowany przez algorytm i trafi na stron\u0119 g\u0142\u00f3wn\u0105 \u201eNa \u017cywo\u201d, przyci\u0105gaj\u0105c jeszcze wi\u0119cej odbiorc\u00f3w.<\/p>\n<p>Nasza us\u0142uga zapewnia:<\/p>\n<p>Prawdziwych, aktywnych widz\u00f3w, kt\u00f3rzy wchodz\u0105 na transmisj\u0119 w czasie rzeczywistym,<\/p>\n<p>Naturalnie wygl\u0105daj\u0105c\u0105 liczb\u0119 ogl\u0105daj\u0105cych \u2013 idealn\u0105 do budowania presti\u017cu,<\/p>\n<p>Popraw\u0119 wizerunku transmisji i zwi\u0119kszenie zaanga\u017cowania innych u\u017cytkownik\u00f3w.<\/p>\n<p>To idealne rozwi\u0105zanie dla:<\/p>\n<p>Influencer\u00f3w i tw\u00f3rc\u00f3w, kt\u00f3rzy chc\u0105 zwi\u0119kszy\u0107 popularno\u015b\u0107 live\u2019\u00f3w,<\/p>\n<p>Marek prowadz\u0105cych sprzeda\u017c lub prezentacje produkt\u00f3w na \u017cywo,<\/p>\n<p>Ka\u017cdego, kto chce wypromowa\u0107 wydarzenie w czasie rzeczywistym.<\/p>\n<p>Dlaczego warto?<\/p>\n<p>Wi\u0119cej widz\u00f3w = wy\u017cszy zasi\u0119g i wi\u0119ksza szansa na viral,<\/p>\n<p>Realne konta, bezpieczna metoda \u2013 bez ryzyka blokady,<\/p>\n<p>Silny efekt psychologiczny i spo\u0142eczny \u2013 wi\u0119cej widz\u00f3w przyci\u0105ga kolejnych.<\/p>","protected":false},"excerpt":{"rendered":"<p>Zyskaj realnych ogl\u0105daj\u0105cych na TikTok LIVE \u2013 zwi\u0119ksz widoczno\u015b\u0107, zasi\u0119g i zainteresowanie swoj\u0105 transmisj\u0105!<\/p>","protected":false},"featured_media":9637,"comment_status":"open","ping_status":"closed","template":"","meta":[],"product_brand":[],"product_cat":[95],"product_tag":[],"class_list":{"0":"post-9621","1":"product","2":"type-product","3":"status-publish","4":"has-post-thumbnail","6":"product_cat-tiktok","8":"first","9":"instock","10":"sale","11":"taxable","12":"shipping-taxable","13":"purchasable","14":"product-type-variable"},"_links":{"self":[{"href":"https:\/\/social-market.pl\/it\/wp-json\/wp\/v2\/product\/9621","targetHints":{"allow":["GET"]}}],"collection":[{"href":"https:\/\/social-market.pl\/it\/wp-json\/wp\/v2\/product"}],"about":[{"href":"https:\/\/social-market.pl\/it\/wp-json\/wp\/v2\/types\/product"}],"replies":[{"embeddable":true,"href":"https:\/\/social-market.pl\/it\/wp-json\/wp\/v2\/comments?post=9621"}],"wp:featuredmedia":[{"embeddable":true,"href":"https:\/\/social-market.pl\/it\/wp-json\/wp\/v2\/media\/9637"}],"wp:attachment":[{"href":"https:\/\/social-market.pl\/it\/wp-json\/wp\/v2\/media?parent=9621"}],"wp:term":[{"taxonomy":"product_brand","embeddable":true,"href":"https:\/\/social-market.pl\/it\/wp-json\/wp\/v2\/product_brand?post=9621"},{"taxonomy":"product_cat","embeddable":true,"href":"https:\/\/social-market.pl\/it\/wp-json\/wp\/v2\/product_cat?post=9621"},{"taxonomy":"product_tag","embeddable":true,"href":"https:\/\/social-market.pl\/it\/wp-json\/wp\/v2\/product_tag?post=9621"}],"curies":[{"name":"wp","href":"https:\/\/api.w.org\/{rel}","templated":true}]}}