{"id":9626,"date":"2025-06-11T21:37:35","date_gmt":"2025-06-11T19:37:35","guid":{"rendered":"https:\/\/social-market.pl\/?post_type=product&#038;p=9626"},"modified":"2025-06-11T22:01:36","modified_gmt":"2025-06-11T20:01:36","slug":"linkedin-reshares","status":"publish","type":"product","link":"https:\/\/social-market.pl\/it\/linkedin-reshares\/","title":{"rendered":"Linkedin reshares"},"content":{"rendered":"<p>Zwi\u0119ksz zasi\u0119g i wp\u0142yw swoich publikacji dzi\u0119ki us\u0142udze LinkedIn \u2013 Udost\u0119pnienia Posta (Reshares). Gdy inni u\u017cytkownicy LinkedIn udost\u0119pniaj\u0105 Tw\u00f3j post, budujesz nie tylko wi\u0119ksz\u0105 widoczno\u015b\u0107, ale r\u00f3wnie\u017c autorytet w swojej bran\u017cy. Udost\u0119pnienia to jeden z najskuteczniejszych sposob\u00f3w na organiczny wzrost zasi\u0119gu i dotarcie do nowych kontakt\u00f3w.<\/p>\n<p>Nasza us\u0142uga zapewnia:<\/p>\n<p>Realne udost\u0119pnienia Twojego posta przez aktywnych u\u017cytkownik\u00f3w LinkedIn,<\/p>\n<p>Naturalnie wygl\u0105daj\u0105ce interakcje \u2013 bez ryzyka bana lub spamu,<\/p>\n<p>Mo\u017cliwo\u015b\u0107 dotarcia z Twoim contentem do nowych kr\u0119g\u00f3w zawodowych.<\/p>\n<p>Idealna dla:<\/p>\n<p>Tw\u00f3rc\u00f3w buduj\u0105cych mark\u0119 osobist\u0105 lub ekspercki wizerunek,<\/p>\n<p>Firm B2B promuj\u0105cych us\u0142ugi, produkty lub wydarzenia,<\/p>\n<p>Rekruter\u00f3w, konsultant\u00f3w i lider\u00f3w my\u015bli chc\u0105cych zwi\u0119kszy\u0107 wp\u0142yw swoich publikacji.<\/p>\n<p>Dlaczego warto?<\/p>\n<p>LinkedIn promuje posty z wysokim poziomem zaanga\u017cowania,<\/p>\n<p>Udost\u0119pnienia zwi\u0119kszaj\u0105 zasi\u0119g wielokrotnie bardziej ni\u017c same polubienia,<\/p>\n<p>To kluczowy element przy budowie widoczno\u015bci organicznej.<\/p>","protected":false},"excerpt":{"rendered":"<p>Zdob\u0105d\u017a realne udost\u0119pnienia LinkedIn \u2013 zwi\u0119ksz zasi\u0119g i dotrzyj do nowych grup odbiorc\u00f3w!<\/p>","protected":false},"featured_media":9648,"comment_status":"open","ping_status":"closed","template":"","meta":[],"product_brand":[],"product_cat":[103],"product_tag":[],"class_list":{"0":"post-9626","1":"product","2":"type-product","3":"status-publish","4":"has-post-thumbnail","6":"product_cat-linkedin","8":"first","9":"instock","10":"sale","11":"taxable","12":"shipping-taxable","13":"purchasable","14":"product-type-variable"},"_links":{"self":[{"href":"https:\/\/social-market.pl\/it\/wp-json\/wp\/v2\/product\/9626","targetHints":{"allow":["GET"]}}],"collection":[{"href":"https:\/\/social-market.pl\/it\/wp-json\/wp\/v2\/product"}],"about":[{"href":"https:\/\/social-market.pl\/it\/wp-json\/wp\/v2\/types\/product"}],"replies":[{"embeddable":true,"href":"https:\/\/social-market.pl\/it\/wp-json\/wp\/v2\/comments?post=9626"}],"wp:featuredmedia":[{"embeddable":true,"href":"https:\/\/social-market.pl\/it\/wp-json\/wp\/v2\/media\/9648"}],"wp:attachment":[{"href":"https:\/\/social-market.pl\/it\/wp-json\/wp\/v2\/media?parent=9626"}],"wp:term":[{"taxonomy":"product_brand","embeddable":true,"href":"https:\/\/social-market.pl\/it\/wp-json\/wp\/v2\/product_brand?post=9626"},{"taxonomy":"product_cat","embeddable":true,"href":"https:\/\/social-market.pl\/it\/wp-json\/wp\/v2\/product_cat?post=9626"},{"taxonomy":"product_tag","embeddable":true,"href":"https:\/\/social-market.pl\/it\/wp-json\/wp\/v2\/product_tag?post=9626"}],"curies":[{"name":"wp","href":"https:\/\/api.w.org\/{rel}","templated":true}]}}