{"id":9630,"date":"2025-06-11T21:37:35","date_gmt":"2025-06-11T19:37:35","guid":{"rendered":"https:\/\/social-market.pl\/?post_type=product&#038;p=9630"},"modified":"2025-06-11T22:01:36","modified_gmt":"2025-06-11T20:01:36","slug":"telegram-pozytywne-reakcje-posta-wyswietlenia","status":"publish","type":"product","link":"https:\/\/social-market.pl\/it\/telegram-pozytywne-reakcje-posta-wyswietlenia\/","title":{"rendered":"Telegram pozytywne reakcje posta + wy\u015bwietlenia"},"content":{"rendered":"<p>Zwi\u0119ksz autorytet i widoczno\u015b\u0107 swoich publikacji dzi\u0119ki us\u0142udze Telegram \u2013 Pozytywne Reakcje + Wy\u015bwietlenia Posta. To kompleksowe rozwi\u0105zanie, kt\u00f3re \u0142\u0105czy zaanga\u017cowanie u\u017cytkownik\u00f3w (reakcje emoji) z realnym ruchem na Twoim po\u015bcie. Idealne do budowania zaufania, popularno\u015bci i wzmacniania efektu spo\u0142ecznego (social proof) Twojego kana\u0142u lub grupy.<\/p>\n<p>Co zawiera pakiet:<\/p>\n<p>\u2705 Realne wy\u015bwietlenia posta od aktywnych kont Telegrama,<\/p>\n<p>\u2705 Pozytywne reakcje emoji (np. \u2764\ufe0f ), zgodne z charakterem posta,<\/p>\n<p>\u2705 Bezpieczne tempo dodawania \u2013 naturalnie wygl\u0105daj\u0105ca aktywno\u015b\u0107,<\/p>\n<p>\u2705 Mo\u017cliwo\u015b\u0107 promowania post\u00f3w w kana\u0142ach, grupach lub prywatnych spo\u0142eczno\u015bciach.<\/p>\n<p>Doskona\u0142e dla:<\/p>\n<p>W\u0142a\u015bcicieli kana\u0142\u00f3w informacyjnych, promocyjnych i bran\u017cowych,<\/p>\n<p>Projekt\u00f3w kryptowalutowych, NFT, e-commerce i marketingu,<\/p>\n<p>Ka\u017cdego, kto chce zbudowa\u0107 silniejszy wizerunek na Telegramie.<\/p>\n<p>Dlaczego warto?<\/p>\n<p>Pozytywne reakcje zwi\u0119kszaj\u0105 wiarygodno\u015b\u0107 Twojego contentu,<\/p>\n<p>Wy\u015bwietlenia pokazuj\u0105, \u017ce post cieszy si\u0119 zainteresowaniem,<\/p>\n<p>Telegram promuje aktywne posty wy\u017cej w kana\u0142ach i grupach.<\/p>","protected":false},"excerpt":{"rendered":"<p>Zdob\u0105d\u017a realne wy\u015bwietlenia i pozytywne reakcje na swoim po\u015bcie Telegram \u2013 buduj autorytet i zwi\u0119ksz zasi\u0119g kana\u0142u!<\/p>","protected":false},"featured_media":9658,"comment_status":"open","ping_status":"closed","template":"","meta":[],"product_brand":[],"product_cat":[104],"product_tag":[],"class_list":{"0":"post-9630","1":"product","2":"type-product","3":"status-publish","4":"has-post-thumbnail","6":"product_cat-telegram","8":"first","9":"instock","10":"sale","11":"taxable","12":"shipping-taxable","13":"purchasable","14":"product-type-variable"},"_links":{"self":[{"href":"https:\/\/social-market.pl\/it\/wp-json\/wp\/v2\/product\/9630","targetHints":{"allow":["GET"]}}],"collection":[{"href":"https:\/\/social-market.pl\/it\/wp-json\/wp\/v2\/product"}],"about":[{"href":"https:\/\/social-market.pl\/it\/wp-json\/wp\/v2\/types\/product"}],"replies":[{"embeddable":true,"href":"https:\/\/social-market.pl\/it\/wp-json\/wp\/v2\/comments?post=9630"}],"wp:featuredmedia":[{"embeddable":true,"href":"https:\/\/social-market.pl\/it\/wp-json\/wp\/v2\/media\/9658"}],"wp:attachment":[{"href":"https:\/\/social-market.pl\/it\/wp-json\/wp\/v2\/media?parent=9630"}],"wp:term":[{"taxonomy":"product_brand","embeddable":true,"href":"https:\/\/social-market.pl\/it\/wp-json\/wp\/v2\/product_brand?post=9630"},{"taxonomy":"product_cat","embeddable":true,"href":"https:\/\/social-market.pl\/it\/wp-json\/wp\/v2\/product_cat?post=9630"},{"taxonomy":"product_tag","embeddable":true,"href":"https:\/\/social-market.pl\/it\/wp-json\/wp\/v2\/product_tag?post=9630"}],"curies":[{"name":"wp","href":"https:\/\/api.w.org\/{rel}","templated":true}]}}