{"id":9579,"date":"2025-06-11T21:30:35","date_gmt":"2025-06-11T19:30:35","guid":{"rendered":"https:\/\/social-market.pl\/?post_type=product&#038;p=9579"},"modified":"2026-02-23T19:54:41","modified_gmt":"2026-02-23T18:54:41","slug":"youtube-livestream-ogladajacy","status":"publish","type":"product","link":"https:\/\/social-market.pl\/pt\/youtube-livestream-ogladajacy\/","title":{"rendered":"Youtube livestream ogl\u0105daj\u0105cy"},"content":{"rendered":"<p>Zwi\u0119ksz liczb\u0119 widz\u00f3w na swoich transmisjach na \u017cywo dzi\u0119ki us\u0142udze YouTube Livestream Ogl\u0105daj\u0105cy! Live\u2019y to jeden z najmocniejszych format\u00f3w budowania zaanga\u017cowania na YouTube \u2013 ale aby przyci\u0105ga\u0107 uwag\u0119, musz\u0105 wygl\u0105da\u0107 na popularne.<\/p>\n<p>Dzi\u0119ki naszej us\u0142udze zyskujesz realnych ogl\u0105daj\u0105cych na \u017cywo, kt\u00f3rzy:<\/p>\n<p>zwi\u0119kszaj\u0105 wiarygodno\u015b\u0107 transmisji,<\/p>\n<p>przyci\u0105gaj\u0105 kolejnych widz\u00f3w dzi\u0119ki efektowi \u201esocial proof\u201d,<\/p>\n<p>wp\u0142ywaj\u0105 pozytywnie na algorytm YouTube, promuj\u0105cy aktywne live&#8217;y.<\/p>\n<p>Idealna opcja dla streamer\u00f3w, tw\u00f3rc\u00f3w, trener\u00f3w, sprzedawc\u00f3w, organizator\u00f3w webinar\u00f3w i wydarze\u0144 online. Nie wymagamy logowania \u2013 wystarczy link do transmisji live, a my zajmiemy si\u0119 reszt\u0105. Realizacja odbywa si\u0119 szybko, dyskretnie i bezpiecznie.<\/p>","protected":false},"excerpt":{"rendered":"<p>Zdob\u0105d\u017a realnych ogl\u0105daj\u0105cych na \u017cywo na YouTube \u2013 wi\u0119kszy zasi\u0119g, wiarygodno\u015b\u0107 i skuteczno\u015b\u0107 Twoich transmisji!<\/p>","protected":false},"featured_media":9600,"comment_status":"open","ping_status":"closed","template":"","meta":[],"product_brand":[],"product_cat":[93],"product_tag":[],"class_list":{"0":"post-9579","1":"product","2":"type-product","3":"status-publish","4":"has-post-thumbnail","6":"product_cat-youtube","8":"first","9":"outofstock","10":"sale","11":"taxable","12":"shipping-taxable","13":"purchasable","14":"product-type-variable"},"_links":{"self":[{"href":"https:\/\/social-market.pl\/pt\/wp-json\/wp\/v2\/product\/9579","targetHints":{"allow":["GET"]}}],"collection":[{"href":"https:\/\/social-market.pl\/pt\/wp-json\/wp\/v2\/product"}],"about":[{"href":"https:\/\/social-market.pl\/pt\/wp-json\/wp\/v2\/types\/product"}],"replies":[{"embeddable":true,"href":"https:\/\/social-market.pl\/pt\/wp-json\/wp\/v2\/comments?post=9579"}],"wp:featuredmedia":[{"embeddable":true,"href":"https:\/\/social-market.pl\/pt\/wp-json\/wp\/v2\/media\/9600"}],"wp:attachment":[{"href":"https:\/\/social-market.pl\/pt\/wp-json\/wp\/v2\/media?parent=9579"}],"wp:term":[{"taxonomy":"product_brand","embeddable":true,"href":"https:\/\/social-market.pl\/pt\/wp-json\/wp\/v2\/product_brand?post=9579"},{"taxonomy":"product_cat","embeddable":true,"href":"https:\/\/social-market.pl\/pt\/wp-json\/wp\/v2\/product_cat?post=9579"},{"taxonomy":"product_tag","embeddable":true,"href":"https:\/\/social-market.pl\/pt\/wp-json\/wp\/v2\/product_tag?post=9579"}],"curies":[{"name":"wp","href":"https:\/\/api.w.org\/{rel}","templated":true}]}}