{"id":9598,"date":"2025-06-11T21:33:58","date_gmt":"2025-06-11T19:33:58","guid":{"rendered":"https:\/\/social-market.pl\/?post_type=product&#038;p=9598"},"modified":"2025-06-11T22:06:43","modified_gmt":"2025-06-11T20:06:43","slug":"x-twitter-losowe-komentarze","status":"publish","type":"product","link":"https:\/\/social-market.pl\/pt\/x-twitter-losowe-komentarze\/","title":{"rendered":"X (twitter) losowe komentarze"},"content":{"rendered":"<p>Dodaj naturalnie wygl\u0105daj\u0105ce interakcje pod swoimi tweetami dzi\u0119ki us\u0142udze X (Twitter) \u2013 Losowe Komentarze. Komentarze s\u0105 jednym z najwa\u017cniejszych sygna\u0142\u00f3w zaanga\u017cowania, kt\u00f3re wp\u0142ywaj\u0105 na algorytm i pokazuj\u0105, \u017ce Twoja tre\u015b\u0107 wywo\u0142uje reakcje.<\/p>\n<p>Nasza us\u0142uga dostarcza realne, losowo wygenerowane komentarze od aktywnych u\u017cytkownik\u00f3w, kt\u00f3re:<\/p>\n<p>wygl\u0105daj\u0105 autentycznie i r\u00f3\u017cnorodnie,<\/p>\n<p>zwi\u0119kszaj\u0105 wiarygodno\u015b\u0107 Twoich wpis\u00f3w,<\/p>\n<p>poprawiaj\u0105 widoczno\u015b\u0107 tweeta w feedzie i zak\u0142adce \u201eDla Ciebie\u201d.<\/p>\n<p>Idealne rozwi\u0105zanie dla tw\u00f3rc\u00f3w, marek, agencji i ka\u017cdego, kto chce zbudowa\u0107 aktywn\u0105 obecno\u015b\u0107 na X bez konieczno\u015bci dostarczania w\u0142asnych tekst\u00f3w.<\/p>\n<p>Dlaczego warto?<\/p>\n<p>Komentarze zwi\u0119kszaj\u0105 zasi\u0119g i sk\u0142aniaj\u0105 innych do interakcji.<\/p>\n<p>Wzmacniasz efekt \u201esocial proof\u201d.<\/p>\n<p>Twoje tre\u015bci wygl\u0105daj\u0105 naturalnie i profesjonalnie.<\/p>","protected":false},"excerpt":{"rendered":"<p>Zwi\u0119ksz liczb\u0119 komentarzy pod tweetem na X \u2013 realne, losowe odpowiedzi dla lepszego zaanga\u017cowania i widoczno\u015bci!<\/p>","protected":false},"featured_media":9611,"comment_status":"open","ping_status":"closed","template":"","meta":[],"product_brand":[],"product_cat":[111],"product_tag":[],"class_list":{"0":"post-9598","1":"product","2":"type-product","3":"status-publish","4":"has-post-thumbnail","6":"product_cat-x-twitter","8":"first","9":"instock","10":"sale","11":"taxable","12":"shipping-taxable","13":"purchasable","14":"product-type-variable"},"_links":{"self":[{"href":"https:\/\/social-market.pl\/pt\/wp-json\/wp\/v2\/product\/9598","targetHints":{"allow":["GET"]}}],"collection":[{"href":"https:\/\/social-market.pl\/pt\/wp-json\/wp\/v2\/product"}],"about":[{"href":"https:\/\/social-market.pl\/pt\/wp-json\/wp\/v2\/types\/product"}],"replies":[{"embeddable":true,"href":"https:\/\/social-market.pl\/pt\/wp-json\/wp\/v2\/comments?post=9598"}],"wp:featuredmedia":[{"embeddable":true,"href":"https:\/\/social-market.pl\/pt\/wp-json\/wp\/v2\/media\/9611"}],"wp:attachment":[{"href":"https:\/\/social-market.pl\/pt\/wp-json\/wp\/v2\/media?parent=9598"}],"wp:term":[{"taxonomy":"product_brand","embeddable":true,"href":"https:\/\/social-market.pl\/pt\/wp-json\/wp\/v2\/product_brand?post=9598"},{"taxonomy":"product_cat","embeddable":true,"href":"https:\/\/social-market.pl\/pt\/wp-json\/wp\/v2\/product_cat?post=9598"},{"taxonomy":"product_tag","embeddable":true,"href":"https:\/\/social-market.pl\/pt\/wp-json\/wp\/v2\/product_tag?post=9598"}],"curies":[{"name":"wp","href":"https:\/\/api.w.org\/{rel}","templated":true}]}}