{"id":9612,"date":"2025-06-11T21:36:22","date_gmt":"2025-06-11T19:36:22","guid":{"rendered":"https:\/\/social-market.pl\/?post_type=product&#038;p=9612"},"modified":"2026-02-23T20:14:26","modified_gmt":"2026-02-23T19:14:26","slug":"spotify-miesieczni-sluchacze","status":"publish","type":"product","link":"https:\/\/social-market.pl\/pt\/spotify-miesieczni-sluchacze\/","title":{"rendered":"Spotify miesi\u0119czni s\u0142uchacze"},"content":{"rendered":"<p>Zwi\u0119ksz presti\u017c swojego profilu artysty na Spotify dzi\u0119ki us\u0142udze Spotify \u2013 Miesi\u0119czni S\u0142uchacze (Monthly Listeners). Liczba miesi\u0119cznych s\u0142uchaczy to kluczowy wska\u017anik widoczny publicznie na profilu, kt\u00f3ry wp\u0142ywa na odbi\u00f3r artysty, zaufanie odbiorc\u00f3w i decyzje potencjalnych partner\u00f3w bran\u017cowych.<\/p>\n<p>Nasza us\u0142uga zapewnia realnych, aktywnych s\u0142uchaczy, kt\u00f3rzy generuj\u0105 pe\u0142ne, warto\u015bciowe streamy Twojej muzyki, co skutkuje wzrostem unikalnych s\u0142uchaczy w statystykach \u201emonthly listeners\u201d.<\/p>\n<p>Dlaczego warto?<\/p>\n<p>Wi\u0119cej miesi\u0119cznych s\u0142uchaczy = wi\u0119kszy presti\u017c i lepszy wizerunek.<\/p>\n<p>Pozytywny wp\u0142yw na algorytm Spotify i przysz\u0142e rekomendacje.<\/p>\n<p>Wzrost atrakcyjno\u015bci profilu w oczach wytw\u00f3rni, kurator\u00f3w playlist i odbiorc\u00f3w.<\/p>\n<p>Wszystkie s\u0142uchania realizowane s\u0105 przez realnych u\u017cytkownik\u00f3w, bez bot\u00f3w i ryzyka naruszenia regulaminu platformy.<\/p>","protected":false},"excerpt":{"rendered":"<p>Zwi\u0119ksz liczb\u0119 miesi\u0119cznych s\u0142uchaczy na Spotify \u2013 realni u\u017cytkownicy, wi\u0119kszy presti\u017c i lepsze statystyki Twojego profilu!<\/p>","protected":false},"featured_media":9623,"comment_status":"open","ping_status":"closed","template":"","meta":[],"product_brand":[],"product_cat":[106],"product_tag":[],"class_list":{"0":"post-9612","1":"product","2":"type-product","3":"status-publish","4":"has-post-thumbnail","6":"product_cat-spotify","8":"first","9":"outofstock","10":"sale","11":"taxable","12":"shipping-taxable","13":"purchasable","14":"product-type-variable"},"_links":{"self":[{"href":"https:\/\/social-market.pl\/pt\/wp-json\/wp\/v2\/product\/9612","targetHints":{"allow":["GET"]}}],"collection":[{"href":"https:\/\/social-market.pl\/pt\/wp-json\/wp\/v2\/product"}],"about":[{"href":"https:\/\/social-market.pl\/pt\/wp-json\/wp\/v2\/types\/product"}],"replies":[{"embeddable":true,"href":"https:\/\/social-market.pl\/pt\/wp-json\/wp\/v2\/comments?post=9612"}],"wp:featuredmedia":[{"embeddable":true,"href":"https:\/\/social-market.pl\/pt\/wp-json\/wp\/v2\/media\/9623"}],"wp:attachment":[{"href":"https:\/\/social-market.pl\/pt\/wp-json\/wp\/v2\/media?parent=9612"}],"wp:term":[{"taxonomy":"product_brand","embeddable":true,"href":"https:\/\/social-market.pl\/pt\/wp-json\/wp\/v2\/product_brand?post=9612"},{"taxonomy":"product_cat","embeddable":true,"href":"https:\/\/social-market.pl\/pt\/wp-json\/wp\/v2\/product_cat?post=9612"},{"taxonomy":"product_tag","embeddable":true,"href":"https:\/\/social-market.pl\/pt\/wp-json\/wp\/v2\/product_tag?post=9612"}],"curies":[{"name":"wp","href":"https:\/\/api.w.org\/{rel}","templated":true}]}}