{"id":9615,"date":"2025-06-11T21:36:22","date_gmt":"2025-06-11T19:36:22","guid":{"rendered":"https:\/\/social-market.pl\/?post_type=product&#038;p=9615"},"modified":"2025-06-11T22:02:59","modified_gmt":"2025-06-11T20:02:59","slug":"tiktok-losowe-komentarze","status":"publish","type":"product","link":"https:\/\/social-market.pl\/pt\/tiktok-losowe-komentarze\/","title":{"rendered":"TikTok losowe komentarze"},"content":{"rendered":"<p>Zwi\u0119ksz zaanga\u017cowanie pod swoimi filmami dzi\u0119ki us\u0142udze TikTok \u2013 Losowe Komentarze od Realnych U\u017cytkownik\u00f3w. Komentarze to jeden z kluczowych czynnik\u00f3w wp\u0142ywaj\u0105cych na algorytm TikToka \u2013 im wi\u0119cej interakcji pod Twoim filmem, tym wi\u0119ksze szanse na viral i dotarcie do nowych odbiorc\u00f3w.<\/p>\n<p>Nasza us\u0142uga zapewnia autentycznie wygl\u0105daj\u0105ce, losowo generowane komentarze, kt\u00f3re:<\/p>\n<p>zwi\u0119kszaj\u0105 aktywno\u015b\u0107 pod filmem i pozytywnie wp\u0142ywaj\u0105 na jego ranking,<\/p>\n<p>przyci\u0105gaj\u0105 uwag\u0119 innych u\u017cytkownik\u00f3w,<\/p>\n<p>wspieraj\u0105 naturalny rozw\u00f3j konta bez ryzyka blokad.<\/p>\n<p>Komentarze s\u0105 dostarczane przez realnych u\u017cytkownik\u00f3w, dzi\u0119ki czemu wygl\u0105daj\u0105 naturalnie i r\u00f3\u017cnorodnie. Mo\u017cesz wskaza\u0107 film, kt\u00f3ry chcesz promowa\u0107 \u2013 my zajmiemy si\u0119 reszt\u0105.<\/p>\n<p>Dlaczego warto?<\/p>\n<p>Komentarze to silny sygna\u0142 dla algorytmu TikToka,<\/p>\n<p>Zwi\u0119kszenie szans na pojawienie si\u0119 w zak\u0142adce \u201eDla Ciebie\u201d,<\/p>\n<p>Budowanie aktywnej spo\u0142eczno\u015bci wok\u00f3\u0142 Twoich tre\u015bci.<\/p>","protected":false},"excerpt":{"rendered":"<p>Zyskaj losowe komentarze od realnych u\u017cytkownik\u00f3w TikTok \u2013 zwi\u0119ksz zaanga\u017cowanie i szans\u0119 na viral!<\/p>","protected":false},"featured_media":9637,"comment_status":"open","ping_status":"closed","template":"","meta":[],"product_brand":[],"product_cat":[95],"product_tag":[],"class_list":{"0":"post-9615","1":"product","2":"type-product","3":"status-publish","4":"has-post-thumbnail","6":"product_cat-tiktok","8":"first","9":"instock","10":"sale","11":"taxable","12":"shipping-taxable","13":"purchasable","14":"product-type-variable"},"_links":{"self":[{"href":"https:\/\/social-market.pl\/pt\/wp-json\/wp\/v2\/product\/9615","targetHints":{"allow":["GET"]}}],"collection":[{"href":"https:\/\/social-market.pl\/pt\/wp-json\/wp\/v2\/product"}],"about":[{"href":"https:\/\/social-market.pl\/pt\/wp-json\/wp\/v2\/types\/product"}],"replies":[{"embeddable":true,"href":"https:\/\/social-market.pl\/pt\/wp-json\/wp\/v2\/comments?post=9615"}],"wp:featuredmedia":[{"embeddable":true,"href":"https:\/\/social-market.pl\/pt\/wp-json\/wp\/v2\/media\/9637"}],"wp:attachment":[{"href":"https:\/\/social-market.pl\/pt\/wp-json\/wp\/v2\/media?parent=9615"}],"wp:term":[{"taxonomy":"product_brand","embeddable":true,"href":"https:\/\/social-market.pl\/pt\/wp-json\/wp\/v2\/product_brand?post=9615"},{"taxonomy":"product_cat","embeddable":true,"href":"https:\/\/social-market.pl\/pt\/wp-json\/wp\/v2\/product_cat?post=9615"},{"taxonomy":"product_tag","embeddable":true,"href":"https:\/\/social-market.pl\/pt\/wp-json\/wp\/v2\/product_tag?post=9615"}],"curies":[{"name":"wp","href":"https:\/\/api.w.org\/{rel}","templated":true}]}}