{"id":9635,"date":"2025-06-11T21:37:35","date_gmt":"2025-06-11T19:37:35","guid":{"rendered":"https:\/\/social-market.pl\/?post_type=product&#038;p=9635"},"modified":"2025-06-11T22:01:31","modified_gmt":"2025-06-11T20:01:31","slug":"discord-czlonkowie-serwera","status":"publish","type":"product","link":"https:\/\/social-market.pl\/pt\/discord-czlonkowie-serwera\/","title":{"rendered":"Discord cz\u0142onkowie serwera"},"content":{"rendered":"<p>Zwi\u0119ksz liczebno\u015b\u0107 swojej spo\u0142eczno\u015bci dzi\u0119ki us\u0142udze Discord \u2013 Cz\u0142onkowie Serwera (Realne Konta). Wi\u0119ksza liczba cz\u0142onk\u00f3w to nie tylko lepszy wizerunek serwera, ale te\u017c wi\u0119ksze zainteresowanie i autorytet w oczach nowych u\u017cytkownik\u00f3w. To idealne rozwi\u0105zanie dla projekt\u00f3w NFT, spo\u0142eczno\u015bci gamingowych, kana\u0142\u00f3w edukacyjnych, inwestycyjnych, a tak\u017ce grup tematycznych.<\/p>\n<p>Co otrzymujesz:<\/p>\n<p>Nowych cz\u0142onk\u00f3w na Twoim serwerze Discord, dodawanych z realistycznych kont,<\/p>\n<p>Naturalny przyrost, bezpieczny dla algorytmu i struktury serwera,<\/p>\n<p>Mo\u017cliwo\u015b\u0107 targetowania na konkretne regiony lub j\u0119zyki (na \u017cyczenie),<\/p>\n<p>\u2705 Obs\u0142uga zar\u00f3wno kana\u0142\u00f3w publicznych, jak i prywatnych (z zaproszeniem).<\/p>\n<p>Us\u0142uga sprawdzi si\u0119 doskonale, je\u015bli:<\/p>\n<p>Chcesz zbudowa\u0107 efekt du\u017cej i aktywnej spo\u0142eczno\u015bci,<\/p>\n<p>Prowadzisz kampani\u0119 marketingow\u0105 lub publiczne AMA,<\/p>\n<p>Planujesz wsp\u00f3\u0142prac\u0119 z partnerami i chcesz poprawi\u0107 pierwsze wra\u017cenie,<\/p>\n<p>Zale\u017cy Ci na lepszym wygl\u0105dzie serwera w rankingach Discorda.<\/p>\n<p>Dlaczego warto?<\/p>\n<p>Wi\u0119cej cz\u0142onk\u00f3w to wi\u0119kszy social proof \u2013 nowi u\u017cytkownicy do\u0142\u0105czaj\u0105 ch\u0119tniej,<\/p>\n<p>Pomaga przy kampaniach partnerstw i listingu (np. w \u015bwiecie Web3),<\/p>\n<p>U\u0142atwia rozkr\u0119cenie spo\u0142eczno\u015bci i aktywizacj\u0119 obecnych u\u017cytkownik\u00f3w.<\/p>","protected":false},"excerpt":{"rendered":"<p>Zwi\u0119ksz liczebno\u015b\u0107 swojego serwera Discord \u2013 dodaj realnych cz\u0142onk\u00f3w i wzmocnij wizerunek spo\u0142eczno\u015bci!<\/p>","protected":false},"featured_media":9664,"comment_status":"open","ping_status":"closed","template":"","meta":[],"product_brand":[],"product_cat":[113],"product_tag":[],"class_list":{"0":"post-9635","1":"product","2":"type-product","3":"status-publish","4":"has-post-thumbnail","6":"product_cat-discord","8":"first","9":"instock","10":"sale","11":"taxable","12":"shipping-taxable","13":"purchasable","14":"product-type-variable"},"_links":{"self":[{"href":"https:\/\/social-market.pl\/pt\/wp-json\/wp\/v2\/product\/9635","targetHints":{"allow":["GET"]}}],"collection":[{"href":"https:\/\/social-market.pl\/pt\/wp-json\/wp\/v2\/product"}],"about":[{"href":"https:\/\/social-market.pl\/pt\/wp-json\/wp\/v2\/types\/product"}],"replies":[{"embeddable":true,"href":"https:\/\/social-market.pl\/pt\/wp-json\/wp\/v2\/comments?post=9635"}],"wp:featuredmedia":[{"embeddable":true,"href":"https:\/\/social-market.pl\/pt\/wp-json\/wp\/v2\/media\/9664"}],"wp:attachment":[{"href":"https:\/\/social-market.pl\/pt\/wp-json\/wp\/v2\/media?parent=9635"}],"wp:term":[{"taxonomy":"product_brand","embeddable":true,"href":"https:\/\/social-market.pl\/pt\/wp-json\/wp\/v2\/product_brand?post=9635"},{"taxonomy":"product_cat","embeddable":true,"href":"https:\/\/social-market.pl\/pt\/wp-json\/wp\/v2\/product_cat?post=9635"},{"taxonomy":"product_tag","embeddable":true,"href":"https:\/\/social-market.pl\/pt\/wp-json\/wp\/v2\/product_tag?post=9635"}],"curies":[{"name":"wp","href":"https:\/\/api.w.org\/{rel}","templated":true}]}}