{"id":9638,"date":"2025-06-11T21:38:45","date_gmt":"2025-06-11T19:38:45","guid":{"rendered":"https:\/\/social-market.pl\/?post_type=product&#038;p=9638"},"modified":"2025-06-11T22:01:26","modified_gmt":"2025-06-11T20:01:26","slug":"snapchat-obserwujacy-realni-uzytkownicy","status":"publish","type":"product","link":"https:\/\/social-market.pl\/pt\/snapchat-obserwujacy-realni-uzytkownicy\/","title":{"rendered":"Snapchat obserwuj\u0105cy &#8211; realni u\u017cytkownicy"},"content":{"rendered":"<p>Zwi\u0119ksz swoj\u0105 widoczno\u015b\u0107 i wizerunek na Snapchacie dzi\u0119ki us\u0142udze Snapchat \u2013 Obserwuj\u0105cy (Realni U\u017cytkownicy). Snapchat to platforma oparta na autentyczno\u015bci i zaanga\u017cowaniu \u2013 im wi\u0119cej masz followers\u00f3w, tym wi\u0119ksze zaufanie wzbudzasz u nowych widz\u00f3w, potencjalnych klient\u00f3w czy wsp\u00f3\u0142pracuj\u0105cych marek.<\/p>\n<p>Nasza us\u0142uga zapewnia:<\/p>\n<p>Realnych obserwuj\u0105cych dodawanych stopniowo,<\/p>\n<p>Bezpiecze\u0144stwo konta \u2013 brak ryzyka blokad i filtr\u00f3w,<\/p>\n<p>Mo\u017cliwo\u015b\u0107 opcjonalnego targetowania regionalnego (np. Europa, USA),<\/p>\n<p>Wiarygodny wzrost profilu \u2013 buduj\u0105cy efekt \u201epopularno\u015bci\u201d i zwi\u0119kszaj\u0105cy zasi\u0119g.<\/p>\n<p>Doskona\u0142e rozwi\u0105zanie dla:<\/p>\n<p>Influencer\u00f3w buduj\u0105cych zasi\u0119gi i wiarygodno\u015b\u0107,<\/p>\n<p>Marek i firm promuj\u0105cych produkty lub us\u0142ugi przez Snapchat,<\/p>\n<p>Tw\u00f3rc\u00f3w tre\u015bci lifestyle, beauty, fitness, edukacyjnych i innych.<\/p>\n<p>Dlaczego warto?<\/p>\n<p>Wi\u0119cej obserwuj\u0105cych = wi\u0119ksze szanse na viralowe zasi\u0119gi Snap\u00f3w,<\/p>\n<p>Zwi\u0119kszona widoczno\u015b\u0107 w rekomendacjach Snapchata,<\/p>\n<p>Lepszy wizerunek podczas wsp\u00f3\u0142prac komercyjnych (UGC, influencer marketing).<\/p>","protected":false},"excerpt":{"rendered":"<p>Zwi\u0119ksz liczb\u0119 realnych obserwuj\u0105cych na Snapchacie \u2013 zyskaj zasi\u0119g, presti\u017c i uwag\u0119 nowych odbiorc\u00f3w!<\/p>","protected":false},"featured_media":9670,"comment_status":"open","ping_status":"closed","template":"","meta":[],"product_brand":[],"product_cat":[114],"product_tag":[],"class_list":{"0":"post-9638","1":"product","2":"type-product","3":"status-publish","4":"has-post-thumbnail","6":"product_cat-snapchat","8":"first","9":"instock","10":"sale","11":"taxable","12":"shipping-taxable","13":"purchasable","14":"product-type-variable"},"_links":{"self":[{"href":"https:\/\/social-market.pl\/pt\/wp-json\/wp\/v2\/product\/9638","targetHints":{"allow":["GET"]}}],"collection":[{"href":"https:\/\/social-market.pl\/pt\/wp-json\/wp\/v2\/product"}],"about":[{"href":"https:\/\/social-market.pl\/pt\/wp-json\/wp\/v2\/types\/product"}],"replies":[{"embeddable":true,"href":"https:\/\/social-market.pl\/pt\/wp-json\/wp\/v2\/comments?post=9638"}],"wp:featuredmedia":[{"embeddable":true,"href":"https:\/\/social-market.pl\/pt\/wp-json\/wp\/v2\/media\/9670"}],"wp:attachment":[{"href":"https:\/\/social-market.pl\/pt\/wp-json\/wp\/v2\/media?parent=9638"}],"wp:term":[{"taxonomy":"product_brand","embeddable":true,"href":"https:\/\/social-market.pl\/pt\/wp-json\/wp\/v2\/product_brand?post=9638"},{"taxonomy":"product_cat","embeddable":true,"href":"https:\/\/social-market.pl\/pt\/wp-json\/wp\/v2\/product_cat?post=9638"},{"taxonomy":"product_tag","embeddable":true,"href":"https:\/\/social-market.pl\/pt\/wp-json\/wp\/v2\/product_tag?post=9638"}],"curies":[{"name":"wp","href":"https:\/\/api.w.org\/{rel}","templated":true}]}}