{"id":795,"date":"2018-05-18T11:41:43","date_gmt":"2018-05-18T09:41:43","guid":{"rendered":"https:\/\/themedemo.commercegurus.com\/shoptimizer\/?page_id=795"},"modified":"2021-12-15T10:27:38","modified_gmt":"2021-12-15T09:27:38","slug":"regulamin2","status":"publish","type":"page","link":"https:\/\/social-market.pl\/ro\/regulamin2\/","title":{"rendered":"Regulamin"},"content":{"rendered":"<p><strong>REGULAMIN SKLEPU INTERNETOWEGO<\/strong><strong><br>SOCIAL-MARKET.PL<\/strong><\/p>\n\n\n\n<p><strong><br><br><br><br>1. POSTANOWIENIA OG\u00d3LNE<\/strong><\/p>\n\n\n\n<p><br><\/p>\n\n\n\n<figure class=\"wp-block-image size-full is-resized\"><img fetchpriority=\"high\" decoding=\"async\" src=\"https:\/\/social-market.pl\/wp-content\/uploads\/2021\/12\/image-1.png\" alt=\"\" class=\"wp-image-8797\" width=\"403\" height=\"206\" title=\"\" srcset=\"https:\/\/social-market.pl\/wp-content\/uploads\/2021\/12\/image-1.png 413w, https:\/\/social-market.pl\/wp-content\/uploads\/2021\/12\/image-1-300x153.png 300w, https:\/\/social-market.pl\/wp-content\/uploads\/2021\/12\/image-1-150x77.png 150w\" sizes=\"(max-width: 403px) 100vw, 403px\" \/><\/figure>\n\n\n\n<p>2. Niniejszy Regulamin Sklepu internetowego okre\u015bla zasady dokonywania zakup\u00f3w w&nbsp;sklepie internetowym SOCIAL-MARKET.PL a&nbsp;w szczeg\u00f3lno\u015bci zasady i&nbsp;tryb zawierania um\u00f3w sprzeda\u017cy na odleg\u0142o\u015b\u0107 za po\u015brednictwem Sklepu oraz tryb odst\u0105pienia od umowy przez Konsumenta.<\/p>\n\n\n\n<p>3. W&nbsp;zakresie Us\u0142ug \u015bwiadczonych drog\u0105 elektroniczn\u0105 niniejszy Regulamin jest regulaminem, o&nbsp;kt\u00f3rym mowa w&nbsp;art. 9 ustawy o&nbsp;\u015bwiadczeniu us\u0142ug drog\u0105 elektroniczn\u0105 z&nbsp;dnia 18 lipca 2002 r. (tj. Dz.U. z&nbsp;2020 r. poz. 344, ze&nbsp;zm.).<\/p>\n\n\n\n<p>4. Regulamin skierowany jest do wszystkich Klient\u00f3w Sklepu. Wszyscy Klienci s\u0105 obowi\u0105zani zapozna\u0107 si\u0119 z&nbsp;postanowieniami Regulaminu, przed dokonaniem zakupu.<\/p>\n\n\n\n<p>5. Ka\u017cdy Klient zobowi\u0105zany jest do przestrzegania postanowie\u0144 Regulaminu. Sprzeda\u017c odbywa si\u0119 na podstawie wersji Regulaminu, obowi\u0105zuj\u0105cej w&nbsp;momencie z\u0142o\u017cenia zam\u00f3wienia.<\/p>\n\n\n\n<p>6. Ka\u017cdy Klient ma mo\u017cliwo\u015b\u0107 zapozna\u0107 si\u0119 z&nbsp;Regulaminem w&nbsp;ka\u017cdym czasie, klikaj\u0105c na stronie internetowej Sklepu https:\/\/social-market.pl\/ w&nbsp;hiperlink \u201eRegulamin Sklepu&#8221;. Regulamin mo\u017cna w&nbsp;ka\u017cdym czasie pobra\u0107 i&nbsp;wydrukowa\u0107.<\/p>\n\n\n\n<p>7. Wszystkie informacje zawarte na stronie internetowej Sklepu https:\/\/social-market.pl\/ odnosz\u0105ce si\u0119 do produkt\u00f3w (\u0142\u0105cznie z&nbsp;cenami), nie stanowi\u0105 oferty w&nbsp;rozumieniu art. 66 Kodeksu Cywilnego z&nbsp;dnia 23 kwietnia 1964 r. (tj. Dz.U. z&nbsp;2019 r. poz. 1145, ze&nbsp;zm.), lecz zaproszenie do zawarcia umowy, w&nbsp;my\u015bl art. 71 Kodeksu Cywilnego z&nbsp;dnia 23 kwietnia 1964 r. (tj. Dz.U. z&nbsp;2020 r. poz. 1740, ze&nbsp;zm.). Klient wysy\u0142aj\u0105c Formularz Zam\u00f3wienia sk\u0142ada ofert\u0119 kupna wskazanej Us\u0142ugi za cen\u0119 i&nbsp;na warunkach okre\u015blonych w&nbsp;opisie.<\/p>\n\n\n\n<p><strong><br>2. DEFINICJE<\/strong><\/p>\n\n\n\n<p><strong><br>Regulamin<\/strong> &#8211; niniejszy zbi\u00f3r regulacji organizuj\u0105cych zasady korzystania z&nbsp;Us\u0142ug Sklepu przez Klient\u00f3w.<\/p>\n\n\n\n<p><strong>Konsument<\/strong> (umowy zawarte przed 1 stycznia 2021 r.) &#8211; osoba fizyczna, dokonuj\u0105ca umowy cywilnoprawnej za po\u015brednictwem Sklepu, niezwi\u0105zanej bezpo\u015brednio z&nbsp;jej dzia\u0142alno\u015bci\u0105 gospodarcz\u0105 lub&nbsp;zawodow\u0105.<\/p>\n\n\n\n<p><strong>Konsument<\/strong> (umowy zawarte od dnia 1 stycznia 2021 r.) &#8211; przez Konsumenta uwa\u017ca si\u0119 nast\u0119puj\u0105ce osoby:<\/p>\n\n\n\n<ul class=\"wp-block-list\"><li>osoba fizyczna dokonuj\u0105ca umowy cywilnoprawnej za po\u015brednictwem Sklepu, niezwi\u0105zanej bezpo\u015brednio z&nbsp;jej dzia\u0142alno\u015bci\u0105 gospodarcz\u0105 lub&nbsp;zawodow\u0105 &#8211; tzw. \u201e<strong>Konsument <em>sensu stricto<\/em><\/strong>&#8222;<\/li><\/ul>\n\n\n\n<p>oraz<\/p>\n\n\n\n<ul class=\"wp-block-list\"><li>osoba fizyczna zawieraj\u0105ca umow\u0119 cywilnoprawn\u0105 za po\u015brednictwem Sklepu, bezpo\u015brednio zwi\u0105zan\u0105 z&nbsp;jej dzia\u0142alno\u015bci\u0105 gospodarcz\u0105, gdy z&nbsp;tre\u015bci tej umowy wynika, \u017ce nie posiada ona dla tej osoby charakteru zawodowego, wynikaj\u0105cego w&nbsp;szczeg\u00f3lno\u015bci z&nbsp;przedmiotu wykonywanej przez ni\u0105 dzia\u0142alno\u015bci gospodarczej, udost\u0119pnionego na podstawie przepis\u00f3w o&nbsp;Centralnej Ewidencji i&nbsp;Informacji o&nbsp;Dzia\u0142alno\u015bci Gospodarczej &#8211; tzw. \u201e<strong>Przedsi\u0119biorca na prawach Konsumenta<\/strong>&#8222;.<\/li><\/ul>\n\n\n\n<p>Dla cel\u00f3w niniejszego Regulaminu przyjmuje si\u0119, \u017ce w&nbsp;razie braku rozr\u00f3\u017cnienia wskazanych dw\u00f3ch grup podmiot\u00f3w, Regulamin odnosi si\u0119 zar\u00f3wno do Konsument\u00f3w sensu stricto, jak te\u017c Przedsi\u0119biorc\u00f3w na prawach Konsumenta.<\/p>\n\n\n\n<p><strong>Klient<\/strong> &#8211; osoba fizyczna (w tym Konsument), kt\u00f3ra uko\u0144czy\u0142a co najmniej 13 lat (pod warunkiem, \u017ce uzyska\u0142a zgod\u0119 przedstawiciela ustawowego), osoba prawna oraz jednostka organizacyjna nieb\u0119d\u0105ca osob\u0105 prawn\u0105, kt\u00f3rej przepisy szczeg\u00f3lne przyznaj\u0105 zdolno\u015b\u0107 prawn\u0105, kt\u00f3ra korzysta z&nbsp;Us\u0142ug \u015bwiadczonych przez Sklep.<\/p>\n\n\n\n<p><strong>Formularz Zam\u00f3wienia<\/strong> &#8211; Us\u0142uga dost\u0119pna na stronie internetowej Sklepu, za pomoc\u0105 kt\u00f3rej Klient mo\u017ce dokona\u0107 zakupu, w&nbsp;szczeg\u00f3lno\u015bci poprzez dodanie Us\u0142ug do Koszyka oraz okre\u015blenie niekt\u00f3rych warunk\u00f3w Umowy Sprzeda\u017cy m.in. sposobu dostawy i&nbsp;p\u0142atno\u015bci.<\/p>\n\n\n\n<p><strong>Co\u0219<\/strong> &#8211; element Sklepu, w&nbsp;kt\u00f3rym widoczne s\u0105 wybrane przez Klienta Us\u0142ugi oraz w&nbsp;kt\u00f3rym Klient ma mo\u017cliwo\u015b\u0107 ustalenia i&nbsp;modyfikacji danych Zam\u00f3wienia, w&nbsp;tym ilo\u015bci nabywanych Produkt\u00f3w.<\/p>\n\n\n\n<p><strong>Sklep<\/strong> &#8211; serwis internetowy, nale\u017c\u0105cy do Sprzedawcy, dost\u0119pny pod&nbsp;domen\u0105: https:\/\/social-market.pl\/, za po\u015brednictwem kt\u00f3rego Klient mo\u017ce zakupi\u0107 od Sprzedawcy Us\u0142ugi.<\/p>\n\n\n\n<figure class=\"wp-block-image size-full\"><img decoding=\"async\" width=\"475\" height=\"157\" src=\"https:\/\/social-market.pl\/wp-content\/uploads\/2021\/12\/image-2.png\" alt=\"\" class=\"wp-image-8798\" title=\"\" srcset=\"https:\/\/social-market.pl\/wp-content\/uploads\/2021\/12\/image-2.png 475w, https:\/\/social-market.pl\/wp-content\/uploads\/2021\/12\/image-2-300x99.png 300w, https:\/\/social-market.pl\/wp-content\/uploads\/2021\/12\/image-2-150x50.png 150w\" sizes=\"(max-width: 475px) 100vw, 475px\" \/><\/figure>\n\n\n\n<p><strong>Us\u0142uga<\/strong> &#8211; dzia\u0142alno\u015b\u0107 gospodarcza o&nbsp;charakterze nieprodukcyjnym, \u015bwiadczona bez jednoczesnej obecno\u015bci Sprzedawcy i&nbsp;Klienta (na odleg\u0142o\u015b\u0107), poprzez przekaz danych na indywidualne \u017c\u0105danie Klienta, przesy\u0142anej i&nbsp;otrzymywanej za pomoc\u0105 urz\u0105dze\u0144 do elektronicznego przetwarzania, w\u0142\u0105cznie z&nbsp;kompresj\u0105 cyfrow\u0105, i&nbsp;przechowywania danych, kt\u00f3ra jest w&nbsp;ca\u0142o\u015bci nadawana, odbierana lub&nbsp;transmitowana za pomoc\u0105 sieci telekomunikacyjnej w&nbsp;rozumieniu ustawy z&nbsp;dnia 16 lipca 2004 r. &#8211; Prawo telekomunikacyjne (tj. Dz.U. z&nbsp;2019 r. poz. 2460, ze&nbsp;zm.).<\/p>\n\n\n\n<p><strong>Umowa sprzeda\u017cy<\/strong> &#8211; umowa sprzeda\u017cy Us\u0142ug na odleg\u0142o\u015b\u0107 zawarta przez Klienta za po\u015brednictwem Sklepu, zwykle przez Formularz Zam\u00f3wie\u0144.<\/p>\n\n\n\n<p><strong><br>3. PRZYJMOWANIE I&nbsp;REALIZACJA ZAM\u00d3WIE\u0143<\/strong><\/p>\n\n\n\n<p><br>1. Warunkiem korzystania ze&nbsp;Sklepu jest zapoznanie si\u0119 z&nbsp;niniejszym Regulaminem i&nbsp;jego akceptacja. Sk\u0142adaj\u0105c zam\u00f3wienie Klient akceptuje tre\u015b\u0107 Regulaminu.<\/p>\n\n\n\n<p>2. Zam\u00f3wienia od Klient\u00f3w s\u0105 przyjmowane za pomoc\u0105 wys\u0142anego Formularza Zam\u00f3wie\u0144, dokonanego za po\u015brednictwem strony: https:\/\/social-market.pl\/ lub\u00a0e-mailowo na adres ad@social-market.pl, 7 dni w\u00a0tygodniu, 24 godziny na dob\u0119.<\/p>\n\n\n\n<p>3. Zam\u00f3wienie Us\u0142ug realizuje si\u0119 poprzez wybranie Us\u0142ug, kt\u00f3rymi Klient jest zainteresowany, klikni\u0119cie przycisku &#8222;DODAJ DO KOSZYKA&#8221;, znajduj\u0105cego si\u0119 przy opisie Us\u0142ug, a&nbsp;nast\u0119pnie, z&nbsp;poziomu &#8222;KOSZYK&#8221;, znajduj\u0105cego si\u0119 w&nbsp;zak\u0142adce Sklepu, wype\u0142nienie Formularza Zam\u00f3wienia, w&nbsp;tym wyboru formy dostawy i&nbsp;zap\u0142aty b\u0105d\u017a wyboru opcji zap\u0142aty przy odbiorze, je\u015bli takowa jest dost\u0119pna dla Us\u0142ugi, a&nbsp;nast\u0119pnie klikni\u0119cie potwierdzenia zakupu.<\/p>\n\n\n\n<p>4. Przedsi\u0119biorcy, uznani za tzw. Przedsi\u0119biorc\u00f3w na prawach konsumenta (patrz: definicja \u201eKonsumenta&#8221; w&nbsp;niniejszym Regulaminie), zawieraj\u0105cy umowy po 1 stycznia 2021 r., b\u0119d\u0105 musieli zaznaczy\u0107, ju\u017c w&nbsp;chwili sk\u0142adania zam\u00f3wienia Us\u0142ug, \u017ce zakup nie ma dla nich charakteru zawodowego.<\/p>\n\n\n\n<p>5. Po z\u0142o\u017ceniu zam\u00f3wienia Klient dostaje potwierdzenie z\u0142o\u017conego zam\u00f3wienia na sw\u00f3j adres e-mailem, podany w&nbsp;Formularzu Zam\u00f3wienia.<\/p>\n\n\n\n<p>6. Po otrzymaniu przez Klienta potwierdzenia przyj\u0119cia oferty, rozpoczyna si\u0119 proces realizacji zam\u00f3wienia przez Sprzedawc\u0119, przy czym:<\/p>\n\n\n\n<p>a. w&nbsp;przypadku z\u0142o\u017cenia zam\u00f3wienia p\u0142atnego przy odbiorze &#8211; rozpoczyna si\u0119 maksymalnie nast\u0119pnego dnia roboczego, po jego potwierdzeniu przez Sprzedawc\u0119.<\/p>\n\n\n\n<p>b. w&nbsp;przypadku z\u0142o\u017cenia zam\u00f3wienia p\u0142atnego przelewem tradycyjnym &#8211; rozpoczyna si\u0119 po zaksi\u0119gowaniu wp\u0142aty za z\u0142o\u017cone zam\u00f3wienie, na koncie bankowym Sklepu.<\/p>\n\n\n\n<p>7. Zam\u00f3wienia z\u0142o\u017cone w&nbsp;Sklepie s\u0105 realizowane 24 godziny na dob\u0119, bez wzgl\u0119du na dzie\u0144 tygodnia.<\/p>\n\n\n\n<p>8. Czas rozpocz\u0119cia realizacji zam\u00f3wienia mo\u017ce zaj\u0105\u0107 od 12 do 24 godzin, w zale\u017cno\u015bci od ilo\u015bci oraz od typu zakupionej us\u0142ugi czas zako\u0144czenia wykonywania us\u0142ugi mo\u017ce potrwa\u0107 nawet kilka dni.<\/p>\n\n\n\n<p>9. Klient otrzyma wiadomo\u015b\u0107 o&nbsp;przyj\u0119ciu zam\u00f3wienia do realizacji, co jest rozumiane jako o\u015bwiadczenie Sprzedawcy o&nbsp;przyj\u0119ciu oferty. Z&nbsp;chwil\u0105 jego otrzymania, przez Klienta, zostaje zawarta Umowa sprzeda\u017cy.<\/p>\n\n\n\n<p>10. Do ka\u017cdego zam\u00f3wienia wystawiany jest paragon VAT. Na \u017cyczenie Klienta zostanie r\u00f3wnie\u017c wys\u0142ana faktura VAT.<\/p>\n\n\n\n<p>11. Dost\u0119pnym \u015brodkiem porozumiewania si\u0119 Klienta ze\u00a0Sklepem jest: e-mail &#8211; admin@social-market.pl<\/p>\n\n\n\n<p>12. Podana w&nbsp;zam\u00f3wieniu cena stanowi ca\u0142kowit\u0105 warto\u015b\u0107, jak\u0105 Klient zobowi\u0105zany jest zap\u0142aci\u0107 (cena brutto). Zawiera ona nale\u017cny podatek.<\/p>\n\n\n\n<p>13. Sprzedawca zastrzega sobie prawo zmiany cen znajduj\u0105cych si\u0119 w&nbsp;Sklepie, wprowadzania nowych Us\u0142ug do sprzeda\u017cy, przeprowadzania i&nbsp;odwo\u0142ywania akcji promocyjnych, b\u0105d\u017a wprowadzania w&nbsp;nich zmian, zgodnie z&nbsp;obowi\u0105zuj\u0105cymi przepisami prawa.<\/p>\n\n\n\n<p>14. Sprzedawca nie ponosi odpowiedzialno\u015bci za sytuacje po zakupie us\u0142ugi (blokady konta, ograniczenia serwis\u00f3w) wynikaj\u0105ce z zakupionych dzia\u0142a\u0144. Konsument o\u015bwiadcza, i\u017c zna regulamin platformy dla kt\u00f3rej wykupuje us\u0142ug\u0119 i zgadza si\u0119&nbsp;na realizacje zlecenia.<\/p>\n\n\n\n<p>15. Ceny widniej\u0105ce na stronie internetowej sklepu SOCIAL-MARKET.PL, jak r\u00f3wnie\u017c opisy produkt\u00f3w stanowi\u0105 jedynie informacj\u0119 handlow\u0105, a nie ofert\u0119 w rozumieniu Kodeksu cywilnego. Kupuj\u0105cy sk\u0142adaj\u0105c zam\u00f3wienie w sklepie internetowym SOCIAL-MARKET.PL sk\u0142ada ofert\u0119 kupna okre\u015blonego towaru za cen\u0119 i o cechach podanych w jego opisie<br>na stronie sklepu internetowego SOCIAL-MARKET.PL. Przedmiotowa cena i opis towaru charakter wi\u0105\u017c\u0105cy \u2013 na potrzeby zawarcia konkretnej umowy sprzeda\u017cy \u2013 zyskuj\u0105 dopiero z chwil\u0105 potwierdzenia przyj\u0119cia zam\u00f3wienia do realizacji przez Sprzedaj\u0105cego.<\/p>\n\n\n\n<p>16. Je\u017celi Konsument zobowi\u0105zany b\u0119dzie do p\u0142atno\u015bci wykraczaj\u0105cej poza uzgodnion\u0105 cen\u0119, opisan\u0105 w&nbsp;ust\u0119pie poprzednim, Sklep niezw\u0142ocznie poinformuje Konsumenta o&nbsp;tym fakcie, wyja\u015bniaj\u0105c przyczyn\u0119 r\u00f3\u017cnicy ceny. Obci\u0105\u017cenie Konsumenta dodatkowymi kosztami nast\u0105pi wy\u0142\u0105cznie po uzyskaniu wyra\u017anej zgody Konsumenta.<\/p>\n\n\n\n<p>17. Dodatkowe opcje, to us\u0142ugi dodatkowe, kt\u00f3re nie s\u0105 konieczne do realizacji zlecenia. Natychmiastowa realizacja &#8211; oznacza zg\u0142oszenie zam\u00f3wienia do realizacji w trybie priorytetowym, nale\u017cy jednak pami\u0119ta\u0107 \u017ce niekt\u00f3re serwisy od\u015bwie\u017caj\u0105 dane co jaki\u015b czas, a efekty mog\u0105 pojawi\u0107 si\u0119 dopiero po kilku dniach. Gwarancja premium &#8211; oznacza to, \u017ce jako\u015b\u0107 us\u0142ug b\u0119dzie wy\u017csza ni\u017c&nbsp;standardowa.<\/p>\n\n\n\n<p><\/p>\n\n\n\n<p><strong><br>4. REALIZACJA P\u0141ATNO\u015aCI<\/strong><\/p>\n\n\n\n<p><br>1. W&nbsp;ramach funkcjonowania Sklepu mo\u017cliwe s\u0105 nast\u0119puj\u0105ce sposoby p\u0142atno\u015bci:<\/p>\n\n\n\n<p>1. za pobraniem \u2013 przy odbiorze przesy\u0142ki;<\/p>\n\n\n\n<p>2. przelewem;<\/p>\n\n\n\n<p>2. Klient, kt\u00f3ry wybra\u0142 opcj\u0119 p\u0142atno\u015bci przelewem, jest zobowi\u0105zany do uiszczenia op\u0142aty za z\u0142o\u017cone zam\u00f3wienie, w&nbsp;terminie do pi\u0119ciu (5) dni roboczych, od daty z\u0142o\u017cenia zam\u00f3wienia. W&nbsp;przeciwnym wypadku oferta Sprzedawcy nie jest wi\u0105\u017c\u0105ca i&nbsp;zam\u00f3wienie zostaje usuni\u0119te z&nbsp;systemu. W&nbsp;tytule p\u0142atno\u015bci wystarczy poda\u0107 tylko numer sk\u0142adanego zam\u00f3wienia. Istnieje mo\u017cliwo\u015b\u0107 przed\u0142u\u017cenia terminu zap\u0142aty, przy uprzednim poinformowaniu o&nbsp;tym fakcie obs\u0142ug\u0119 Sklepu.<\/p>\n\n\n\n<p>1. Powy\u017csze przepisy nie wy\u0142\u0105czaj\u0105 mo\u017cliwo\u015bci udzielenia przez Sprzedawc\u0119 gwarancji na zakupione Us\u0142ugi, co przewiduje osobny regulamin gwarancyjny.<\/p>\n\n\n\n<p><strong><br>5. PRAWO ODST\u0104PIENIA<\/strong><\/p>\n\n\n\n<p><br>1. Zgodnie z&nbsp;ustaw\u0105 o&nbsp;prawach konsumenta z&nbsp;dnia 30 maja 2014 r. (tj. Dz.U. z&nbsp;2020 r. poz. 287, ze&nbsp;zm.), Konsument mo\u017ce odst\u0105pi\u0107 od umowy sprzeda\u017cy Us\u0142ug zakupionych w&nbsp;Sklepie, bez podania przyczyny, sk\u0142adaj\u0105c stosowne o\u015bwiadczenie na pi\u015bmie, w&nbsp;terminie czternastu (14) dni, licz\u0105c od dnia otrzymania Us\u0142ugi. Do zachowania tego terminu przez Konsumenta wystarczy wys\u0142anie o\u015bwiadczenia, przed jego up\u0142ywem.<\/p>\n\n\n\n<p>2. Konsument mo\u017ce odst\u0105pi\u0107 od umowy, sk\u0142adaj\u0105c Sprzedawcy o\u015bwiadczenie o&nbsp;odst\u0105pieniu od umowy. Wz\u00f3r o\u015bwiadczenia stanowi za\u0142\u0105cznik nr&nbsp;1 do niniejszego regulaminu.<\/p>\n\n\n\n<p>3. O\u015bwiadczenie o&nbsp;odst\u0105pieniu od umowy nale\u017cy wys\u0142a\u0107 na adres: Klaudyny Potockiej 51a\/220, 60-211 Pozna\u0144.<\/p>\n\n\n\n<p>4. Sprzedawca, w&nbsp;terminie czternastu (14) dni, od dnia otrzymania o\u015bwiadczenia o&nbsp;odst\u0105pieniu od umowy, zwr\u00f3ci Konsumentowi wszystkie dokonane przez niego p\u0142atno\u015bci<\/p>\n\n\n\n<p>5. Sprzedawca dokona zwrotu p\u0142atno\u015bci przy u\u017cyciu takiego samego sposobu zap\u0142aty, jakiego u\u017cy\u0142 Konsument.<\/p>\n\n\n\n<p>6. Prawo odst\u0105pienia od Umowy Sprzeda\u017cy nie przys\u0142uguje Konsumentowi w&nbsp;odniesieniu do umowy:<\/p>\n\n\n\n<p><\/p>\n\n\n\n<ul class=\"wp-block-list\"><li>w kt\u00f3rej przedmiotem \u015bwiadczenia jest rzecz nieprefabrykowana, wyprodukowana wed\u0142ug specyfikacji Konsumenta lub&nbsp;s\u0142u\u017c\u0105ca zaspokojeniu jego zindywidualizowanych potrzeb;<\/li><li>Prawo odst\u0105pienia od umowy bez podania przyczyny nie przys\u0142uguje konsumentowi, kt\u00f3ry wyra\u017ca zgod\u0119 na natychmiastowe rozpocz\u0119cie \u015bwiadczenia us\u0142ug oraz rozpocz\u0119cie us\u0142ug przed up\u0142ywem 14 dni od zawarcia umowy. Po pomy\u015blnej realizacji us\u0142ugi (w terminie kr\u00f3tszym ni\u017c 14 dni po zawarciu umowy) zgodnie z prawem konsumenta o dostarczaniu tre\u015bci cyfrowych klient traci prawo do 14-dniowego odst\u0105pienia od umowy zawartej na odleg\u0142o\u015b\u0107<\/li><li>w kt\u00f3rej przedmiotem \u015bwiadczenia jest rzecz ulegaj\u0105ca szybkiemu zepsuciu lub&nbsp;maj\u0105ca kr\u00f3tki termin przydatno\u015bci do u\u017cycia;<\/li><li>w kt\u00f3rej przedmiotem \u015bwiadczenia jest rzecz dostarczana w&nbsp;zapiecz\u0119towanym opakowaniu, kt\u00f3rej po otwarciu opakowania nie mo\u017cna zwr\u00f3ci\u0107 ze&nbsp;wzgl\u0119du na ochron\u0119 zdrowia lub&nbsp;ze wzgl\u0119d\u00f3w higienicznych, je\u017celi opakowanie zosta\u0142o otwarte po dostarczeniu;<\/li><li>w kt\u00f3rej przedmiotem \u015bwiadczenia s\u0105 rzeczy, kt\u00f3re po dostarczeniu, ze&nbsp;wzgl\u0119du na sw\u00f3j charakter, zostaj\u0105 nieroz\u0142\u0105cznie po\u0142\u0105czone z&nbsp;innymi rzeczami;<\/li><li>w kt\u00f3rej przedmiotem \u015bwiadczenia s\u0105 nagrania d\u017awi\u0119kowe lub&nbsp;wizualne albo programy komputerowe dostarczane w&nbsp;zapiecz\u0119towanym opakowaniu, je\u017celi opakowanie zosta\u0142o otwarte po dostarczeniu;<\/li><li>o dostarczanie dziennik\u00f3w, periodyk\u00f3w lub&nbsp;czasopism, z&nbsp;wyj\u0105tkiem umowy o&nbsp;prenumerat\u0119;<\/li><li>w kt\u00f3rej cena lub&nbsp;wynagrodzenie zale\u017cy od waha\u0144 na rynku finansowym, nad kt\u00f3rymi przedsi\u0119biorca nie sprawuje kontroli, i&nbsp;kt\u00f3re mog\u0105 wyst\u0105pi\u0107 przed up\u0142ywem terminu do odst\u0105pienia od umowy;<\/li><li>o dostarczanie tre\u015bci cyfrowych, kt\u00f3re nie s\u0105 zapisane na no\u015bniku materialnym, je\u017celi spe\u0142nianie \u015bwiadczenia rozpocz\u0119\u0142o si\u0119 za wyra\u017an\u0105 zgod\u0105 Konsumenta przed up\u0142ywem terminu do odst\u0105pienia od umowy i&nbsp;po poinformowaniu go przez przedsi\u0119biorc\u0119 o&nbsp;utracie prawa odst\u0105pienia od umowy;<\/li><\/ul>\n\n\n\n<p>7. Prawo odst\u0105pienia od umowy zawartej na odleg\u0142o\u015b\u0107 nie przys\u0142uguje podmiotowi innemu ni\u017c Konsument, w&nbsp;znaczeniu przyj\u0119tym na potrzeby niniejszego Regulaminu (patrz: definicja \u201eKonsumenta&#8221;).<\/p>\n\n\n\n<p><strong><br>6. POZAS\u0104DOWE ROZWI\u0104ZYWANIE SPOR\u00d3W<\/strong><\/p>\n\n\n\n<p><br>1. W&nbsp;przypadku, gdy post\u0119powanie reklamacyjne nie przyniesie oczekiwanego przez Konsumenta rezultatu, Konsument mo\u017ce skorzysta\u0107 m.in. z:<\/p>\n\n\n\n<ul class=\"wp-block-list\"><li>Mediacji prowadzonej przez w\u0142a\u015bciwy terenowo Wojew\u00f3dzki Inspektorat Inspekcji Handlowej, do kt\u00f3rego nale\u017cy si\u0119 zwr\u00f3ci\u0107 z&nbsp;wnioskiem o&nbsp;mediacj\u0119. Co do zasady post\u0119powanie jest bezp\u0142atne. Wykaz Inspektorat\u00f3w znajduje si\u0119 pod&nbsp;adresem: https:\/\/www.uokik.gov.pl\/wazne_adresy.php#faq595.<\/li><li>Pomocy w\u0142a\u015bciwego terenowo sta\u0142ego polubownego s\u0105du konsumenckiego dzia\u0142aj\u0105cego przy Wojew\u00f3dzkim Inspektoracie Inspekcji Handlowej, do kt\u00f3rego nale\u017cy z\u0142o\u017cy\u0107 wniosek o&nbsp;rozpatrzenie sprawy przed s\u0105dem polubownym. Co do zasady post\u0119powanie jest bezp\u0142atne. Wykaz s\u0105d\u00f3w dost\u0119pny jest pod&nbsp;adresem: https:\/\/www.uokik.gov.pl\/wazne_adresy.php#faq596.<\/li><li>Bezp\u0142atnej pomocy miejskiego lub&nbsp;powiatowego rzecznika konsument\u00f3w.<\/li><li>Internetowej platformy ODR dost\u0119pnej pod&nbsp;adresem: http:\/\/ec.europa.eu\/consumers\/odr\/.<\/li><\/ul>\n\n\n\n<p>2. Niniejszy rozdzia\u0142 zatytu\u0142owany \u201ePozas\u0105dowe rozwi\u0105zywanie spor\u00f3w&#8221; nie znajduje zastosowania wobec jednej kategorii os\u00f3b, opisanych w&nbsp;niniejszym Regulaminie jako Konsumenci, tzw. \u201ePrzedsi\u0119biorc\u00f3w na prawach konsumenta&#8221;, kt\u00f3ra wesz\u0142a w&nbsp;\u017cycie dla um\u00f3w zawartych od 1 stycznia 2021 r. Wobec tego, dla wszystkich um\u00f3w, rozdzia\u0142 ten stosuje si\u0119 jedynie wobec podmiot\u00f3w nale\u017c\u0105cych do tzw. kategorii Konsumenta sensu stricto.<\/p>\n\n\n\n<p><strong><br>7. OCHRONA DANYCH OSOBOWYCH<\/strong><\/p>\n\n\n\n<p><br>1. Klient, sk\u0142adaj\u0105c zam\u00f3wienia, wyra\u017ca zgod\u0119 na przetwarzanie, podanych przez niego, danych osobowych, w&nbsp;celu realizacji i&nbsp;obs\u0142ugi zam\u00f3wienia, przez Sprzedawc\u0119, kt\u00f3ry jest jednocze\u015bnie administratorem danych osobowych, w&nbsp;rozumieniu art. 7 Rozporz\u0105dzenia Parlamentu Europejskiego i&nbsp;Rady (UE) 2016\/679 z&nbsp;dnia 27 kwietnia 2016 r. w&nbsp;sprawie ochrony os\u00f3b fizycznych w&nbsp;zwi\u0105zku z&nbsp;przetwarzaniem danych osobowych i&nbsp;w sprawie swobodnego przep\u0142ywu takich danych oraz uchylenia dyrektywy 95\/46\/WE (og\u00f3lne rozporz\u0105dzenie o&nbsp;ochronie danych), OJ L 119, 4.5.2016, p. 1\u201388.<\/p>\n\n\n\n<p>2. Administratorem danych osobowych, przekazanych przez Klienta, podczas korzystania ze&nbsp;Sklepu, jest Sprzedawca.<\/p>\n\n\n\n<p>3. Dane osobowe, znajduj\u0105ce si\u0119 w&nbsp;bazie danych Sprzedawcy, nie s\u0105 przekazywane podmiotom, kt\u00f3re nie uczestnicz\u0105 w&nbsp;realizacji Umowy sprzeda\u017cy.<\/p>\n\n\n\n<p>4. Klient zgodnie, z&nbsp;art. 15 Rozporz\u0105dzenia Parlamentu Europejskiego i&nbsp;Rady (UE) 2016\/679 z&nbsp;dnia 27 kwietnia 2016 r. w&nbsp;sprawie ochrony os\u00f3b fizycznych w&nbsp;zwi\u0105zku z&nbsp;przetwarzaniem danych osobowych i&nbsp;w sprawie swobodnego przep\u0142ywu takich danych oraz uchylenia dyrektywy 95\/46\/WE (og\u00f3lne rozporz\u0105dzenie o&nbsp;ochronie danych), OJ L 119, 4.5.2016, p. 1\u201388 ma prawo dost\u0119pu do swoich danych osobowych, mo\u017ce \u017c\u0105da\u0107 ich poprawienia lub&nbsp;usuni\u0119cia. Sprzedawca zapewnia ka\u017cdemu Klientowi prawo kontroli przetwarzanych danych osobowych.<\/p>\n\n\n\n<p>5. Podanie danych osobowych jest dobrowolne, jednak\u017ce brak zgody na przetwarzanie danych osobowych uniemo\u017cliwia zrealizowanie zam\u00f3wienia Klienta.<\/p>\n\n\n\n<p>6. Szczeg\u00f3\u0142owe informacje w&nbsp;zakresie danych osobowych i&nbsp;ochrony prywatno\u015bci zosta\u0142y zawarte w&nbsp;zak\u0142adce \u201ePolityka prywatno\u015bci&#8221; na stronie Sklepu.<\/p>\n\n\n\n<p><strong><br>8. POSTANOWIENIA KO\u0143COWE<\/strong><\/p>\n\n\n\n<p><br>1. Regulamin okre\u015bla zasady zawarcia i&nbsp;wykonania Umowy sprzeda\u017cy Us\u0142ug znajduj\u0105cych si\u0119 na stronie Sklepu.<\/p>\n\n\n\n<p>2. Umowa sprzeda\u017cy zawierana jest mi\u0119dzy Klientem a&nbsp;Sprzedawc\u0105.<\/p>\n\n\n\n<p>3. Regulamin dost\u0119pny jest dla wszystkich Klient\u00f3w w&nbsp;wersji elektronicznej na stronie internetowej Sklepu https:\/\/social-market.pl\/.<\/p>\n\n\n\n<p>4. Aby m\u00f3c korzysta\u0107 z&nbsp;Us\u0142ug Sklepu, niezb\u0119dne jest posiadanie urz\u0105dze\u0144 pozwalaj\u0105cych na dost\u0119p do internetu oraz przegl\u0105darki internetowej, umo\u017cliwiaj\u0105cej wy\u015bwietlanie stron www, jak r\u00f3wnie\u017c podanie adresu e-mail, umo\u017cliwiaj\u0105cego przes\u0142anie informacji, dotycz\u0105cych realizacji zam\u00f3wienia.<\/p>\n\n\n\n<p>5. Zakazuje si\u0119 wszystkim osobom, w&nbsp;tym Klientom, zamieszczania na stronie Sklepu tre\u015bci bezprawnych.<\/p>\n\n\n\n<p>6. W&nbsp;sprawach nieuregulowanych niniejszym Regulaminem stosuje si\u0119 odpowiednie przepisy powszechnie obowi\u0105zuj\u0105cego prawa.<\/p>\n\n\n\n<p>7. Regulamin nie wy\u0142\u0105cza oraz nie ogranicza \u017cadnych uprawnie\u0144 Klienta, b\u0119d\u0105cego Konsumentem, kt\u00f3re przys\u0142uguj\u0105 mu na mocy bezwzgl\u0119dnie obowi\u0105zuj\u0105cych przepis\u00f3w prawa. W&nbsp;przypadku sprzeczno\u015bci pomi\u0119dzy postanowieniami Regulaminu a&nbsp;bezwzgl\u0119dnie obowi\u0105zuj\u0105cymi przepisami prawa, przyznaj\u0105cymi konsumentom uprawnienia, pierwsze\u0144stwo maj\u0105 te&nbsp;przepisy.<\/p>\n\n\n\n<p>8. W&nbsp;razie gdyby kt\u00f3rekolwiek z&nbsp;postanowie\u0144 niniejszego Regulaminu by\u0142o lub&nbsp;mia\u0142o sta\u0107 si\u0119 niewa\u017cne lub&nbsp;bezskuteczne, wa\u017cno\u015b\u0107 ca\u0142ego Regulaminu w&nbsp;pozosta\u0142ej cz\u0119\u015bci zostaje nienaruszona. W&nbsp;takim przypadku Strony zast\u0105pi\u0105 niewa\u017cne lub&nbsp;bezskuteczne postanowienie innym, kt\u00f3re mo\u017cliwie najwierniej oddaje zamierzony cel gospodarczy. Odpowiednio dotyczy to&nbsp;tak\u017ce ewentualnych luk w&nbsp;Regulaminie.<\/p>","protected":false},"excerpt":{"rendered":"<p>REGULAMIN SKLEPU INTERNETOWEGOSOCIAL-MARKET.PL 1. POSTANOWIENIA OG\u00d3LNE 2. Niniejszy Regulamin Sklepu internetowego okre\u015bla zasady dokonywania zakup\u00f3w w&nbsp;sklepie internetowym SOCIAL-MARKET.PL a&nbsp;w szczeg\u00f3lno\u015bci zasady i&nbsp;tryb zawierania um\u00f3w sprzeda\u017cy na odleg\u0142o\u015b\u0107 za po\u015brednictwem Sklepu oraz tryb odst\u0105pienia od umowy przez Konsumenta. 3. W&nbsp;zakresie Us\u0142ug \u015bwiadczonych drog\u0105 elektroniczn\u0105 niniejszy Regulamin jest regulaminem, o&nbsp;kt\u00f3rym mowa w&nbsp;art. 9 ustawy o&nbsp;\u015bwiadczeniu us\u0142ug drog\u0105 [&hellip;]<\/p>","protected":false},"author":1,"featured_media":6877,"parent":0,"menu_order":0,"comment_status":"closed","ping_status":"closed","template":"","meta":{"footnotes":""},"class_list":["post-795","page","type-page","status-publish","has-post-thumbnail","hentry"],"_links":{"self":[{"href":"https:\/\/social-market.pl\/ro\/wp-json\/wp\/v2\/pages\/795","targetHints":{"allow":["GET"]}}],"collection":[{"href":"https:\/\/social-market.pl\/ro\/wp-json\/wp\/v2\/pages"}],"about":[{"href":"https:\/\/social-market.pl\/ro\/wp-json\/wp\/v2\/types\/page"}],"author":[{"embeddable":true,"href":"https:\/\/social-market.pl\/ro\/wp-json\/wp\/v2\/users\/1"}],"replies":[{"embeddable":true,"href":"https:\/\/social-market.pl\/ro\/wp-json\/wp\/v2\/comments?post=795"}],"version-history":[{"count":10,"href":"https:\/\/social-market.pl\/ro\/wp-json\/wp\/v2\/pages\/795\/revisions"}],"predecessor-version":[{"id":8805,"href":"https:\/\/social-market.pl\/ro\/wp-json\/wp\/v2\/pages\/795\/revisions\/8805"}],"wp:featuredmedia":[{"embeddable":true,"href":"https:\/\/social-market.pl\/ro\/wp-json\/wp\/v2\/media\/6877"}],"wp:attachment":[{"href":"https:\/\/social-market.pl\/ro\/wp-json\/wp\/v2\/media?parent=795"}],"curies":[{"name":"wp","href":"https:\/\/api.w.org\/{rel}","templated":true}]}}