{"id":6679,"date":"2020-12-06T19:01:03","date_gmt":"2020-12-06T19:01:03","guid":{"rendered":"https:\/\/social-market.pl\/?post_type=product&#038;p=6679"},"modified":"2026-04-15T23:27:23","modified_gmt":"2026-04-15T21:27:23","slug":"lajki-like-na-instagramie","status":"publish","type":"product","link":"https:\/\/social-market.pl\/ro\/lajki-like-na-instagramie\/","title":{"rendered":"Like-uri pe Instagram"},"content":{"rendered":"<h2 style=\"text-align: center;\">Dlaczego warto kupi\u0107 Like na Instagramie?<\/h2>\n<p>Potocznie nazywane serduszkami &#8211; polubienia na Instagramie to element m\u00f3wi\u0105cy o zaanga\u017cowaniu Twoich odbiorc\u00f3w w Twoj\u0105 tre\u015b\u0107. S\u0105 istotne je\u015bli zale\u017cy Ci na tym, aby Twoje posty by\u0142y widoczne dla szerokiej grupy odbiorc\u00f3w. Je\u017celi Tw\u00f3j post uzyska wiele polubie\u0144 wida\u0107 b\u0119dzie, \u017ce jest to co\u015b wartego obejrzenia. S\u0105 kluczowe, aby sta\u0107 si\u0119 s\u0142awnym. Wspomagaj\u0105 Influencer\u00f3w w nawi\u0105zaniu wsp\u00f3\u0142pracy z mark\u0105.<\/p>\n<p>Wszyscy wiem jak trudne jest zdobycie popularno\u015bci w mediach spo\u0142eczno\u015bciowych. Instagram nie jest wyj\u0105tkiem. Aby j\u0105 zyska\u0107 musisz zwr\u00f3ci\u0107 uwag\u0119 na wiele aspekt\u00f3w. S\u0105 to mi\u0119dzy innymi polubienia. Tutaj przychodzimy Ci z pomoc\u0105! Ju\u017c teraz mo\u017cesz dokona\u0107 zakupu polubie\u0144 Twojego zdj\u0119cia lub filmu na Instagramie bez obaw o nisk\u0105 jako\u015b\u0107 us\u0142ugi. Je\u017celi Twoja odpowied\u017a na pytanie &#8222;Czy chc\u0119 natychmiastowo zwi\u0119kszy\u0107 swoj\u0105 popularno\u015b\u0107 na Instagramie?&#8221; brzmi tak &#8211; mo\u017cesz kupi\u0107 polubienia za pomoc\u0105 zaledwie kilku klikni\u0119\u0107.<\/p>\n<p>Zakup lajk\u00f3w na Instagramie niesie za sob\u0105 wiele korzy\u015bci. Opr\u00f3cz oczywistego zwi\u0119kszenia si\u0119 liczby serduszek zyskujesz tak\u017ce prezencj\u0119 na stronie eksploracji zwi\u0119kszaj\u0105c tym samym widoczno\u015b\u0107. Przek\u0142ada si\u0119 to na mo\u017cliwo\u015b\u0107 dotarcia do znacznie szerszego grona odbiorc\u00f3w. U\u017cytkownicy ch\u0119tniej zagl\u0105daj\u0105 na profile Influencer\u00f3w lub firm, kt\u00f3re maj\u0105 wiele polubie\u0144 i pozytywnych interakcji w swoich postach. B\u0119d\u0105 oni udost\u0119pnia\u0107 Twoje posty lub relacje na swoim profilu, a tym samym Ci\u0119 promowa\u0107! To zjawisko nazywane jest \u201eefektem kuli \u015bnie\u017cnej\u201d, kt\u00f3ra nap\u0119dza coraz wi\u0119ksze zaanga\u017cowanie ludzi. To jak niepisane zasady Instagrama. Dlatego sugerujemy stopniowe kupowanie polubie\u0144. Lajki (like) na Instagramie pochodz\u0105 z ca\u0142ego \u015bwiata!<\/p>\n<p>Instagram to jeden z najpopularniejszych serwis\u00f3w spo\u0142eczno\u015bciowych na \u015bwiecie. Z miliardem subskrybent\u00f3w na ca\u0142ym \u015bwiecie jest najpopularniejsz\u0105 platform\u0105. W momencie uruchomienia nie mia\u0142 wielu dodatkowych funkcji w por\u00f3wnaniu ze Snapchatem. Z czasem jednak Instagram zacz\u0105\u0142 oferowa\u0107 kreatywne pomys\u0142y i funkcje. W rezultacie w 2012 r. Facebook przej\u0105\u0142 Instagram. Prawdopodobnie dostrzegli, \u017ce aplikacja mia\u0142a potencja\u0142 i nadal b\u0119dzie zyskiwa\u0142a na popularno\u015bci.<\/p>\n<p>Polubienia na Instagramie maj\u0105 kluczowe znaczenie dla sensu zdobywania popularno\u015bci. Dzi\u0119ki nim klienci trafiaj\u0105 na Tw\u00f3j profil, co mo\u017ce prowadzi\u0107 do mo\u017cliwo\u015bci biznesowych. Dla influencer\u00f3w, kt\u00f3rzy chc\u0105 wsp\u00f3\u0142pracowa\u0107 z firm\u0105, skuteczna praca PR jest niezb\u0119dna. Mo\u017cesz r\u00f3wnie\u017c zwi\u0119kszy\u0107 swoj\u0105 widoczno\u015b\u0107, zwi\u0119kszaj\u0105c liczb\u0119 polubie\u0144, aby przyci\u0105gn\u0105\u0107 odpowiednie osoby do Twojego profilu. Je\u015bli zdadz\u0105 sobie one spraw\u0119, \u017ce jeste\u015b warto\u015bciowy, potencjalni obserwuja\u0107y, kt\u00f3rzy szukaj\u0105 konkretnej niszy, mog\u0105 zacz\u0105\u0107 Ci\u0119 obserwowa\u0107.<\/p>\n<p>Je\u015bli chcesz by\u0107 widoczny na Instagramie, pierwsz\u0105 rzecz\u0105, kt\u00f3rej potrzebujesz, s\u0105 polubienia. Wszystkie popularne osoby na Instagramie u\u017cywaj\u0105 ich, aby utrzyma\u0107 sw\u00f3j status influencera, dlaczego wi\u0119c Ty mia\u0142by\u015b tego nie robi\u0107? Przycisk &#8222;Serduszka&#8221; pokazuje przecie\u017c, jak popularne s\u0105 Twoje posty w\u015br\u00f3d Twoich obserwator\u00f3w.<\/p>\n<p>Je\u015bli materia\u0142, kt\u00f3rym si\u0119 wcze\u015bniej podzieli\u0142e\u015b, ma du\u017co polubie\u0144, osoby, kt\u00f3re zazwyczaj go nie lubi\u0105, r\u00f3wnie\u017c go doceni\u0105. Jest to tak zwana mentalno\u015b\u0107 stada i wierzcie lub nie, ale ludzie dzia\u0142aj\u0105 w ten spos\u00f3b. U\u017cytkownicy b\u0119d\u0105 udost\u0119pnia\u0107 Twoje tre\u015bci w swoich sieciach spo\u0142eczno\u015bciowych, je\u015bli b\u0119d\u0105 postrzega\u0107 Ci\u0119 jako wiarygodnego influencera.<\/p>\n<p>Dobrym ruchem b\u0119dzie kupno polubie\u0144 na Instagramie, aby Tw\u00f3j profil wygl\u0105da\u0142 bardziej wiarygodnie w oczach innych. Nie zawsze \u0142atwo jest zwi\u0119kszy\u0107 liczb\u0119 polubie\u0144 w spos\u00f3b organiczny, dlatego najlepiej jest skorzysta\u0107 z us\u0142ugi, kt\u00f3ra mo\u017ce Ci w tym pom\u00f3c.<\/p>\n<p>Musisz tworzy\u0107 niesamowite tre\u015bci i regularnie publikowa\u0107 posty, a tak\u017ce wspiera\u0107 swoje posty wieloma polubieniami, aby pozosta\u0107 na stronie Eksploruj Instagram.\u00a0Zdobywanie polubie\u0144 od wszystkich mo\u017ce by\u0107 trudne i nie mo\u017cesz na nich polega\u0107 przez ca\u0142y czas, wi\u0119c kup polubienia swoich post\u00f3w jako pierwszy krok.<\/p>\n<p>Obecnie Instagram jest pot\u0119\u017cnym narz\u0119dziem medi\u00f3w spo\u0142eczno\u015bciowych, kt\u00f3re mo\u017cna wykorzystywa\u0107 do cel\u00f3w marketingowych. Nale\u017cy pami\u0119ta\u0107, \u017ce serwis ten ma inne zasady dla firm ni\u017c dla u\u017cytkownik\u00f3w indywidualnych. Firmy mog\u0105 tworzy\u0107 profile i publikowa\u0107 zdj\u0119cia i filmy zwi\u0105zane z ich produktami lub us\u0142ugami.<\/p>\n<p>Funkcje odgrywaj\u0105 istotn\u0105 rol\u0119 w popularno\u015bci Instagrama, ale jednym z powod\u00f3w jest to, \u017ce jest on niezwykle \u0142atwy w u\u017cyciu. W ostatnich latach Instagram bardzo si\u0119 rozwin\u0105\u0142 i wiele os\u00f3b zyska\u0142o popularno\u015b\u0107 na tej platformie. Dlatego w\u0142a\u015bnie kupowanie followers\u00f3w na Instagramie sta\u0142o si\u0119 popularne.<\/p>\n<p>Liczba os\u00f3b, kt\u00f3re obserwuj\u0105 Ci\u0119 na Instagramie, jest bardzo istotna. Oczywi\u015bcie istnieje wiele metod zwi\u0119kszania liczby obserwuj\u0105cych. Wiele stron internetowych i blog\u00f3w opisuje, jak zdoby\u0107 wi\u0119cej followers\u00f3w na Instagramie. Cho\u0107 techniki te nie s\u0105 z\u0142e, s\u0105 trudne i czasoch\u0142onne. W zwi\u0105zku z tym wiele os\u00f3b uwa\u017ca, \u017ce kupowanie followers\u00f3w to najlepszy spos\u00f3b na zdobycie wi\u0119kszej liczby followers\u00f3w na Instagramie.<\/p>\n<p>Jest kilka rzeczy, o kt\u00f3rych powiniene\u015b pami\u0119ta\u0107, je\u015bli zdecydujesz si\u0119 na zakup followers\u00f3w. Pierwsz\u0105 z nich jest to, \u017ce nie wszyscy followersi s\u0105 sobie r\u00f3wni. Powiniene\u015b upewni\u0107 si\u0119, \u017ce followersi, kt\u00f3rych kupujesz, to ludzie, kt\u00f3rzy b\u0119d\u0105 zainteresowani Twoim kontem i tym, co masz do powiedzenia. Dodatkowo powiniene\u015b upewni\u0107 si\u0119, \u017ce kupujesz followersy od renomowanej firmy. Jest wiele firm, kt\u00f3re sprzedaj\u0105 followers\u00f3w, ale nie wszystkie s\u0105 wiarygodne.<\/p>\n<p>&nbsp;<\/p>\n<h2 style=\"text-align: center;\">Jak kupowa\u0107 polubienia na Instagramie?<\/h2>\n<p>Teraz, gdy znasz ju\u017c szczeg\u00f3\u0142y naszych us\u0142ug i wiesz dlaczego powiniene\u015b z nich skorzysta\u0107, poka\u017cemy Ci jak to zrobi\u0107. Post\u0119puj zgodnie z naszym przewodnikiem krok po kroku, aby pomy\u015blnie zako\u0144czy\u0107 p\u0142atno\u015b\u0107. Oto kroki:<\/p>\n<p>1. Wybierz interesuj\u0105cy Ci\u0119 pakiet.<\/p>\n<p>2. Wklej adres URL w wyznaczonym polu.<\/p>\n<p>3. Zap\u0142a\u0107 online za pomoc\u0105 najbezpieczniejszych dost\u0119pnych metod p\u0142atno\u015bci. Po otrzymaniu Twojej transakcji natychmiast rozpoczniemy realizacj\u0119 zam\u00f3wienia.<\/p>\n<p>&nbsp;<\/p>\n<h2 style=\"text-align: center;\">Dlaczego Social-Market.pl?<\/h2>\n<p>Social-Market.pl to miejsce, w kt\u00f3rym dokonasz w pe\u0142ni bezpiecznego i pewnego zakupu. Ca\u0142y proces zakupu jest dziecinnie prosty, jednak zdajemy sobie spraw\u0119 z nieoczekiwanych problem\u00f3w. Dlatego bez obaw \u2013 jeste\u015bmy do Twojej dyspozycji 24\/7 i zapewniamy pomoc na ka\u017cdym kroku.<\/p>","protected":false},"excerpt":{"rendered":"<p>Dlaczego warto kupi\u0107 Like na Instagramie? Potocznie nazywane serduszkami &#8211; polubienia na Instagramie to element m\u00f3wi\u0105cy o zaanga\u017cowaniu Twoich odbiorc\u00f3w w Twoj\u0105 tre\u015b\u0107. S\u0105 istotne je\u015bli zale\u017cy Ci na tym, aby Twoje posty by\u0142y widoczne dla szerokiej grupy odbiorc\u00f3w. Je\u017celi Tw\u00f3j post uzyska wiele polubie\u0144 wida\u0107 b\u0119dzie, \u017ce jest to co\u015b wartego obejrzenia. S\u0105 kluczowe, [&hellip;]<\/p>","protected":false},"featured_media":6833,"comment_status":"open","ping_status":"closed","template":"","meta":[],"product_brand":[],"product_cat":[97],"product_tag":[],"class_list":{"0":"post-6679","1":"product","2":"type-product","3":"status-publish","4":"has-post-thumbnail","6":"product_cat-instagram","8":"first","9":"instock","10":"sale","11":"taxable","12":"shipping-taxable","13":"purchasable","14":"product-type-variable","15":"has-default-attributes"},"_links":{"self":[{"href":"https:\/\/social-market.pl\/ro\/wp-json\/wp\/v2\/product\/6679","targetHints":{"allow":["GET"]}}],"collection":[{"href":"https:\/\/social-market.pl\/ro\/wp-json\/wp\/v2\/product"}],"about":[{"href":"https:\/\/social-market.pl\/ro\/wp-json\/wp\/v2\/types\/product"}],"replies":[{"embeddable":true,"href":"https:\/\/social-market.pl\/ro\/wp-json\/wp\/v2\/comments?post=6679"}],"wp:featuredmedia":[{"embeddable":true,"href":"https:\/\/social-market.pl\/ro\/wp-json\/wp\/v2\/media\/6833"}],"wp:attachment":[{"href":"https:\/\/social-market.pl\/ro\/wp-json\/wp\/v2\/media?parent=6679"}],"wp:term":[{"taxonomy":"product_brand","embeddable":true,"href":"https:\/\/social-market.pl\/ro\/wp-json\/wp\/v2\/product_brand?post=6679"},{"taxonomy":"product_cat","embeddable":true,"href":"https:\/\/social-market.pl\/ro\/wp-json\/wp\/v2\/product_cat?post=6679"},{"taxonomy":"product_tag","embeddable":true,"href":"https:\/\/social-market.pl\/ro\/wp-json\/wp\/v2\/product_tag?post=6679"}],"curies":[{"name":"wp","href":"https:\/\/api.w.org\/{rel}","templated":true}]}}