{"id":6705,"date":"2020-12-06T19:22:43","date_gmt":"2020-12-06T19:22:43","guid":{"rendered":"https:\/\/social-market.pl\/?post_type=product&#038;p=6705"},"modified":"2024-10-09T21:38:45","modified_gmt":"2024-10-09T19:38:45","slug":"wyswietlenia-instastory","status":"publish","type":"product","link":"https:\/\/social-market.pl\/ro\/wyswietlenia-instastory\/","title":{"rendered":"Afi\u0219aje Instastory"},"content":{"rendered":"<h2 style=\"text-align: center;\">Dlaczego warto kupi\u0107 wy\u015bwietlenia Instastory?<\/h2>\n<p style=\"text-align: left;\">Relacje s\u0105 \u015bwietnym sposobem na szybkie sprawdzenie \u201eco s\u0142ycha\u0107\u201d u naszych ulubie\u0144c\u00f3w. Funkcja ta s\u0142u\u017cy do publikacji zdj\u0119\u0107 oraz kr\u00f3tkich film\u00f3w, na kt\u00f3rych autorzy pokazuj\u0105 codzienne, niewyidealizowane \u017cycie. Tre\u015b\u0107 widoczna jest na Instagramie tylko przez 24 godziny, a jej ulotno\u015b\u0107 sk\u0142ania nas do cz\u0119stszego zagl\u0105dania na profil autora. Wykorzystaj ten trend i tw\u00f3rz najlepsz\u0105 tre\u015b\u0107, zdobywaj\u0105c przy tym ogromn\u0105 liczb\u0119 wy\u015bwietle\u0144. Wy\u015bwietlenia Instastory pochodz\u0105 z ca\u0142ego \u015bwiata!<\/p>\n<p>&nbsp;<\/p>\n<h2 style=\"text-align: center;\">Jak kupowa\u0107 wy\u015bwietlenia Instastory?<\/h2>\n<p>Teraz, gdy znasz ju\u017c szczeg\u00f3\u0142y naszych us\u0142ug i wiesz dlaczego powiniene\u015b z nich skorzysta\u0107, poka\u017cemy Ci jak to zrobi\u0107. Post\u0119puj zgodnie z naszym przewodnikiem krok po kroku, aby pomy\u015blnie zako\u0144czy\u0107 p\u0142atno\u015b\u0107. Oto kroki:<\/p>\n<p>1. Wybierz interesuj\u0105cy Ci\u0119 pakiet.<\/p>\n<p>2. Wklej adres URL w wyznaczonym polu.<\/p>\n<p>3. Zap\u0142a\u0107 online za pomoc\u0105 najbezpieczniejszych dost\u0119pnych metod p\u0142atno\u015bci. Po otrzymaniu Twojej transakcji natychmiast rozpoczniemy realizacj\u0119 zam\u00f3wienia.<\/p>\n<p>&nbsp;<\/p>\n<h2 style=\"text-align: center;\">Dlaczego Social-Market.pl?<\/h2>\n<p>Social-Market.pl to miejsce, w kt\u00f3rym dokonasz w pe\u0142ni bezpiecznego i pewnego zakupu. Ca\u0142y proces zakupu jest dziecinnie prosty, jednak zdajemy sobie spraw\u0119 z nieoczekiwanych problem\u00f3w. Dlatego bez obaw \u2013 jeste\u015bmy do Twojej dyspozycji 24\/7 i zapewniamy pomoc na ka\u017cdym kroku.<\/p>","protected":false},"excerpt":{"rendered":"<p>Dlaczego warto kupi\u0107 wy\u015bwietlenia Instastory? Relacje s\u0105 \u015bwietnym sposobem na szybkie sprawdzenie \u201eco s\u0142ycha\u0107\u201d u naszych ulubie\u0144c\u00f3w. Funkcja ta s\u0142u\u017cy do publikacji zdj\u0119\u0107 oraz kr\u00f3tkich film\u00f3w, na kt\u00f3rych autorzy pokazuj\u0105 codzienne, niewyidealizowane \u017cycie. Tre\u015b\u0107 widoczna jest na Instagramie tylko przez 24 godziny, a jej ulotno\u015b\u0107 sk\u0142ania nas do cz\u0119stszego zagl\u0105dania na profil autora. Wykorzystaj ten [&hellip;]<\/p>","protected":false},"featured_media":6830,"comment_status":"open","ping_status":"closed","template":"","meta":[],"product_brand":[],"product_cat":[97],"product_tag":[],"class_list":{"0":"post-6705","1":"product","2":"type-product","3":"status-publish","4":"has-post-thumbnail","6":"product_cat-instagram","8":"first","9":"instock","10":"sale","11":"taxable","12":"shipping-taxable","13":"purchasable","14":"product-type-variable"},"_links":{"self":[{"href":"https:\/\/social-market.pl\/ro\/wp-json\/wp\/v2\/product\/6705","targetHints":{"allow":["GET"]}}],"collection":[{"href":"https:\/\/social-market.pl\/ro\/wp-json\/wp\/v2\/product"}],"about":[{"href":"https:\/\/social-market.pl\/ro\/wp-json\/wp\/v2\/types\/product"}],"replies":[{"embeddable":true,"href":"https:\/\/social-market.pl\/ro\/wp-json\/wp\/v2\/comments?post=6705"}],"wp:featuredmedia":[{"embeddable":true,"href":"https:\/\/social-market.pl\/ro\/wp-json\/wp\/v2\/media\/6830"}],"wp:attachment":[{"href":"https:\/\/social-market.pl\/ro\/wp-json\/wp\/v2\/media?parent=6705"}],"wp:term":[{"taxonomy":"product_brand","embeddable":true,"href":"https:\/\/social-market.pl\/ro\/wp-json\/wp\/v2\/product_brand?post=6705"},{"taxonomy":"product_cat","embeddable":true,"href":"https:\/\/social-market.pl\/ro\/wp-json\/wp\/v2\/product_cat?post=6705"},{"taxonomy":"product_tag","embeddable":true,"href":"https:\/\/social-market.pl\/ro\/wp-json\/wp\/v2\/product_tag?post=6705"}],"curies":[{"name":"wp","href":"https:\/\/api.w.org\/{rel}","templated":true}]}}