{"id":6720,"date":"2020-12-06T19:42:37","date_gmt":"2020-12-06T19:42:37","guid":{"rendered":"https:\/\/social-market.pl\/?post_type=product&#038;p=6720"},"modified":"2023-11-30T13:49:36","modified_gmt":"2023-11-30T12:49:36","slug":"wyswietlenia-na-facebooku","status":"publish","type":"product","link":"https:\/\/social-market.pl\/ro\/wyswietlenia-na-facebooku\/","title":{"rendered":"Vizualiz\u0103ri pe Facebook"},"content":{"rendered":"<h2 style=\"text-align: center;\">Dlaczego warto kupi\u0107 wy\u015bwietlenia na Facebooku?<\/h2>\n<p>Kupowanie wy\u015bwietle\u0144 na Facebooku przyniesie Ci wiele korzy\u015bci. Gdy Tw\u00f3j film uzyska wystarczaj\u0105c\u0105 liczb\u0119 wy\u015bwietle\u0144, pojawi si\u0119 u g\u00f3ry w sekcji polecanych film\u00f3w. Dzi\u0119ki temu b\u0119dzie mog\u0142o go ogl\u0105da\u0107 jeszcze wi\u0119cej os\u00f3b.<\/p>\n<p>Kupowanie wy\u015bwietle\u0144 na Facebooku zapewni Ci dobry start, kt\u00f3rego potrzebujesz. Sprawi, \u017ce ludzie b\u0119d\u0105 ch\u0119tniej lajkowa\u0107 i komentowa\u0107 Twoje tre\u015bci marketingowe. Wy\u015bwietlenia na Facebooku pochodz\u0105 z ca\u0142ego \u015bwiata!<\/p>\n<p>&nbsp;<\/p>\n<h2 style=\"text-align: center;\">Jak kupowa\u0107 wy\u015bwietlenia na Facebooku?<\/h2>\n<p>Teraz, gdy znasz ju\u017c szczeg\u00f3\u0142y naszych us\u0142ug i wiesz dlaczego powiniene\u015b z nich skorzysta\u0107, poka\u017cemy Ci jak to zrobi\u0107. Post\u0119puj zgodnie z naszym przewodnikiem krok po kroku, aby pomy\u015blnie zako\u0144czy\u0107 p\u0142atno\u015b\u0107. Oto kroki:<\/p>\n<p>1. Wybierz interesuj\u0105cy Ci\u0119 pakiet.<\/p>\n<p>2. Wklej adres URL w wyznaczonym polu.<\/p>\n<p>3. Zap\u0142a\u0107 online za pomoc\u0105 najbezpieczniejszych dost\u0119pnych metod p\u0142atno\u015bci. Po otrzymaniu Twojej transakcji natychmiast rozpoczniemy realizacj\u0119 zam\u00f3wienia.<\/p>\n<p>&nbsp;<\/p>\n<h2 style=\"text-align: center;\">Dlaczego Social-Market.pl?<\/h2>\n<p>Social-Market.pl to miejsce, w kt\u00f3rym dokonasz w pe\u0142ni bezpiecznego i pewnego zakupu. Ca\u0142y proces zakupu jest dziecinnie prosty, jednak zdajemy sobie spraw\u0119 z nieoczekiwanych problem\u00f3w. Dlatego bez obaw \u2013 jeste\u015bmy do Twojej dyspozycji 24\/7 i zapewniamy pomoc na ka\u017cdym kroku.<\/p>","protected":false},"excerpt":{"rendered":"<p>Dlaczego warto kupi\u0107 wy\u015bwietlenia na Facebooku? Kupowanie wy\u015bwietle\u0144 na Facebooku przyniesie Ci wiele korzy\u015bci. Gdy Tw\u00f3j film uzyska wystarczaj\u0105c\u0105 liczb\u0119 wy\u015bwietle\u0144, pojawi si\u0119 u g\u00f3ry w sekcji polecanych film\u00f3w. Dzi\u0119ki temu b\u0119dzie mog\u0142o go ogl\u0105da\u0107 jeszcze wi\u0119cej os\u00f3b. Kupowanie wy\u015bwietle\u0144 na Facebooku zapewni Ci dobry start, kt\u00f3rego potrzebujesz. Sprawi, \u017ce ludzie b\u0119d\u0105 ch\u0119tniej lajkowa\u0107 i [&hellip;]<\/p>","protected":false},"featured_media":6828,"comment_status":"open","ping_status":"closed","template":"","meta":[],"product_brand":[],"product_cat":[96],"product_tag":[],"class_list":{"0":"post-6720","1":"product","2":"type-product","3":"status-publish","4":"has-post-thumbnail","6":"product_cat-facebook","8":"first","9":"instock","10":"sale","11":"taxable","12":"shipping-taxable","13":"purchasable","14":"product-type-variable"},"_links":{"self":[{"href":"https:\/\/social-market.pl\/ro\/wp-json\/wp\/v2\/product\/6720","targetHints":{"allow":["GET"]}}],"collection":[{"href":"https:\/\/social-market.pl\/ro\/wp-json\/wp\/v2\/product"}],"about":[{"href":"https:\/\/social-market.pl\/ro\/wp-json\/wp\/v2\/types\/product"}],"replies":[{"embeddable":true,"href":"https:\/\/social-market.pl\/ro\/wp-json\/wp\/v2\/comments?post=6720"}],"wp:featuredmedia":[{"embeddable":true,"href":"https:\/\/social-market.pl\/ro\/wp-json\/wp\/v2\/media\/6828"}],"wp:attachment":[{"href":"https:\/\/social-market.pl\/ro\/wp-json\/wp\/v2\/media?parent=6720"}],"wp:term":[{"taxonomy":"product_brand","embeddable":true,"href":"https:\/\/social-market.pl\/ro\/wp-json\/wp\/v2\/product_brand?post=6720"},{"taxonomy":"product_cat","embeddable":true,"href":"https:\/\/social-market.pl\/ro\/wp-json\/wp\/v2\/product_cat?post=6720"},{"taxonomy":"product_tag","embeddable":true,"href":"https:\/\/social-market.pl\/ro\/wp-json\/wp\/v2\/product_tag?post=6720"}],"curies":[{"name":"wp","href":"https:\/\/api.w.org\/{rel}","templated":true}]}}