{"id":6809,"date":"2020-12-09T23:05:54","date_gmt":"2020-12-09T23:05:54","guid":{"rendered":"https:\/\/social-market.pl\/?post_type=product&#038;p=6809"},"modified":"2026-02-23T20:10:42","modified_gmt":"2026-02-23T19:10:42","slug":"lapki-w-gore-na-youtube","status":"publish","type":"product","link":"https:\/\/social-market.pl\/ro\/lapki-w-gore-na-youtube\/","title":{"rendered":"L\u0103bu\u021be sus pe YouTube"},"content":{"rendered":"<h2 style=\"text-align: center\">Dlaczego warto kupi\u0107 \u0142apki w g\u00f3r\u0119 na YouTube?<\/h2>\n<p>Je\u015bli kiedykolwiek korzysta\u0142e\u015b z YouTube z pewno\u015bci\u0105 znasz dwa podstawowe przyciski znajduj\u0105ce si\u0119 pod ka\u017cdym filmem. Chodzi oczywi\u015bcie o &#8222;Lubi\u0119&#8221; i &#8222;Nie podoba mi si\u0119&#8221;. S\u0142u\u017c\u0105 one do pomiaru popularno\u015bci, a tak\u017ce dzia\u0142aj\u0105 na zasadzie informacji zwrotnej. Posiadaj\u0105c du\u017c\u0105 ilo\u015b\u0107 \u0142apek w g\u00f3r\u0119 masz spore szanse pojawi\u0107 si\u0119 w karcie &#8222;Na czasie&#8221; co sprawi, \u017ce kana\u0142 stanie si\u0119 bardziej widoczny. W rezultacie uzyskasz wy\u017csz\u0105 pozycj\u0119 w wynikach wyszukiwania, a tak\u017ce zdob\u0119dziesz wi\u0119kszy ruch na kanale. \u0141apki w g\u00f3r\u0119 na YouTube pochodz\u0105 z ca\u0142ego \u015bwiata!<\/p>\n<h2>Dlaczego warto kupowa\u0107 polubienia na YouTube?<\/h2>\n<p><strong>Kup polubienia na YouTube<\/strong>, aby zab\u0142ysn\u0105\u0107 na tle innych kana\u0142\u00f3w!\u00a0 U\u017cytkownicy mog\u0105 wykorzystywa\u0107 YouTube do umieszczania swoich film\u00f3w, zak\u0142adaj\u0105c kana\u0142y. Wszystko to jest ca\u0142kowicie bezp\u0142atne. Za po\u015brednictwem tych kont u\u017cytkownicy mog\u0105 zdobywa\u0107 subskrybent\u00f3w i wska\u017aniki ogl\u0105dalno\u015bci film\u00f3w. Pod filmami zamieszczonymi w serwisie YouTube zawsze znajduje si\u0119 przycisk &#8222;lubi\u0119 to&#8221; i &#8222;nie lubi\u0119 tego&#8221;.<\/p>\n<p>Przyciski te \u015bledz\u0105 popularno\u015b\u0107 Twojego filmu i s\u0142u\u017c\u0105 jako forma informacji zwrotnej. Zdobywanie polubie\u0144 dla swoich film\u00f3w ma kluczowe znaczenie. Mo\u017cesz kupi\u0107 polubienia YouTube, aby by\u0107 pewnym, \u017ce otrzymasz wi\u0119cej polubie\u0144 ni\u017c niemi\u0142ych komentarzy. Posiadanie du\u017cej liczby polubie\u0144 jest niezb\u0119dne, je\u015bli chcesz zarabia\u0107 pieni\u0105dze w serwisie YouTube. Je\u015bli masz wi\u0119cej polubie\u0144, Tw\u00f3j film b\u0119dzie zajmowa\u0142 wy\u017csz\u0105 pozycj\u0119 w wynikach wyszukiwania YouTube ni\u017c filmy innych u\u017cytkownik\u00f3w. Liczba wy\u015bwietle\u0144 Twojego filmu b\u0119dzie zawsze ros\u0142a, je\u015bli b\u0119dziesz na szczycie wynik\u00f3w wyszukiwania.<\/p>\n<p>Po pewnym czasie liczba wy\u015bwietle\u0144 ustabilizuje si\u0119, a to mo\u017ce prowadzi\u0107 do uzyskania pasywnego dochodu. Zarabiaj\u0105c pieni\u0105dze z YouTube, b\u0119dziesz bardziej sk\u0142onny do tworzenia kolejnych film\u00f3w. Mo\u017cesz tak\u017ce zwi\u0119kszy\u0107 widoczno\u015b\u0107 swojego kana\u0142u, zdobywaj\u0105c wiele polubie\u0144. Je\u015bli dobrze rozegrasz swoje karty, mo\u017cesz pojawi\u0107 si\u0119 w Trendach. Wiele os\u00f3b ogl\u0105daj\u0105cych Twoje wideo bez w\u0105tpienia zwi\u0119kszy jego widoczno\u015b\u0107. W rezultacie uzyskasz wy\u017csz\u0105 pozycj\u0119 w wyszukiwarkach i samodzielnie zdob\u0119dziesz ruch organiczny.<\/p>\n<p>Liczba wy\u015bwietle\u0144 Twoich film\u00f3w b\u0119dzie ros\u0142a jak kula \u015bnie\u017cna, je\u015bli Twoje materia\u0142y b\u0119d\u0105 wysokiej jako\u015bci, co pozwoli Ci znale\u017a\u0107 si\u0119 na li\u015bcie popularnych film\u00f3w. Wielu u\u017cytkownik\u00f3w YouTube przegl\u0105da list\u0119 trend\u00f3w, aby zobaczy\u0107, co nowego pojawi\u0142o si\u0119 w serwisie, wi\u0119c znalezienie si\u0119 na tej li\u015bcie jeszcze bardziej zwi\u0119ksza liczb\u0119 os\u00f3b, kt\u00f3re ogl\u0105daj\u0105 Twoje filmy.<\/p>\n<h2>Co to jest ranking YouTube?<\/h2>\n<p>Algorytm YouTube ma za zadanie pokazywa\u0107 u\u017cytkownikom odpowiednie filmy na podstawie ich preferencji. Tu\u017c za firm\u0105 Google, kt\u00f3ra jest w\u0142a\u015bcicielem YouTube, znajduje si\u0119 druga co do wielko\u015bci wyszukiwarka na \u015bwiecie, z ponad 1 miliardem u\u017cytkownik\u00f3w miesi\u0119cznie.<\/p>\n<p>Zatem ich algorytmy wsp\u00f3\u0142pracuj\u0105 ze sob\u0105 nie tylko po to, aby uzyska\u0107 lepszy ranking ni\u017c tre\u015bci, kt\u00f3re zosta\u0142y wcze\u015bniej zindeksowane. Je\u015bli zoptymalizujesz sw\u00f3j film tak, aby pojawia\u0142 si\u0119 wy\u017cej w SERP-ach Google (strona wynik\u00f3w wyszukiwania), uzyskasz r\u00f3wnie\u017c wy\u017csz\u0105 pozycj\u0119 w SERP-ach YouTube. W rezultacie mamy do czynienia ze scenariuszem &#8222;dwa ptaki, jeden kamie\u0144&#8221;. Przed zaindeksowaniem przez algorytm ka\u017cdy film wideo jest analizowany pod k\u0105tem trafno\u015bci.<\/p>\n<p>Algorytm ustalaj\u0105cy ranking film\u00f3w wideo w serwisie YouTube bierze pod uwag\u0119 wiele zmiennych. Jednym z takich istotnych element\u00f3w s\u0105 polubienia. Im wi\u0119cej film\u00f3w jest polubionych, tym wy\u017cej pojawiaj\u0105 si\u0119 one w wynikach wyszukiwania. W zwi\u0105zku z tym, je\u015bli chcesz, aby Twoje filmy znalaz\u0142y si\u0119 na pierwszych pozycjach w SERP-ach, musisz zdoby\u0107 pod nimi polubienia.<\/p>\n<h2>Jakie s\u0105 zalety kupowania polubie\u0144 w YouTube?<\/h2>\n<p>Otrzymasz tyle polubie\u0144, ile tylko zechcesz, zamiast czeka\u0107, a\u017c si\u0119 pojawi\u0105. Potraktuj to jako inwestycj\u0119, poniewa\u017c otrzymasz wi\u0119cej wy\u015bwietle\u0144, wy\u017csz\u0105 pozycj\u0119 w wynikach wyszukiwania i dodatkowe zarobki z AdSense. Likes mog\u0105 pom\u00f3c Ci uzyska\u0107 najlepsze wyniki z Twoich materia\u0142\u00f3w, dotrze\u0107 do wi\u0119kszej liczby os\u00f3b i zwi\u0119kszy\u0107 przychody w kr\u00f3tkim czasie, niezale\u017cnie od tego, czy prowadzisz firm\u0119, kt\u00f3ra promuje swoje produkty na YouTube, czy jeste\u015b zwyk\u0142ym YouTuberem.<\/p>\n<p>&nbsp;<\/p>\n<h2 style=\"text-align: center\">Jak kupowa\u0107 \u0142apki w g\u00f3r\u0119 na YouTube?<\/h2>\n<p>Teraz, gdy znasz ju\u017c szczeg\u00f3\u0142y naszych us\u0142ug i wiesz dlaczego powiniene\u015b z nich skorzysta\u0107, poka\u017cemy Ci jak to zrobi\u0107. Post\u0119puj zgodnie z naszym przewodnikiem krok po kroku, aby pomy\u015blnie zako\u0144czy\u0107 p\u0142atno\u015b\u0107. Oto kroki:<\/p>\n<p>1. Wybierz interesuj\u0105cy Ci\u0119 pakiet.<\/p>\n<p>2. Wklej adres URL w wyznaczonym polu.<\/p>\n<p>3. Zap\u0142a\u0107 online za pomoc\u0105 najbezpieczniejszych dost\u0119pnych metod p\u0142atno\u015bci. Po otrzymaniu Twojej transakcji natychmiast rozpoczniemy realizacj\u0119 zam\u00f3wienia.<\/p>\n<p>&nbsp;<\/p>\n<h2 style=\"text-align: center\">Dlaczego Social-Market.pl?<\/h2>\n<p>Social-Market.pl to miejsce, w kt\u00f3rym dokonasz w pe\u0142ni bezpiecznego i pewnego zakupu. Ca\u0142y proces zakupu jest dziecinnie prosty, jednak zdajemy sobie spraw\u0119 z nieoczekiwanych problem\u00f3w. Dlatego bez obaw \u2013 jeste\u015bmy do Twojej dyspozycji 24\/7 i zapewniamy pomoc na ka\u017cdym kroku.<\/p>","protected":false},"excerpt":{"rendered":"<p>Dlaczego warto kupi\u0107 \u0142apki w g\u00f3r\u0119 na YouTube? Je\u015bli kiedykolwiek korzysta\u0142e\u015b z YouTube z pewno\u015bci\u0105 znasz dwa podstawowe przyciski znajduj\u0105ce si\u0119 pod ka\u017cdym filmem. Chodzi oczywi\u015bcie o &#8222;Lubi\u0119&#8221; i &#8222;Nie podoba mi si\u0119&#8221;. S\u0142u\u017c\u0105 one do pomiaru popularno\u015bci, a tak\u017ce dzia\u0142aj\u0105 na zasadzie informacji zwrotnej. Posiadaj\u0105c du\u017c\u0105 ilo\u015b\u0107 \u0142apek w g\u00f3r\u0119 masz spore szanse pojawi\u0107 [&hellip;]<\/p>","protected":false},"featured_media":6815,"comment_status":"open","ping_status":"closed","template":"","meta":[],"product_brand":[],"product_cat":[93],"product_tag":[],"class_list":{"0":"post-6809","1":"product","2":"type-product","3":"status-publish","4":"has-post-thumbnail","6":"product_cat-youtube","8":"first","9":"outofstock","10":"sale","11":"taxable","12":"shipping-taxable","13":"purchasable","14":"product-type-variable"},"_links":{"self":[{"href":"https:\/\/social-market.pl\/ro\/wp-json\/wp\/v2\/product\/6809","targetHints":{"allow":["GET"]}}],"collection":[{"href":"https:\/\/social-market.pl\/ro\/wp-json\/wp\/v2\/product"}],"about":[{"href":"https:\/\/social-market.pl\/ro\/wp-json\/wp\/v2\/types\/product"}],"replies":[{"embeddable":true,"href":"https:\/\/social-market.pl\/ro\/wp-json\/wp\/v2\/comments?post=6809"}],"wp:featuredmedia":[{"embeddable":true,"href":"https:\/\/social-market.pl\/ro\/wp-json\/wp\/v2\/media\/6815"}],"wp:attachment":[{"href":"https:\/\/social-market.pl\/ro\/wp-json\/wp\/v2\/media?parent=6809"}],"wp:term":[{"taxonomy":"product_brand","embeddable":true,"href":"https:\/\/social-market.pl\/ro\/wp-json\/wp\/v2\/product_brand?post=6809"},{"taxonomy":"product_cat","embeddable":true,"href":"https:\/\/social-market.pl\/ro\/wp-json\/wp\/v2\/product_cat?post=6809"},{"taxonomy":"product_tag","embeddable":true,"href":"https:\/\/social-market.pl\/ro\/wp-json\/wp\/v2\/product_tag?post=6809"}],"curies":[{"name":"wp","href":"https:\/\/api.w.org\/{rel}","templated":true}]}}